{"id":908,"date":"2020-03-18T14:58:05","date_gmt":"2020-03-18T12:58:05","guid":{"rendered":"http:\/\/cadredidactice.ub.ro\/ionelolaru\/?page_id=908"},"modified":"2020-05-04T13:01:04","modified_gmt":"2020-05-04T11:01:04","slug":"online-school","status":"publish","type":"page","link":"https:\/\/cadredidactice.ub.ro\/ionelolaru\/online-school","title":{"rendered":"Online school!"},"content":{"rendered":"\n<p><strong>Buna ziua!<\/strong><br>In aceasta pagina voi afisa saptamanal ceea ce trebuie facut in cadrul activitatilor didactice sustinute la distanta.<\/p>\n\n\n\n<p>________________________________________________________<\/p>\n\n\n\n<p><strong>Desen tehnic<\/strong> &#8211; saptamana 12 (04.05 &#8211; 08.05.2020)<\/p>\n\n\n\n<p>Vom studia restul <a rel=\"noreferrer noopener\" href=\"https:\/\/www.dropbox.com\/s\/7zjh3gkpovoft6p\/Seminarul_07.pdf?dl=0\" target=\"_blank\">ASAMBLARILOR DEMONTABILE<\/a> si modul de realizare a <a rel=\"noreferrer noopener\" href=\"https:\/\/www.dropbox.com\/s\/2j5kmaje419q3uf\/Seminarul_08.pdf?dl=0\" target=\"_blank\">ASAMBLARILOR NEDEMONTABILE<\/a><strong>.<\/strong><br>In <strong>Microsoft Teams<\/strong>, Desen tehnic, aveti doua filme, cu privire la modul de realizare corecta a desenului de ansamblu si a celui de executie.<\/p>\n\n\n\n<figure class=\"wp-block-image\"><a href=\"https:\/\/cadredidactice.ub.ro\/wp-content\/uploads\/sites\/103\/2020\/05\/ansamblu2.jpg\"><img loading=\"lazy\" decoding=\"async\" width=\"1024\" height=\"468\" src=\"https:\/\/cadredidactice.ub.ro\/wp-content\/uploads\/sites\/103\/2020\/05\/ansamblu2-1024x468.jpg\" alt=\"\" class=\"wp-image-992\" srcset=\"https:\/\/cadredidactice.ub.ro\/ionelolaru\/files\/2020\/05\/ansamblu2-1024x468.jpg 1024w, https:\/\/cadredidactice.ub.ro\/ionelolaru\/files\/2020\/05\/ansamblu2-300x137.jpg 300w, https:\/\/cadredidactice.ub.ro\/ionelolaru\/files\/2020\/05\/ansamblu2-768x351.jpg 768w\" sizes=\"auto, (max-width: 1024px) 100vw, 1024px\" \/><\/a><\/figure>\n\n\n\n<p>Acei studenti care nu au apucat sa-mi trimita temele, sunt rugati sa o faca, pana la data programata a colocviilor. <strong>Multumesc!<\/strong><\/p>\n\n\n<p>________________________________________________________<\/p>\n<p><!--StartFragment--><\/p>\n\n\n<p><strong>Desen tehnic:<\/strong>&nbsp;\u2013 saptamanile <em>21.04 \u2013 30.04.2020<\/em><\/p>\n\n\n\n<p>In aceaste saptamani vom face un DESEN DE ANSAMBLU, pentru aceasta puteti consulta si fisierul <strong><a class=\"aioseop-link\" aria-label=\"ACESTA  (opens in a new tab)\" href=\"https:\/\/www.dropbox.com\/s\/7zjh3gkpovoft6p\/Seminarul_07.pdf?dl=0\" target=\"_blank\" rel=\"noreferrer noopener\">ACESTA<\/a><\/strong>, si anume <strong>ASAMBLARI FILETATE<\/strong>.<br>Pornind de la ceea ce am invatat saptamanile trecute, vom realiza un desen de ansamblu a doua flanse prin intermediul suruburilor si a piulitelor.  Pentru desenul la scara, vom folosi suruburi <strong>M18<\/strong>.<\/p>\n\n\n\n<p>Atasez doua imagini, prima cu vederea si sectiunea tridimensionala a ansamblului si a doua cu desenul la scara a flansei (flanselor folosite). Se vor folosi doua flanse identice si respectiv 6 asamblari cu surub-piulita care se reprezinta conform seminarului <strong><a class=\"aioseop-link\" aria-label=\"ASAMBLARI FILETATE (opens in a new tab)\" href=\"https:\/\/www.dropbox.com\/s\/7zjh3gkpovoft6p\/Seminarul_07.pdf?dl=0\" target=\"_blank\" rel=\"noreferrer noopener\">ASAMBLARI FILETATE<\/a><\/strong>.<\/p>\n\n\n\n<figure class=\"wp-block-image\"><a href=\"https:\/\/cadredidactice.ub.ro\/wp-content\/uploads\/sites\/103\/2020\/04\/ansamblu.jpg\"><img loading=\"lazy\" decoding=\"async\" width=\"1024\" height=\"436\" src=\"https:\/\/cadredidactice.ub.ro\/wp-content\/uploads\/sites\/103\/2020\/04\/ansamblu-1024x436.jpg\" alt=\"\" class=\"wp-image-970\" srcset=\"https:\/\/cadredidactice.ub.ro\/ionelolaru\/files\/2020\/04\/ansamblu-1024x436.jpg 1024w, https:\/\/cadredidactice.ub.ro\/ionelolaru\/files\/2020\/04\/ansamblu-300x128.jpg 300w, https:\/\/cadredidactice.ub.ro\/ionelolaru\/files\/2020\/04\/ansamblu-768x327.jpg 768w, https:\/\/cadredidactice.ub.ro\/ionelolaru\/files\/2020\/04\/ansamblu.jpg 1881w\" sizes=\"auto, (max-width: 1024px) 100vw, 1024px\" \/><\/a><\/figure>\n\n\n\n<p>Dimensiunile flanselor: <strong><a aria-label=\"DESEN FLANSA (se deschide \u00eentr-o fil\u0103 nou\u0103)\" href=\"https:\/\/cadredidactice.ub.ro\/wp-content\/uploads\/sites\/103\/2020\/04\/FLANSA-1.jpg\" target=\"_blank\" rel=\"noreferrer noopener\">DESEN FLANSA<\/a> <\/strong>a se realiza conform acestei figuri: <\/p>\n\n\n\n<div class=\"wp-block-image\"><figure class=\"aligncenter is-resized\"><img loading=\"lazy\" decoding=\"async\" src=\"https:\/\/cadredidactice.ub.ro\/wp-content\/uploads\/sites\/103\/2020\/04\/ASAMBLAT-1024x562.jpg\" alt=\"\" class=\"wp-image-979\" width=\"512\" height=\"281\" srcset=\"https:\/\/cadredidactice.ub.ro\/ionelolaru\/files\/2020\/04\/ASAMBLAT-1024x562.jpg 1024w, https:\/\/cadredidactice.ub.ro\/ionelolaru\/files\/2020\/04\/ASAMBLAT-300x165.jpg 300w, https:\/\/cadredidactice.ub.ro\/ionelolaru\/files\/2020\/04\/ASAMBLAT-768x421.jpg 768w, https:\/\/cadredidactice.ub.ro\/ionelolaru\/files\/2020\/04\/ASAMBLAT.jpg 1365w\" sizes=\"auto, (max-width: 512px) 100vw, 512px\" \/><\/figure><\/div>\n\n\n\n<p>Trebuie sa apara pe plansa <strong>ASAMBLAT <\/strong>plus vederea laterala si cotele de gabarit.<\/p>\n\n\n\n<p>\n\n________________________________________________________\n\n<\/p>\n\n\n\n<p><strong>Desen tehnic:<\/strong> \u2013 saptamanile <em>06.04 \u2013 16.04.2020<\/em><\/p>\n\n\n\n<p>In aceasta saptamana vom face o recapitulare a ceea ce am invatat pana acum,  pentru aceasta puteti consulta si fisierul <strong><a class=\"aioseop-link\" aria-label=\"ACESTA (opens in a new tab)\" href=\"https:\/\/www.dropbox.com\/s\/wyuatlupi3a78oe\/lucrarea1.pdf?dl=0\" target=\"_blank\" rel=\"noreferrer noopener\">ACESTA<\/a><\/strong> sau modul cum se poate realiza <strong><a class=\"aioseop-link\" aria-label=\"REPREZENTAREA \u015eI COTAREA FLAN\u015eELOR (opens in a new tab)\" href=\"https:\/\/www.dropbox.com\/s\/avk2ujtihaoce90\/Reprezentarea_flanselor.pdf?dl=0\" target=\"_blank\" rel=\"noreferrer noopener\">REPREZENTAREA \u015eI COTAREA FLAN\u015eELOR<\/a> <\/strong><\/p>\n\n\n\n<figure class=\"wp-block-image\"><img loading=\"lazy\" decoding=\"async\" width=\"1024\" height=\"823\" src=\"https:\/\/cadredidactice.ub.ro\/wp-content\/uploads\/sites\/103\/2020\/04\/flanse-1024x823.jpg\" alt=\"\" class=\"wp-image-957\" srcset=\"https:\/\/cadredidactice.ub.ro\/ionelolaru\/files\/2020\/04\/flanse-1024x823.jpg 1024w, https:\/\/cadredidactice.ub.ro\/ionelolaru\/files\/2020\/04\/flanse-300x241.jpg 300w, https:\/\/cadredidactice.ub.ro\/ionelolaru\/files\/2020\/04\/flanse-768x617.jpg 768w, https:\/\/cadredidactice.ub.ro\/ionelolaru\/files\/2020\/04\/flanse.jpg 1389w\" sizes=\"auto, (max-width: 1024px) 100vw, 1024px\" \/><\/figure>\n\n\n\n<p>Acestea sunt imaginile tridimensionale ale acestor flanse. <br>Puteti incerca un desen la alegere sa-l realizati in <strong>AUTOCAD<\/strong> (fisierul pdf). Succes!<\/p>\n\n\n\n<p>___________________________________<\/p>\n\n\n\n<div class=\"wp-block-image\"><figure class=\"alignright is-resized\"><a href=\"https:\/\/www.facebook.com\/ionelub\"><img loading=\"lazy\" decoding=\"async\" src=\"https:\/\/cadredidactice.ub.ro\/wp-content\/uploads\/sites\/103\/2020\/03\/Facebook.jpg\" alt=\"\" class=\"wp-image-913\" width=\"182\" height=\"53\" srcset=\"https:\/\/cadredidactice.ub.ro\/ionelolaru\/files\/2020\/03\/Facebook.jpg 726w, https:\/\/cadredidactice.ub.ro\/ionelolaru\/files\/2020\/03\/Facebook-300x87.jpg 300w\" sizes=\"auto, (max-width: 182px) 100vw, 182px\" \/><\/a><\/figure><\/div>\n\n\n\n<p> <strong>Desen tehnic:<\/strong>&nbsp;\u2013 sapt <em>30.03.20 \u2013 03.04.20<\/em> <\/p>\n\n\n\n<p> In aceasta saptamana vom studia la seminar:&nbsp;<strong>Tolerante si Rugozitati<\/strong>  \u2026 de <strong><a aria-label=\"AICI (se deschide \u00eentr-o fil\u0103 nou\u0103)\" href=\"https:\/\/www.dropbox.com\/s\/xm7rvxklmm60piu\/Seminarul_06.pdf?dl=0\" target=\"_blank\" rel=\"noreferrer noopener\">AICI<\/a><\/strong> poate fi vizionat acest seminar (<em>format PDF<\/em>). <\/p>\n\n\n\n<p> Ca exercitiu va propun desenarea <strong>PE HARTIE<\/strong> a umatorului reper:<\/p>\n\n\n<div class=\"wp-block-image\">\n<figure class=\"aligncenter size-large is-resized\"><a href=\"https:\/\/cadredidactice.ub.ro\/wp-content\/uploads\/sites\/103\/2020\/03\/dsn.jpg\" target=\"_blank\" rel=\"noreferrer noopener\"><img loading=\"lazy\" decoding=\"async\" width=\"295\" height=\"426\" class=\"aligncenter wp-image-364\" alt=\"\" src=\"http:\/\/ionelo.ro\/wp-content\/uploads\/2020\/03\/dsn.jpg\"><\/a><\/figure>\n<\/div>\n\n\n<p>Pentru a va ajuta in identificarea si vizualizarea celor doua filete studiate la seminarul anterior, am pus spre vizualizare si imaginile 3D. <br><strong>ATENTIE ZONA FIETATA NU SE REPREZINTA ASA CUM S-AR VEDEA IN MOD NORMAL!<\/strong><\/p>\n\n\n\n<figure class=\"wp-block-image\"><a href=\"https:\/\/cadredidactice.ub.ro\/wp-content\/uploads\/sites\/103\/2020\/03\/fig.jpg\"><img loading=\"lazy\" decoding=\"async\" width=\"1024\" height=\"614\" src=\"https:\/\/cadredidactice.ub.ro\/wp-content\/uploads\/sites\/103\/2020\/03\/fig-1024x614.jpg\" alt=\"\" class=\"wp-image-941\" srcset=\"https:\/\/cadredidactice.ub.ro\/ionelolaru\/files\/2020\/03\/fig-1024x614.jpg 1024w, https:\/\/cadredidactice.ub.ro\/ionelolaru\/files\/2020\/03\/fig-300x180.jpg 300w, https:\/\/cadredidactice.ub.ro\/ionelolaru\/files\/2020\/03\/fig-768x461.jpg 768w, https:\/\/cadredidactice.ub.ro\/ionelolaru\/files\/2020\/03\/fig.jpg 1800w\" sizes=\"auto, (max-width: 1024px) 100vw, 1024px\" \/><\/a><\/figure>\n\n\n\n<p>In final pe foaia dumneavoastra veti avea cele doua vederi, sectiunea si cotele corespunzatoare primei figuri, Succes!<\/p>\n\n\n\n<p>________________________________________________<\/p>\n\n\n\n<p><strong>Desen tehnic:<\/strong>&nbsp;\u2013 sapt <em>23 \u2013 27.03.2020<\/em><\/p>\n\n\n\n<div class=\"wp-block-image\"><figure class=\"alignright is-resized\"><a href=\"https:\/\/www.facebook.com\/ionelub\"><img loading=\"lazy\" decoding=\"async\" src=\"https:\/\/cadredidactice.ub.ro\/wp-content\/uploads\/sites\/103\/2020\/03\/Facebook.jpg\" alt=\"\" class=\"wp-image-913\" width=\"182\" height=\"53\" srcset=\"https:\/\/cadredidactice.ub.ro\/ionelolaru\/files\/2020\/03\/Facebook.jpg 726w, https:\/\/cadredidactice.ub.ro\/ionelolaru\/files\/2020\/03\/Facebook-300x87.jpg 300w\" sizes=\"auto, (max-width: 182px) 100vw, 182px\" \/><\/a><\/figure><\/div>\n\n\n\n<p>In aceasta saptamana vom studia la seminar:&nbsp;<strong>Reprezentarea \u015fi cotarea filetelor<\/strong>  \u2026 de <strong><a href=\"https:\/\/www.dropbox.com\/s\/2mzbzxslkp1a8cj\/Seminarul_05.pdf?dl=0\">AICI<\/a><\/strong> poate fi vizionat acest seminar (<em>format PDF<\/em>).<\/p>\n\n\n\n<p>Ca exercitiu in <strong>Autocad <\/strong>va propun reprezentarea acestor elemente cu geometrie mai complexa:<\/p>\n\n\n\n<figure class=\"wp-block-image\"><img loading=\"lazy\" decoding=\"async\" width=\"787\" height=\"1024\" src=\"https:\/\/cadredidactice.ub.ro\/wp-content\/uploads\/sites\/103\/2020\/03\/pagina-787x1024.jpg\" alt=\"\" class=\"wp-image-929\" srcset=\"https:\/\/cadredidactice.ub.ro\/ionelolaru\/files\/2020\/03\/pagina-787x1024.jpg 787w, https:\/\/cadredidactice.ub.ro\/ionelolaru\/files\/2020\/03\/pagina-230x300.jpg 230w, https:\/\/cadredidactice.ub.ro\/ionelolaru\/files\/2020\/03\/pagina-768x1000.jpg 768w, https:\/\/cadredidactice.ub.ro\/ionelolaru\/files\/2020\/03\/pagina.jpg 1061w\" sizes=\"auto, (max-width: 787px) 100vw, 787px\" \/><\/figure>\n\n\n\n<p>___________________________________<\/p>\n\n\n\n<div class=\"wp-block-image\"><figure class=\"alignright is-resized\"><a href=\"https:\/\/www.facebook.com\/ionelub\"><img loading=\"lazy\" decoding=\"async\" src=\"https:\/\/cadredidactice.ub.ro\/wp-content\/uploads\/sites\/103\/2020\/03\/Facebook.jpg\" alt=\"\" class=\"wp-image-913\" width=\"182\" height=\"53\" srcset=\"https:\/\/cadredidactice.ub.ro\/ionelolaru\/files\/2020\/03\/Facebook.jpg 726w, https:\/\/cadredidactice.ub.ro\/ionelolaru\/files\/2020\/03\/Facebook-300x87.jpg 300w\" sizes=\"auto, (max-width: 182px) 100vw, 182px\" \/><\/a><\/figure><\/div>\n\n\n\n<p><strong>Desen tehnic:<\/strong>&nbsp;\u2013 sapt <em>16 \u2013 20.03.2020<\/em><\/p>\n\n\n\n<p>In aceasta saptamana vom studia la seminar:&nbsp;<strong>Cotarea in desenul tehnic<\/strong>&nbsp;si regulile sale \u2026 de&nbsp;<a href=\"https:\/\/www.dropbox.com\/s\/2htn3142d918ykw\/Seminarul_04.pdf?dl=0\"><strong>AICI<\/strong><\/a> poate fi vizionat acest seminar (<em>format PDF<\/em>).<\/p>\n\n\n\n<div class=\"wp-block-image size-large\"><figure class=\"aligncenter is-resized\"><img loading=\"lazy\" decoding=\"async\" src=\"http:\/\/ionelo.ro\/wp-content\/uploads\/2020\/03\/de_facut1.jpg\" alt=\"\" class=\"wp-image-317\" width=\"440\" height=\"441\" \/><\/figure><\/div>\n\n\n\n<p>Ca exercitiu va propun reprezentarea acestui reper prin proiectiile sale, precum si realizarea acestora la scara in Autocad.<\/p>\n\n\n\n<p>Rezolvarea exercitiului: <a href=\"https:\/\/cadredidactice.ub.ro\/wp-content\/uploads\/sites\/103\/2020\/05\/tema1.jpg\" target=\"_blank\" rel=\"noreferrer noopener\" aria-label=\"AICI (se deschide \u00eentr-o fil\u0103 nou\u0103)\">AICI<\/a><\/p>\n\n\n\n<p>Pentru suport teoretic puteti consulta si sectiunea <strong><a aria-label=\"Cursuri (se deschide \u00eentr-o fil\u0103 nou\u0103)\" href=\"http:\/\/cadredidactice.ub.ro\/ionelolaru\/cursuri\" target=\"_blank\" rel=\"noreferrer noopener\">Cursuri<\/a> <\/strong>ale acestei pagini web.<\/p>\n\n\n\n<p>________________________________________<\/p>\n\n\n\n<p>Studentii din anul IV disciplina <strong>Inginerie Concurentiala<\/strong>, precum si cei de la master MFPI, disciplina: <strong>Organizarea sectoarelor auxiliare pe calculator<\/strong> gasesc tot ceea ce le trebuie in sectiunea <strong><a aria-label=\"Prezentari (se deschide \u00eentr-o fil\u0103 nou\u0103)\" href=\"http:\/\/cadredidactice.ub.ro\/ionelolaru\/prezentari\" target=\"_blank\" rel=\"noreferrer noopener\">Prezentari<\/a> <\/strong>ale acestei pagini (parola este transmisa deja, sau poate fi retransmisa prin messenger).<\/p>\n\n\n\n<p style=\"text-align:center\"><strong>Pentru intrebari folositi chat-ul online al paginii!<\/strong><\/p>\n\n\n\n<p style=\"text-align:center\"><strong>Multumesc!<\/strong><\/p>\n\n\n\n<p><\/p>\n","protected":false},"excerpt":{"rendered":"<p>Buna ziua!In aceasta pagina voi afisa saptamanal ceea ce trebuie facut in cadrul activitatilor didactice sustinute la distanta. ________________________________________________________ Desen tehnic &#8211; saptamana 12 (04.05 &#8211; 08.05.2020) Vom studia restul ASAMBLARILOR DEMONTABILE si modul de realizare a ASAMBLARILOR NEDEMONTABILE.In Microsoft &hellip;<\/p>\n<p class=\"read-more\"><a href=\"https:\/\/cadredidactice.ub.ro\/ionelolaru\/online-school\">Continue reading<\/a><\/p>\n","protected":false},"author":95,"featured_media":0,"parent":0,"menu_order":0,"comment_status":"closed","ping_status":"closed","template":"","meta":{"footnotes":""},"class_list":["post-908","page","type-page","status-publish","hentry"],"_links":{"self":[{"href":"https:\/\/cadredidactice.ub.ro\/ionelolaru\/wp-json\/wp\/v2\/pages\/908","targetHints":{"allow":["GET"]}}],"collection":[{"href":"https:\/\/cadredidactice.ub.ro\/ionelolaru\/wp-json\/wp\/v2\/pages"}],"about":[{"href":"https:\/\/cadredidactice.ub.ro\/ionelolaru\/wp-json\/wp\/v2\/types\/page"}],"author":[{"embeddable":true,"href":"https:\/\/cadredidactice.ub.ro\/ionelolaru\/wp-json\/wp\/v2\/users\/95"}],"replies":[{"embeddable":true,"href":"https:\/\/cadredidactice.ub.ro\/ionelolaru\/wp-json\/wp\/v2\/comments?post=908"}],"version-history":[{"count":44,"href":"https:\/\/cadredidactice.ub.ro\/ionelolaru\/wp-json\/wp\/v2\/pages\/908\/revisions"}],"predecessor-version":[{"id":996,"href":"https:\/\/cadredidactice.ub.ro\/ionelolaru\/wp-json\/wp\/v2\/pages\/908\/revisions\/996"}],"wp:attachment":[{"href":"https:\/\/cadredidactice.ub.ro\/ionelolaru\/wp-json\/wp\/v2\/media?parent=908"}],"curies":[{"name":"wp","href":"https:\/\/api.w.org\/{rel}","templated":true}]}}