{"id":3,"date":"2011-03-03T02:50:01","date_gmt":"2011-03-03T00:50:01","guid":{"rendered":"http:\/\/cadredidactice.ub.ro\/ifrimirina\/?page_id=3"},"modified":"2011-03-04T11:48:44","modified_gmt":"2011-03-04T09:48:44","slug":"info-contact","status":"publish","type":"page","link":"https:\/\/cadredidactice.ub.ro\/ifrimirina\/info-contact\/","title":{"rendered":"Info \/ Contact"},"content":{"rendered":"<p><a href=\"http:\/\/cisapm.inginerie.ub.ro\/images\/stories\/poze_cisapm\/grosu_luminita.jpg\"><img loading=\"lazy\" decoding=\"async\" class=\"alignleft\" src=\"https:\/\/cadredidactice.ub.ro\/wp-content\/uploads\/sites\/105\/2011\/03\/11.jpg\" alt=\"\" width=\"169\" height=\"190\" \/><\/a><strong> <\/strong><\/p>\n<h4 class=\"postContent\">\n<h1>Bine a\u0163i venit,<\/h1>\n<p style=\"padding-left: 180px;text-align: justify\">pe pagina mea personal\u0103.<\/p>\n<p style=\"padding-left: 180px;text-align: justify\">M\u0103 numesc Ifrim Irina-Loredana, sunt conferentiar universitar doctor chimist in cadrul Facultatii de Inginerie si sunt coordonator adjunct\u00a0al Catedrei de Chimie \u015fi Ingineria Siguran\u0163ei Alimentare \u015fi Protec\u0163iei Mediului (CISAPM)\u00a0din Departamentul Iginerie Chimica si Alimentara.<\/p>\n<p style=\"padding-left: 180px;text-align: justify\">\u00a0<\/p>\n<p style=\"padding-left: 30px;text-align: justify\">Pe aceast\u0103 pagina g\u0103si\u0163i: orarul facultati , Cv-ul personal\u2026<\/p>\n<p style=\"padding-left: 30px\">Citat preferat:<\/p>\n<blockquote>\n<p class=\"MsoNormal\" style=\"margin: 0cm 0cm 0pt\"><span style=\"font-size: 18pt;font-family: Mistral\">\u201e Citat\u201d<\/span><span style=\"font-size: 18pt;font-family: Mistral\"> <\/span><\/p>\n<\/blockquote>\n<ul>\n<li>\n<h3>Date despre mine:<\/h3>\n<\/li>\n<\/ul>\n<address>CV &#8211; <a title=\"CV Ifrim Irina-Loredana\" href=\"http:\/\/cisapm.inginerie.ub.ro\/images\/stories\/cvuri_cisapm\/curriculum_vitae_ifrim_irina.pdf\" target=\"_blank\">conf. univ. dr. chim. Ifrim Irina-Loredana<\/a> <\/address>\n<ul>\n<li>\n<h3>Contact:<\/h3>\n<\/li>\n<\/ul>\n<address>Tel: 0234-542411\/119;<br \/>\nFax: 0234-545753; 0234-580170;<br \/>\nE-mail: <a title=\"Email IFRIM IRINA\" href=\"mailto:irinaifrim@ub.ro\" target=\"_blank\">irinaifrim@ub.ro<\/a><br \/>\nWebpage: <a title=\"WEBPAGE Ifrim Irina\" href=\"http:\/\/cadredidactice.ub.ro\/ifrimirina\" target=\"_blank\">http:\/\/cadredidactice.ub.ro\/ifrimirina<\/a><\/address>\n<ul>\n<li>\n<h3>Sala:<\/h3>\n<\/li>\n<\/ul>\n<h3 style=\"padding-left: 60px\">AI 3\u00a0 &#8211;\u00a0marti 14:00 &#8211; 17:00<\/h3>\n<h3 style=\"padding-left: 120px\">vineri 10:00 &#8211; 14:00<\/h3>\n<\/h4>\n","protected":false},"excerpt":{"rendered":"<p>Bine a\u0163i venit, pe pagina mea personal\u0103. M\u0103 numesc Ifrim Irina-Loredana, sunt conferentiar universitar doctor chimist in cadrul Facultatii de Inginerie si sunt coordonator adjunct\u00a0al Catedrei de Chimie \u015fi Ingineria Siguran\u0163ei Alimentare \u015fi Protec\u0163iei Mediului (CISAPM)\u00a0din Departamentul Iginerie Chimica si &hellip;<\/p>\n<p class=\"read-more\"><a href=\"https:\/\/cadredidactice.ub.ro\/ifrimirina\/info-contact\/\">Continue reading<\/a><\/p>\n","protected":false},"author":97,"featured_media":0,"parent":0,"menu_order":0,"comment_status":"open","ping_status":"open","template":"","meta":{"footnotes":""},"class_list":["post-3","page","type-page","status-publish","hentry"],"_links":{"self":[{"href":"https:\/\/cadredidactice.ub.ro\/ifrimirina\/wp-json\/wp\/v2\/pages\/3","targetHints":{"allow":["GET"]}}],"collection":[{"href":"https:\/\/cadredidactice.ub.ro\/ifrimirina\/wp-json\/wp\/v2\/pages"}],"about":[{"href":"https:\/\/cadredidactice.ub.ro\/ifrimirina\/wp-json\/wp\/v2\/types\/page"}],"author":[{"embeddable":true,"href":"https:\/\/cadredidactice.ub.ro\/ifrimirina\/wp-json\/wp\/v2\/users\/97"}],"replies":[{"embeddable":true,"href":"https:\/\/cadredidactice.ub.ro\/ifrimirina\/wp-json\/wp\/v2\/comments?post=3"}],"version-history":[{"count":0,"href":"https:\/\/cadredidactice.ub.ro\/ifrimirina\/wp-json\/wp\/v2\/pages\/3\/revisions"}],"wp:attachment":[{"href":"https:\/\/cadredidactice.ub.ro\/ifrimirina\/wp-json\/wp\/v2\/media?parent=3"}],"curies":[{"name":"wp","href":"https:\/\/api.w.org\/{rel}","templated":true}]}}