{"id":13,"date":"2011-04-12T10:04:44","date_gmt":"2011-04-12T08:04:44","guid":{"rendered":"http:\/\/cadredidactice.ub.ro\/hazigheorghe\/?page_id=13"},"modified":"2016-05-10T10:37:27","modified_gmt":"2016-05-10T08:37:27","slug":"contact","status":"publish","type":"page","link":"https:\/\/cadredidactice.ub.ro\/hazigheorghe\/contact\/","title":{"rendered":"Contact"},"content":{"rendered":"<p><strong>Prof. univ. dr. ing. Gheorghe Hazi<\/strong><\/p>\n<p>Universitatea \u201cVasile Alecsandri\u201d din Bac\u0103u<\/p>\n<p>Facultatea de Inginerie<\/p>\n<p>Departament EMSC<\/p>\n<p>Calea M\u0103r\u0103\u0219e\u0219ti, nr.157, Bac\u0103u, Hala de Energii Neconventionale<\/p>\n<p>tel.0234542411, int.197<\/p>\n<p><strong>E-Mail:<\/strong><\/p>\n<ul>\n<li><a href=\"mailto:gheorghe.hazi@ub.ro\" target=\"_blank\">gheorghe.hazi@ub.ro<\/a><\/li>\n<li><a href=\"mailto:gheorghehazi@yahoo.com\">gheorghehazi@yahoo.com<\/a><\/li>\n<\/ul>\n","protected":false},"excerpt":{"rendered":"<p>Prof. univ. dr. ing. Gheorghe Hazi Universitatea \u201cVasile Alecsandri\u201d din Bac\u0103u Facultatea de Inginerie Departament EMSC Calea M\u0103r\u0103\u0219e\u0219ti, nr.157, Bac\u0103u, Hala de Energii Neconventionale tel.0234542411, int.197 E-Mail: gheorghe.hazi@ub.ro gheorghehazi@yahoo.com<\/p>\n","protected":false},"author":260,"featured_media":0,"parent":0,"menu_order":0,"comment_status":"closed","ping_status":"closed","template":"","meta":{"footnotes":""},"class_list":["post-13","page","type-page","status-publish","hentry"],"_links":{"self":[{"href":"https:\/\/cadredidactice.ub.ro\/hazigheorghe\/wp-json\/wp\/v2\/pages\/13","targetHints":{"allow":["GET"]}}],"collection":[{"href":"https:\/\/cadredidactice.ub.ro\/hazigheorghe\/wp-json\/wp\/v2\/pages"}],"about":[{"href":"https:\/\/cadredidactice.ub.ro\/hazigheorghe\/wp-json\/wp\/v2\/types\/page"}],"author":[{"embeddable":true,"href":"https:\/\/cadredidactice.ub.ro\/hazigheorghe\/wp-json\/wp\/v2\/users\/260"}],"replies":[{"embeddable":true,"href":"https:\/\/cadredidactice.ub.ro\/hazigheorghe\/wp-json\/wp\/v2\/comments?post=13"}],"version-history":[{"count":1,"href":"https:\/\/cadredidactice.ub.ro\/hazigheorghe\/wp-json\/wp\/v2\/pages\/13\/revisions"}],"predecessor-version":[{"id":107,"href":"https:\/\/cadredidactice.ub.ro\/hazigheorghe\/wp-json\/wp\/v2\/pages\/13\/revisions\/107"}],"wp:attachment":[{"href":"https:\/\/cadredidactice.ub.ro\/hazigheorghe\/wp-json\/wp\/v2\/media?parent=13"}],"curies":[{"name":"wp","href":"https:\/\/api.w.org\/{rel}","templated":true}]}}