{"id":9,"date":"2011-03-01T23:11:49","date_gmt":"2011-03-01T21:11:49","guid":{"rendered":"http:\/\/cadredidactice.ub.ro\/grosuluminita\/?page_id=9"},"modified":"2011-03-02T12:27:12","modified_gmt":"2011-03-02T10:27:12","slug":"documente","status":"publish","type":"page","link":"https:\/\/cadredidactice.ub.ro\/grosuluminita\/documente\/","title":{"rendered":"Documente"},"content":{"rendered":"<div class=\"postContent\">\n<ul>\n<li>\n<h3><strong>Cursuri:<\/strong><\/h3>\n<\/li>\n<\/ul>\n<\/div>\n<p style=\"padding-left: 60px\"><strong>&#8211; <\/strong><\/p>\n<p style=\"padding-left: 60px\"><strong>&#8211;<\/strong><\/p>\n<ul>\n<li>\n<h3><strong>Teme Licen\u0163e:<\/strong><\/h3>\n<\/li>\n<\/ul>\n<p style=\"padding-left: 60px\"><strong>&#8211; <\/strong><\/p>\n<p style=\"padding-left: 60px\"><strong>&#8211; <\/strong><\/p>\n<ul>\n<li>\n<h3>\n<p style=\"padding-left: 60px\"><strong><\/strong><\/p>\n<p>Programe analitice + Lucr\u0103rile de laborator<\/h3>\n<\/li>\n<\/ul>\n<p style=\"padding-left: 60px\"><strong>&#8211; <a title=\"programa analitic\u0103\" href=\"https:\/\/cadredidactice.ub.ro\/wp-content\/uploads\/sites\/91\/2011\/03\/programa-analitica-controlul-falsificarilor-prod-alim-si-biotehnologice-ipa-si-ib.pdf\" target=\"_blank\">Controlul falsific\u0103rilor produselor alimentare \u015fi biotehnologice<\/a><\/strong><\/p>\n<p style=\"padding-left: 60px\"><strong>&#8211; <a title=\"programa analitica igiena\" href=\"https:\/\/cadredidactice.ub.ro\/wp-content\/uploads\/sites\/91\/2011\/03\/programa-analitica-igiena-intreprinderii-sem-ii-2010-2011.pdf\" target=\"_blank\">Igiena \u00eentreprinderii din I.A.<\/a><\/strong><\/p>\n<p>\u00a0<\/p>\n<div><strong>\u00a0<\/strong><\/div>\n<p><strong><\/strong><\/p>\n<p>\u00a0<\/p>\n<p><strong><\/strong><\/p>\n","protected":false},"excerpt":{"rendered":"<p>Cursuri: &#8211; &#8211; Teme Licen\u0163e: &#8211; &#8211; Programe analitice + Lucr\u0103rile de laborator &#8211; Controlul falsific\u0103rilor produselor alimentare \u015fi biotehnologice &#8211; Igiena \u00eentreprinderii din I.A. \u00a0 \u00a0 \u00a0<\/p>\n","protected":false},"author":85,"featured_media":0,"parent":0,"menu_order":0,"comment_status":"open","ping_status":"open","template":"","meta":{"footnotes":""},"class_list":["post-9","page","type-page","status-publish","hentry"],"_links":{"self":[{"href":"https:\/\/cadredidactice.ub.ro\/grosuluminita\/wp-json\/wp\/v2\/pages\/9","targetHints":{"allow":["GET"]}}],"collection":[{"href":"https:\/\/cadredidactice.ub.ro\/grosuluminita\/wp-json\/wp\/v2\/pages"}],"about":[{"href":"https:\/\/cadredidactice.ub.ro\/grosuluminita\/wp-json\/wp\/v2\/types\/page"}],"author":[{"embeddable":true,"href":"https:\/\/cadredidactice.ub.ro\/grosuluminita\/wp-json\/wp\/v2\/users\/85"}],"replies":[{"embeddable":true,"href":"https:\/\/cadredidactice.ub.ro\/grosuluminita\/wp-json\/wp\/v2\/comments?post=9"}],"version-history":[{"count":0,"href":"https:\/\/cadredidactice.ub.ro\/grosuluminita\/wp-json\/wp\/v2\/pages\/9\/revisions"}],"wp:attachment":[{"href":"https:\/\/cadredidactice.ub.ro\/grosuluminita\/wp-json\/wp\/v2\/media?parent=9"}],"curies":[{"name":"wp","href":"https:\/\/api.w.org\/{rel}","templated":true}]}}