{"id":12,"date":"2011-03-01T23:12:29","date_gmt":"2011-03-01T21:12:29","guid":{"rendered":"http:\/\/cadredidactice.ub.ro\/grosuluminita\/?page_id=12"},"modified":"2011-03-02T07:30:05","modified_gmt":"2011-03-02T05:30:05","slug":"studenti","status":"publish","type":"page","link":"https:\/\/cadredidactice.ub.ro\/grosuluminita\/studenti\/","title":{"rendered":"Studenti"},"content":{"rendered":"<div class=\"postContent\">\n<ul>\n<li>\n<h3><strong>Orar Facultati de Inginerie<\/strong><\/h3>\n<\/li>\n<\/ul>\n<p style=\"padding-left: 60px\">&#8211; <a title=\"Orar inginerie\" href=\"http:\/\/www.ionelo.go.ro\/downloads\/Orar_electronic_inginerie.pdf\" target=\"_blank\">Orar electronic facult\u0103\u0163i de inginerie universit\u0103\u0163i Vasile Alecsadnri din Bacau &#8211; pdf<\/a><\/p>\n<\/div>\n<p class=\"comments\">\n","protected":false},"excerpt":{"rendered":"<p>Orar Facultati de Inginerie &#8211; Orar electronic facult\u0103\u0163i de inginerie universit\u0103\u0163i Vasile Alecsadnri din Bacau &#8211; pdf<\/p>\n","protected":false},"author":85,"featured_media":0,"parent":0,"menu_order":0,"comment_status":"open","ping_status":"open","template":"","meta":{"footnotes":""},"class_list":["post-12","page","type-page","status-publish","hentry"],"_links":{"self":[{"href":"https:\/\/cadredidactice.ub.ro\/grosuluminita\/wp-json\/wp\/v2\/pages\/12","targetHints":{"allow":["GET"]}}],"collection":[{"href":"https:\/\/cadredidactice.ub.ro\/grosuluminita\/wp-json\/wp\/v2\/pages"}],"about":[{"href":"https:\/\/cadredidactice.ub.ro\/grosuluminita\/wp-json\/wp\/v2\/types\/page"}],"author":[{"embeddable":true,"href":"https:\/\/cadredidactice.ub.ro\/grosuluminita\/wp-json\/wp\/v2\/users\/85"}],"replies":[{"embeddable":true,"href":"https:\/\/cadredidactice.ub.ro\/grosuluminita\/wp-json\/wp\/v2\/comments?post=12"}],"version-history":[{"count":0,"href":"https:\/\/cadredidactice.ub.ro\/grosuluminita\/wp-json\/wp\/v2\/pages\/12\/revisions"}],"wp:attachment":[{"href":"https:\/\/cadredidactice.ub.ro\/grosuluminita\/wp-json\/wp\/v2\/media?parent=12"}],"curies":[{"name":"wp","href":"https:\/\/api.w.org\/{rel}","templated":true}]}}