{"id":40,"date":"2011-03-22T13:48:22","date_gmt":"2011-03-22T11:48:22","guid":{"rendered":"http:\/\/cadredidactice.ub.ro\/grigorascristina\/?page_id=40"},"modified":"2020-04-24T20:58:37","modified_gmt":"2020-04-24T17:58:37","slug":"home","status":"publish","type":"page","link":"https:\/\/cadredidactice.ub.ro\/grigorascristina\/","title":{"rendered":"Home"},"content":{"rendered":"<h1><span style=\"color: #990000;\"><b>Cristina GRIGORA\u0218<\/b><\/span><\/h1>\n<h6>Universitatea \u201cVasile Alecsandri\u201d din Bac\u0103u<\/h6>\n<h6>Facultatea de Inginerie<\/h6>\n<h6>Departamentul de\u00a0Inginerie Chimic\u0103 \u015fi Alimentar\u0103<\/h6>\n<h6><\/h6>\n<h6><\/h6>\n<h1><span style=\"color: #990000;\">CITAT PREFERAT<\/span><\/h1>\n<h6><em>\u201e&#8230;Dac\u0103 tu ai un m\u0103r \u0219i eu am un m\u0103r \u0219i facem schimb atunci \u0219i tu \u0219i eu vom avea \u00een continuare un m\u0103r.\u00a0<\/em><em>Dar dac\u0103 tu ai o idee \u0219i eu am o idee \u0219i le schimb\u0103m \u00eentre ele atunci fiecare dintre noi va avea dou\u0103 idei&#8230;\u201d<\/em><\/h6>\n","protected":false},"excerpt":{"rendered":"<p>Cristina GRIGORA\u0218 Universitatea \u201cVasile Alecsandri\u201d din Bac\u0103u Facultatea de Inginerie Departamentul de\u00a0Inginerie Chimic\u0103 \u015fi Alimentar\u0103 CITAT PREFERAT \u201e&#8230;Dac\u0103 tu ai un m\u0103r \u0219i eu am un m\u0103r \u0219i facem schimb atunci \u0219i tu \u0219i eu vom avea \u00een continuare un &hellip;<\/p>\n<p class=\"read-more\"><a href=\"https:\/\/cadredidactice.ub.ro\/grigorascristina\/\">Continue reading<\/a><\/p>\n","protected":false},"author":135,"featured_media":0,"parent":0,"menu_order":1,"comment_status":"closed","ping_status":"closed","template":"","meta":{"footnotes":""},"class_list":["post-40","page","type-page","status-publish","hentry"],"_links":{"self":[{"href":"https:\/\/cadredidactice.ub.ro\/grigorascristina\/wp-json\/wp\/v2\/pages\/40","targetHints":{"allow":["GET"]}}],"collection":[{"href":"https:\/\/cadredidactice.ub.ro\/grigorascristina\/wp-json\/wp\/v2\/pages"}],"about":[{"href":"https:\/\/cadredidactice.ub.ro\/grigorascristina\/wp-json\/wp\/v2\/types\/page"}],"author":[{"embeddable":true,"href":"https:\/\/cadredidactice.ub.ro\/grigorascristina\/wp-json\/wp\/v2\/users\/135"}],"replies":[{"embeddable":true,"href":"https:\/\/cadredidactice.ub.ro\/grigorascristina\/wp-json\/wp\/v2\/comments?post=40"}],"version-history":[{"count":4,"href":"https:\/\/cadredidactice.ub.ro\/grigorascristina\/wp-json\/wp\/v2\/pages\/40\/revisions"}],"predecessor-version":[{"id":279,"href":"https:\/\/cadredidactice.ub.ro\/grigorascristina\/wp-json\/wp\/v2\/pages\/40\/revisions\/279"}],"wp:attachment":[{"href":"https:\/\/cadredidactice.ub.ro\/grigorascristina\/wp-json\/wp\/v2\/media?parent=40"}],"curies":[{"name":"wp","href":"https:\/\/api.w.org\/{rel}","templated":true}]}}