{"id":227,"date":"2014-08-07T18:55:07","date_gmt":"2014-08-07T15:55:07","guid":{"rendered":"http:\/\/cadredidactice.ub.ro\/grigorascristina\/?page_id=227"},"modified":"2014-08-07T19:16:49","modified_gmt":"2014-08-07T16:16:49","slug":"infocontact","status":"publish","type":"page","link":"https:\/\/cadredidactice.ub.ro\/grigorascristina\/infocontact\/","title":{"rendered":"Info\/Contact"},"content":{"rendered":"<h1><span style=\"color: #990000\">DATE DE CONTACT<\/span><\/h1>\n<h4><strong>Asist. univ. dr. ing. Cristina GRIGORA\u0218<\/strong><\/h4>\n<h6>Universitatea \u201cVasile Alecsandri\u201d din Bac\u0103u<\/h6>\n<h6>Facultatea de Inginerie<\/h6>\n<h6>Departamentul de\u00a0Inginerie Chimic\u0103 \u015fi Alimentar\u0103<\/h6>\n<h6>Corpul A &#8211;\u00a0sala AI 5<\/h6>\n<h6>Calea M\u0103r\u0103\u0219e\u0219ti 157, 600115 Bac\u0103u<\/h6>\n<h6>Telefon: +40-234-542411 int. 148<\/h6>\n<h6>Fax: +40-234-580170<\/h6>\n<h6>Email: cristina.grigoras@ub.ro<\/h6>\n<h2><\/h2>\n<h2><strong><span style=\"color: #990000\">CURRICULUM VITAE<\/span><\/strong><\/h2>\n<h2><\/h2>\n<h2><strong><span style=\"color: #990000\">LIST\u0102 DE LUCR\u0102RI<\/span><\/strong><\/h2>\n","protected":false},"excerpt":{"rendered":"<p>DATE DE CONTACT Asist. univ. dr. ing. Cristina GRIGORA\u0218 Universitatea \u201cVasile Alecsandri\u201d din Bac\u0103u Facultatea de Inginerie Departamentul de\u00a0Inginerie Chimic\u0103 \u015fi Alimentar\u0103 Corpul A &#8211;\u00a0sala AI 5 Calea M\u0103r\u0103\u0219e\u0219ti 157, 600115 Bac\u0103u Telefon: +40-234-542411 int. 148 Fax: +40-234-580170 Email: cristina.grigoras@ub.ro &hellip;<\/p>\n<p class=\"read-more\"><a href=\"https:\/\/cadredidactice.ub.ro\/grigorascristina\/infocontact\/\">Continue reading<\/a><\/p>\n","protected":false},"author":135,"featured_media":0,"parent":0,"menu_order":1,"comment_status":"open","ping_status":"open","template":"showcase.php","meta":{"footnotes":""},"class_list":["post-227","page","type-page","status-publish","hentry"],"_links":{"self":[{"href":"https:\/\/cadredidactice.ub.ro\/grigorascristina\/wp-json\/wp\/v2\/pages\/227","targetHints":{"allow":["GET"]}}],"collection":[{"href":"https:\/\/cadredidactice.ub.ro\/grigorascristina\/wp-json\/wp\/v2\/pages"}],"about":[{"href":"https:\/\/cadredidactice.ub.ro\/grigorascristina\/wp-json\/wp\/v2\/types\/page"}],"author":[{"embeddable":true,"href":"https:\/\/cadredidactice.ub.ro\/grigorascristina\/wp-json\/wp\/v2\/users\/135"}],"replies":[{"embeddable":true,"href":"https:\/\/cadredidactice.ub.ro\/grigorascristina\/wp-json\/wp\/v2\/comments?post=227"}],"version-history":[{"count":0,"href":"https:\/\/cadredidactice.ub.ro\/grigorascristina\/wp-json\/wp\/v2\/pages\/227\/revisions"}],"wp:attachment":[{"href":"https:\/\/cadredidactice.ub.ro\/grigorascristina\/wp-json\/wp\/v2\/media?parent=227"}],"curies":[{"name":"wp","href":"https:\/\/api.w.org\/{rel}","templated":true}]}}