{"id":18,"date":"2015-10-28T13:33:49","date_gmt":"2015-10-28T11:33:49","guid":{"rendered":"http:\/\/cadredidactice.ub.ro\/lupugabriel\/?page_id=18"},"modified":"2015-10-28T13:57:57","modified_gmt":"2015-10-28T11:57:57","slug":"articole-de-referinta","status":"publish","type":"page","link":"https:\/\/cadredidactice.ub.ro\/glupu\/articole-de-referinta\/","title":{"rendered":"Articole de referin\u021b\u0103"},"content":{"rendered":"<p>1. Contributions to improve psychomotor capacity and obtaining the optimal fitness \u201ehome workout, Scientific Report Physical Education And Sport, Pitesti, Volume 18(2\/2014), pag. 360-364,  ISSN:1453-1194<br \/>\nAutori: Lupu Gabriel<br \/>\n2. Study impact of temporal-spatial orientation disturbance on children in elementary school intervention measures, Scientific Report Physical Education And Sport, Pitesti, Volume 18(2\/2014), pag. 364-368,  ISSN:1453-1194<br \/>\nAutori: Lupu Gabriel, Cristu\u0163\u0103 Alina<br \/>\n3. Comparison between psychological skill areas on individual sport athletes and team sport players, Scientific Report Physical Education And Sport, Pitesti, Volume 17(1\/2013) no. 1, pag. 217-221, ISSN:1453-1194<br \/>\nAutori: Ciocan, D.M., Lupu Gabriel<br \/>\n4. The role played by the general physical development exercises in correcting<br \/>\nscoliosis in pupils,<br \/>\nScientific Report Physical Education And Sport, Pitesti, vol 18(1\/2014), pp 202 \u2013 208,  ISSN:1453-1194<br \/>\nAutori: Dobrescu,T., Lupu Gabriel<br \/>\n5. The role of the muscular toner methods in fitness pilates<br \/>\nJournal of Sport and Kinetic Movement, Craiova, vol 21(1\/2013) pp. 189 \u2013 192 ISSN: 2286-3524<br \/>\nAutori: Lupu Gabriel<br \/>\n6. Comparative study on the effectiveness of classic massage reflex in the treatment of varicose vein, Scientific Report Physical Education And Sport, Pitesti, vol 17(1\/2013) pp. 72 &#8211; 78, ISSN:1453-1194<br \/>\nAutori: Lupu Gabriel<br \/>\n7. The sociometric techniques and their implementation in the athletic performance activity<br \/>\nRevista: SPORT \u015eI SOCIETATE, Revista de educa\u0163ie fizic\u0103, sport \u015fi \u015ftiin\u0163e conexe, Ia\u015fi, ISSN 1582-2168; Volum 13; Nr. Special ISSUE; Anul apari\u0163iei 2013, Nr. pagini 6, Pagina \u00eenceput 137, Pagin\u0103 sf\u00e2r\u015fit 144; Ed. Funda\u0163ia ALTIUS ACADEMY &#8211; Facultatea de Educa\u0163ie Fizic\u0103 \u015fi Sport din Universitatea \u201eAlexandru Ioan Cuza\u201d Ia\u015fi &#8211; ROMANIA<br \/>\nBazele de date \u00een care este indexat\u0103 revista: EBSCO SPORTSDiscus, DOAJ, PROQUEST Ulrich&#8217;s, Index Copernicus (2010): 4.07 puncte, Academic Journals Database, Google Scholar, Consiliul Na\u021bional pentru Cercetare \u0218tiin\u021bific\u0103 din Romania (2011): B+, scipio.ro, CiteFactor<br \/>\nAutori: Lupu Gabriel<br \/>\n8. The importance of kinetic profilaxy in harmonious development of the somatosensory parameters to preschoolar<br \/>\nJournal of Sport and Kinetic Movement, Craiova, vol 1-4(21\/2013) pp. 155 \u2013 158 ISSN: 2286-3524<br \/>\nAutori: Cristu\u0163\u0103 Alina, Ra\u0163\u0103 Gloria, Lupu Gabriel<br \/>\n9. Preliminary study on identifying the psychosocial dimensions in invasion games teams, for a continuous improvement<br \/>\nGYMNASIUM, Scientific Journal of Education, Sports and Health, Bac\u0103u, ISSN 1453-0201; Volum XIII,  Nr. 1, An 2012, Nr. pag. 7, Pagina \u00eenceput 316, Pagina sf\u00e2r\u015fit 331.<br \/>\nAutori: Lupu Gabriel, Cristu\u0163\u0103 Alina<br \/>\n10. Study on improving overweight adolescents fitness through specific programs and personal trainer<br \/>\nGYMNASIUM, Scientific Journal of Education, Sports and Health, Bac\u0103u, ISSN 1453-0201; Volum XII,  Nr. 2, An 2011, Nr. pag. 15, Pagina \u00eenceput 132, Pagina sf\u00e2r\u015fit 147.<br \/>\nAutori: Lupu Gabriel<br \/>\n11. Study regarding the opportunity of practicing physico activities and adopting a healty lifestyle by the high school students<br \/>\nGYMNASIUM, Scientific Journal of Education, Sports and Health, Bac\u0103u, ISSN 1453-0201; Volum XII,  Nr. 1, An 2011, Nr. pag. 11, Pagina \u00eenceput 154 Pagina sf\u00e2r\u015fit 165.<br \/>\nAutori: Lupu Gabriel<br \/>\n12. The apprecition of sporting values by high schoolers among the fundamental moral values<br \/>\nScientific Report Physical Education And Sport, Pitesti, vol 15 (1\/2011), pp. 955 &#8211; 958,  ISSN:1453-1194<br \/>\nAutori: Lupu Gabriel, Rata B., Alecsa E.<br \/>\n13. Study on the people\u201ds perception toward the beneficial efects of fitness<br \/>\nGYMNASIUM, Scientific Journal of Education, Sports and Health, Bac\u0103u, ISSN 1453-0201; Volum XII,  Supplement, An 2011, p. 297<br \/>\nAutori: Lupu Gabriel, Zaharia Ana-Maria<br \/>\n14. The role of aquatic activities in the development of psyho-motor skills in infants<br \/>\nThe Ovidius Anals of the University  Constan\u0163a, 2012, Seria EFS, Ed. Ovidius University Press, Vol. XI, ISSUE 2 supplement, revist\u0103 index 4 BDI, ISSN 1224-7359, pp. 519-525<br \/>\nAutori: \u015ealg\u0103u S., Dobrescu T., Lupu G.S.<\/p>\n","protected":false},"excerpt":{"rendered":"<p>1. Contributions to improve psychomotor capacity and obtaining the optimal fitness \u201ehome workout, Scientific Report Physical Education And Sport, Pitesti, Volume 18(2\/2014), pag. 360-364, ISSN:1453-1194 Autori: Lupu Gabriel 2. Study impact of temporal-spatial orientation disturbance on children in elementary school &hellip;<\/p>\n<p class=\"read-more\"><a href=\"https:\/\/cadredidactice.ub.ro\/glupu\/articole-de-referinta\/\">Continue reading<\/a><\/p>\n","protected":false},"author":1,"featured_media":0,"parent":0,"menu_order":0,"comment_status":"closed","ping_status":"closed","template":"","meta":{"footnotes":""},"class_list":["post-18","page","type-page","status-publish","hentry"],"_links":{"self":[{"href":"https:\/\/cadredidactice.ub.ro\/glupu\/wp-json\/wp\/v2\/pages\/18","targetHints":{"allow":["GET"]}}],"collection":[{"href":"https:\/\/cadredidactice.ub.ro\/glupu\/wp-json\/wp\/v2\/pages"}],"about":[{"href":"https:\/\/cadredidactice.ub.ro\/glupu\/wp-json\/wp\/v2\/types\/page"}],"author":[{"embeddable":true,"href":"https:\/\/cadredidactice.ub.ro\/glupu\/wp-json\/wp\/v2\/users\/1"}],"replies":[{"embeddable":true,"href":"https:\/\/cadredidactice.ub.ro\/glupu\/wp-json\/wp\/v2\/comments?post=18"}],"version-history":[{"count":0,"href":"https:\/\/cadredidactice.ub.ro\/glupu\/wp-json\/wp\/v2\/pages\/18\/revisions"}],"wp:attachment":[{"href":"https:\/\/cadredidactice.ub.ro\/glupu\/wp-json\/wp\/v2\/media?parent=18"}],"curies":[{"name":"wp","href":"https:\/\/api.w.org\/{rel}","templated":true}]}}