{"id":3,"date":"2011-03-03T02:09:47","date_gmt":"2011-03-03T00:09:47","guid":{"rendered":"http:\/\/cadredidactice.ub.ro\/gavrilalucian\/?page_id=3"},"modified":"2019-10-03T12:09:14","modified_gmt":"2019-10-03T10:09:14","slug":"info-contact","status":"publish","type":"page","link":"https:\/\/cadredidactice.ub.ro\/gavrilalucian\/info-contact\/","title":{"rendered":"Info \/ Contact"},"content":{"rendered":"<p><!-- [if gte mso 9]&gt; Normal 0 MicrosoftInternetExplorer4 &lt;![endif]--><\/p>\n<p class=\"MsoNormal\" style=\"text-align: left\"><span lang=\"RO\"><a href=\"https:\/\/cadredidactice.ub.ro\/wp-content\/uploads\/sites\/104\/2018\/02\/gavrila-229x300.jpg\"><img loading=\"lazy\" decoding=\"async\" class=\" wp-image-1290 alignleft\" src=\"https:\/\/cadredidactice.ub.ro\/wp-content\/uploads\/sites\/104\/2018\/02\/gavrila-229x300.jpg\" alt=\"\" width=\"200\" height=\"262\" \/><\/a>Numele meu este <strong>Lucian Gavril\u0103 <\/strong>\u015fi sunt profesor \u00een cadrul Departamentului de Inginerie Chimic\u0103 \u015fi Alimentar\u0103 (pe scurt <\/span><span lang=\"RO\">ICA<\/span><span lang=\"RO\">), Facultatea de Inginerie, Universitatea \u201eVasile Alecsandri\u201d din Bac\u0103u. Sunt inginer chimist \u015fi am un doctorat \u00een Chimie. Disciplinele predate \u00een cadrul Departamentului <\/span><span lang=\"RO\">ICA<\/span><span lang=\"RO\"> le pute\u0163i vedea <a href=\"http:\/\/cadredidactice.ub.ro\/gavrilalucian\/documente\/\" target=\"_blank\" rel=\"noopener noreferrer\"><span style=\"color: blue\">aici<\/span><\/a>.<\/span><\/p>\n<p class=\"MsoNormal\" style=\"text-align: justify\"><span lang=\"RO\">Mai multe detalii pute\u0163i afla din CV-urile pe care le pute\u0163i vizualiza <a href=\"http:\/\/cadredidactice.ub.ro\/gavrilalucian\/cv-europass-ro-gavrila-2019-oct\/\" target=\"_blank\" rel=\"noopener noreferrer\">aici<\/a>\u00a0(RO) sau<\/span><span lang=\"RO\">\u00a0aici: <\/span><a href=\"https:\/\/cadredidactice.ub.ro\/wp-content\/uploads\/sites\/104\/2012\/02\/cv-gavrila-eng.pdf\">cv-gavrila-eng<\/a><span lang=\"RO\"> (EN).<\/span><\/p>\n<p class=\"MsoNormal\"><!-- [if gte mso 9]&gt; Normal 0 MicrosoftInternetExplorer4 &lt;![endif]--><\/p>\n<p class=\"MsoNormal\" style=\"text-align: justify\"><span style=\"color: #0000ff\"><span lang=\"RO\">Pe l\u00e2ng\u0103 acest blog \u201eoficial\u201d sau \u201ede serviciu\u201d, mai sunt prezent \u00een spa\u0163iul virtual \u00een urm\u0103toarele locuri:<\/span><\/span><\/p>\n<ul>\n<li><span lang=\"RO\"><strong>Facebook (profil):<\/strong> <a title=\"click aici\" href=\"https:\/\/www.facebook.com\/Lucian.G.Gavrila\" target=\"_blank\" rel=\"noopener noreferrer\">click aici<\/a><br \/>\n<\/span><\/li>\n<li><span lang=\"RO\"><strong>Facebook (pagin\u0103 blog)<\/strong>: <a href=\"https:\/\/www.facebook.com\/pages\/Food-and-Beyond\/615001325181733\" target=\"_blank\" rel=\"noopener noreferrer\">click aici<\/a><br \/>\n<\/span><\/li>\n<li><span lang=\"RO\"><strong>Blog<\/strong>: <a href=\"http:\/\/luciangavrila.ro\/\" target=\"_blank\" rel=\"noopener noreferrer\">Food and Beyond<\/a><br \/>\n<\/span><\/li>\n<li><span lang=\"RO\"><strong>Twitter<\/strong>: <a href=\"https:\/\/twitter.com\/LucianGavrila1\" target=\"_blank\" rel=\"noopener noreferrer\">Lucian Gavril\u0103<\/a><br \/>\n<\/span><\/li>\n<li><strong>Pinterest: <\/strong><a href=\"http:\/\/www.pinterest.com\/foodandbeyond\/\" target=\"_blank\" rel=\"noopener noreferrer\">Food and Beyond<\/a><\/li>\n<li><span lang=\"RO\">Pute\u0163i s\u0103-mi scrie\u0163i pe: <a href=\"mailto:lgavrila@ub.ro\">lgavrila@ub.ro<\/a><\/span><\/li>\n<li><span lang=\"RO\">Pentru discu\u0163ii \u201eface to face\u201d m\u0103 g\u0103si\u0163i \u00een Corpul A, etaj 1, camera AI4.<\/span><span lang=\"RO\"><br \/>\n<\/span><\/li>\n<\/ul>\n","protected":false},"excerpt":{"rendered":"<p>Numele meu este Lucian Gavril\u0103 \u015fi sunt profesor \u00een cadrul Departamentului de Inginerie Chimic\u0103 \u015fi Alimentar\u0103 (pe scurt ICA), Facultatea de Inginerie, Universitatea \u201eVasile Alecsandri\u201d din Bac\u0103u. Sunt inginer chimist \u015fi am un doctorat \u00een Chimie. Disciplinele predate \u00een cadrul Departamentului ICA le pute\u0163i vedea aici. Mai multe detalii pute\u0163i afla din CV-urile pe care &hellip; <a href=\"https:\/\/cadredidactice.ub.ro\/gavrilalucian\/info-contact\/\" class=\"more-link\">Continu\u0103 lectura <span class=\"screen-reader-text\">Info \/ Contact<\/span> <span class=\"meta-nav\">&rarr;<\/span><\/a><\/p>\n","protected":false},"author":1,"featured_media":0,"parent":0,"menu_order":1,"comment_status":"closed","ping_status":"closed","template":"","meta":{"footnotes":""},"class_list":["post-3","page","type-page","status-publish","hentry"],"_links":{"self":[{"href":"https:\/\/cadredidactice.ub.ro\/gavrilalucian\/wp-json\/wp\/v2\/pages\/3","targetHints":{"allow":["GET"]}}],"collection":[{"href":"https:\/\/cadredidactice.ub.ro\/gavrilalucian\/wp-json\/wp\/v2\/pages"}],"about":[{"href":"https:\/\/cadredidactice.ub.ro\/gavrilalucian\/wp-json\/wp\/v2\/types\/page"}],"author":[{"embeddable":true,"href":"https:\/\/cadredidactice.ub.ro\/gavrilalucian\/wp-json\/wp\/v2\/users\/1"}],"replies":[{"embeddable":true,"href":"https:\/\/cadredidactice.ub.ro\/gavrilalucian\/wp-json\/wp\/v2\/comments?post=3"}],"version-history":[{"count":4,"href":"https:\/\/cadredidactice.ub.ro\/gavrilalucian\/wp-json\/wp\/v2\/pages\/3\/revisions"}],"predecessor-version":[{"id":1464,"href":"https:\/\/cadredidactice.ub.ro\/gavrilalucian\/wp-json\/wp\/v2\/pages\/3\/revisions\/1464"}],"wp:attachment":[{"href":"https:\/\/cadredidactice.ub.ro\/gavrilalucian\/wp-json\/wp\/v2\/media?parent=3"}],"curies":[{"name":"wp","href":"https:\/\/api.w.org\/{rel}","templated":true}]}}