{"id":2,"date":"2011-03-08T12:01:59","date_gmt":"2011-03-08T10:01:59","guid":{"rendered":""},"modified":"2017-06-23T13:05:42","modified_gmt":"2017-06-23T11:05:42","slug":"about","status":"publish","type":"page","link":"https:\/\/cadredidactice.ub.ro\/gabrielamuntianu\/about\/","title":{"rendered":"Despre"},"content":{"rendered":"<p>Cateva cuvinte despre mine:<\/p>\n<ul>\n<li>sunt asistent.dr. din februarie 2015<\/li>\n<li>sunt absolventa de specializarea Ingineria Produselor Alimentare din anul 2007<\/li>\n<li>sunt titular de disciplina pe laborator, proiect , seminar si am lucrari practice publicate sau in curs de redactare pe disciplinele: Principiile nutri\u0163iei umane, Principii \u015fi metode de conservare a produselor alimentare, Chimia alimentelor, Chimie, Tehnologii generale \u00een industria alimentar\u0103.<\/li>\n<li>sunt o persoana optimista si deschisa catre noi colaborari<\/li>\n<li>si&#8230;.mai multe puteti gasi in CV-ul meu&#8230;daca va intereseaza<\/li>\n<li><strong>CV: <\/strong><\/li>\n<li><a href=\"https:\/\/cadredidactice.ub.ro\/wp-content\/uploads\/sites\/137\/2011\/03\/CV-Muntianu-Gabriela.pdf\" rel=\"\">Asist. dr. ing. Gabriela MUNTIANU<\/a><\/li>\n<\/ul>\n","protected":false},"excerpt":{"rendered":"<p>Cateva cuvinte despre mine: sunt asistent.dr. din februarie 2015 sunt absolventa de specializarea Ingineria Produselor Alimentare din anul 2007 sunt titular de disciplina pe laborator, proiect , seminar si am lucrari practice publicate sau in curs de redactare pe disciplinele: &hellip;<\/p>\n<p class=\"read-more\"><a href=\"https:\/\/cadredidactice.ub.ro\/gabrielamuntianu\/about\/\">Continue reading<\/a><\/p>\n","protected":false},"author":126,"featured_media":0,"parent":0,"menu_order":0,"comment_status":"closed","ping_status":"closed","template":"","meta":{"footnotes":""},"class_list":["post-2","page","type-page","status-publish","hentry"],"_links":{"self":[{"href":"https:\/\/cadredidactice.ub.ro\/gabrielamuntianu\/wp-json\/wp\/v2\/pages\/2","targetHints":{"allow":["GET"]}}],"collection":[{"href":"https:\/\/cadredidactice.ub.ro\/gabrielamuntianu\/wp-json\/wp\/v2\/pages"}],"about":[{"href":"https:\/\/cadredidactice.ub.ro\/gabrielamuntianu\/wp-json\/wp\/v2\/types\/page"}],"author":[{"embeddable":true,"href":"https:\/\/cadredidactice.ub.ro\/gabrielamuntianu\/wp-json\/wp\/v2\/users\/126"}],"replies":[{"embeddable":true,"href":"https:\/\/cadredidactice.ub.ro\/gabrielamuntianu\/wp-json\/wp\/v2\/comments?post=2"}],"version-history":[{"count":4,"href":"https:\/\/cadredidactice.ub.ro\/gabrielamuntianu\/wp-json\/wp\/v2\/pages\/2\/revisions"}],"predecessor-version":[{"id":44,"href":"https:\/\/cadredidactice.ub.ro\/gabrielamuntianu\/wp-json\/wp\/v2\/pages\/2\/revisions\/44"}],"wp:attachment":[{"href":"https:\/\/cadredidactice.ub.ro\/gabrielamuntianu\/wp-json\/wp\/v2\/media?parent=2"}],"curies":[{"name":"wp","href":"https:\/\/api.w.org\/{rel}","templated":true}]}}