{"id":3,"date":"2011-03-03T11:17:14","date_gmt":"2011-03-03T09:17:14","guid":{"rendered":"http:\/\/cadredidactice.ub.ro\/finaruadrianaluminita\/?page_id=3"},"modified":"2011-03-03T14:37:13","modified_gmt":"2011-03-03T12:37:13","slug":"info-contact","status":"publish","type":"page","link":"https:\/\/cadredidactice.ub.ro\/finaruadrianaluminita\/info-contact\/","title":{"rendered":"Info \/ Contact"},"content":{"rendered":"<h1><a href=\"http:\/\/cisapm.inginerie.ub.ro\/images\/stories\/poze_cisapm\/finaru_adriana_luminita.jpg\"><img loading=\"lazy\" decoding=\"async\" class=\"alignleft\" src=\"https:\/\/cadredidactice.ub.ro\/wp-content\/uploads\/sites\/122\/2011\/03\/img.jpg\" alt=\"\" width=\"156\" height=\"203\" \/><\/a><strong> <\/strong><\/h1>\n<h1><strong>Bine a\u0163i venit,<\/strong><\/h1>\n<p style=\"padding-left: 180px;text-align: justify\"><strong>pe pagina mea personal\u0103.<\/strong><\/p>\n<p style=\"padding-left: 180px;text-align: justify\"><strong>M\u0103 numesc F\u00eenaru Adriana-Lumini\u0163a, sunt profesor universitar doctor chimist in cadrul Facultatii de Inginerie si coordonez Catedra de Chimia \u015fi Ingineria Siguran\u0163ei Alimentare \u015fi Protec\u0163iei Mediului (CISAPM)\u00a0din Departamentul Iginerie Chimica si Alimentara. <\/strong><\/p>\n<p style=\"padding-left: 180px;text-align: justify\"><strong><\/strong><\/p>\n<p style=\"padding-left: 180px;text-align: justify\"><strong>Pe aceast\u0103 pagina g\u0103si\u0163i: orarul pentru licenta si master, Cv-ul personal&#8230;<\/strong><\/p>\n<p style=\"text-align: justify\"><strong>Citat preferat:<\/strong><\/p>\n<blockquote>\n<h3>&#8222;Citat&#8221;<\/h3>\n<\/blockquote>\n<ul>\n<li>\n<h3>Date despre mine:<\/h3>\n<\/li>\n<\/ul>\n<address><strong>CV <\/strong>&#8211; <a title=\"CV F\u00eenaru Adriana-Lumini\u0163a\" href=\"https:\/\/cadredidactice.ub.ro\/wp-content\/uploads\/sites\/122\/2011\/03\/cv-finaru-2010-format-european.pdf\" target=\"_blank\">prof. univ. dr. chim. F<span style=\"color: #000000\">\u00eenaru Adriana-Lumini\u0163a<\/span><\/a><br \/>\n<\/address>\n<ul>\n<li>\n<h3>Contact:<\/h3>\n<\/li>\n<\/ul>\n<address><strong>Tel:<\/strong> <em>0234-542411\/131; <\/em><br \/>\n<strong>Fax:<\/strong> <em>0234-545753; 0234-580170;<br \/>\n<\/em><\/address>\n<address><strong>E-mail: <\/strong><a title=\"E-mail F\u00eenaru Adriana-Lumini\u0163a - \" href=\"mailto:adrianaf@ub.ro\" target=\"_blank\">adrianaf@ub.ro<\/a><br \/>\n<\/address>\n<address><strong>Webpage: <\/strong><a title=\"Webpage F\u00eenaru Adriana-Lumini\u0163a - \" href=\"http:\/\/cadredidactice.ub.ro\/finaruadrianaluminita\" target=\"_blank\">http:\/\/cadredidactice.ub.ro\/finaruadrianaluminita<\/a><br \/>\n<\/address>\n<ul>\n<li>\n<h3>Sala:<\/h3>\n<\/li>\n<\/ul>\n<h3 style=\"padding-left: 60px\">AI 8\u00a0 &#8211;\u00a0\u00a0 joi 10:00 &#8211; 12:00<\/h3>\n<h3 style=\"padding-left: 90px\">vineri 10:00 &#8211; 12:00; 14:00 &#8211; 16:00<\/h3>\n","protected":false},"excerpt":{"rendered":"<p>Bine a\u0163i venit, pe pagina mea personal\u0103. M\u0103 numesc F\u00eenaru Adriana-Lumini\u0163a, sunt profesor universitar doctor chimist in cadrul Facultatii de Inginerie si coordonez Catedra de Chimia \u015fi Ingineria Siguran\u0163ei Alimentare \u015fi Protec\u0163iei Mediului (CISAPM)\u00a0din Departamentul Iginerie Chimica si Alimentara. Pe &hellip;<\/p>\n<p class=\"read-more\"><a href=\"https:\/\/cadredidactice.ub.ro\/finaruadrianaluminita\/info-contact\/\">Continue reading<\/a><\/p>\n","protected":false},"author":112,"featured_media":0,"parent":0,"menu_order":0,"comment_status":"open","ping_status":"open","template":"","meta":{"footnotes":""},"class_list":["post-3","page","type-page","status-publish","hentry"],"_links":{"self":[{"href":"https:\/\/cadredidactice.ub.ro\/finaruadrianaluminita\/wp-json\/wp\/v2\/pages\/3","targetHints":{"allow":["GET"]}}],"collection":[{"href":"https:\/\/cadredidactice.ub.ro\/finaruadrianaluminita\/wp-json\/wp\/v2\/pages"}],"about":[{"href":"https:\/\/cadredidactice.ub.ro\/finaruadrianaluminita\/wp-json\/wp\/v2\/types\/page"}],"author":[{"embeddable":true,"href":"https:\/\/cadredidactice.ub.ro\/finaruadrianaluminita\/wp-json\/wp\/v2\/users\/112"}],"replies":[{"embeddable":true,"href":"https:\/\/cadredidactice.ub.ro\/finaruadrianaluminita\/wp-json\/wp\/v2\/comments?post=3"}],"version-history":[{"count":0,"href":"https:\/\/cadredidactice.ub.ro\/finaruadrianaluminita\/wp-json\/wp\/v2\/pages\/3\/revisions"}],"wp:attachment":[{"href":"https:\/\/cadredidactice.ub.ro\/finaruadrianaluminita\/wp-json\/wp\/v2\/media?parent=3"}],"curies":[{"name":"wp","href":"https:\/\/api.w.org\/{rel}","templated":true}]}}