{"id":6,"date":"2011-03-08T13:45:07","date_gmt":"2011-03-08T11:45:07","guid":{"rendered":"http:\/\/cadredidactice.ub.ro\/eugeniaharja\/?page_id=6"},"modified":"2011-03-09T15:49:42","modified_gmt":"2011-03-09T13:49:42","slug":"teme-de-licenta","status":"publish","type":"page","link":"https:\/\/cadredidactice.ub.ro\/eugeniaharja\/teme-de-licenta\/","title":{"rendered":"teme lucrari licenta"},"content":{"rendered":"<ul>\n<li><a href=\"https:\/\/cadredidactice.ub.ro\/wp-content\/uploads\/sites\/147\/2011\/03\/teme-licenta_profunivdr-harja-eugenia.pdf\">Teme propuse pentru lucr\u0103rile de licen\u0163\u0103 an universitar 2010-2011<\/a><\/li>\n<li><a href=\"https:\/\/cadredidactice.ub.ro\/wp-content\/uploads\/sites\/147\/2011\/03\/teme-disertatie_profunivdr-harja-eugenia.pdf\">Teme propuse pentru lucr\u0103rile de dizerta\u0163ie Master universitar \u201cMarketing \u015fi Comunicare \u00een Afaceri\u201d<\/a><\/li>\n<\/ul>\n","protected":false},"excerpt":{"rendered":"<p>Teme propuse pentru lucr\u0103rile de licen\u0163\u0103 an universitar 2010-2011 Teme propuse pentru lucr\u0103rile de dizerta\u0163ie Master universitar \u201cMarketing \u015fi Comunicare \u00een Afaceri\u201d<\/p>\n","protected":false},"author":136,"featured_media":0,"parent":0,"menu_order":0,"comment_status":"closed","ping_status":"closed","template":"","meta":{"footnotes":""},"class_list":["post-6","page","type-page","status-publish","hentry"],"_links":{"self":[{"href":"https:\/\/cadredidactice.ub.ro\/eugeniaharja\/wp-json\/wp\/v2\/pages\/6","targetHints":{"allow":["GET"]}}],"collection":[{"href":"https:\/\/cadredidactice.ub.ro\/eugeniaharja\/wp-json\/wp\/v2\/pages"}],"about":[{"href":"https:\/\/cadredidactice.ub.ro\/eugeniaharja\/wp-json\/wp\/v2\/types\/page"}],"author":[{"embeddable":true,"href":"https:\/\/cadredidactice.ub.ro\/eugeniaharja\/wp-json\/wp\/v2\/users\/136"}],"replies":[{"embeddable":true,"href":"https:\/\/cadredidactice.ub.ro\/eugeniaharja\/wp-json\/wp\/v2\/comments?post=6"}],"version-history":[{"count":0,"href":"https:\/\/cadredidactice.ub.ro\/eugeniaharja\/wp-json\/wp\/v2\/pages\/6\/revisions"}],"wp:attachment":[{"href":"https:\/\/cadredidactice.ub.ro\/eugeniaharja\/wp-json\/wp\/v2\/media?parent=6"}],"curies":[{"name":"wp","href":"https:\/\/api.w.org\/{rel}","templated":true}]}}