{"id":2,"date":"2011-02-27T17:31:10","date_gmt":"2011-02-27T15:31:10","guid":{"rendered":""},"modified":"2011-02-27T23:48:33","modified_gmt":"2011-02-27T21:48:33","slug":"about","status":"publish","type":"page","link":"https:\/\/cadredidactice.ub.ro\/emilianmosnegutu\/about\/","title":{"rendered":"Despre"},"content":{"rendered":"<p><strong>CV<\/strong><\/p>\n<ul>\n<li><a href=\"https:\/\/cadredidactice.ub.ro\/wp-content\/uploads\/sites\/84\/2011\/02\/cv-mosnegutu.pdf\">S.l. dr. ing. Emilian MO\u015eNEGU\u0162U<\/a><\/li>\n<\/ul>\n<p>Lista lucrari publicate<\/p>\n<ul>\n<li><a href=\"https:\/\/cadredidactice.ub.ro\/wp-content\/uploads\/sites\/84\/2011\/02\/lista-de-lucrari.pdf\">S.l. dr. ing. Emilian MO\u015eNEGU\u0162U<\/a><\/li>\n<\/ul>\n","protected":false},"excerpt":{"rendered":"<p>CV S.l. dr. ing. Emilian MO\u015eNEGU\u0162U Lista lucrari publicate S.l. dr. ing. Emilian MO\u015eNEGU\u0162U<\/p>\n","protected":false},"author":78,"featured_media":0,"parent":0,"menu_order":0,"comment_status":"closed","ping_status":"closed","template":"","meta":{"footnotes":""},"class_list":["post-2","page","type-page","status-publish","hentry"],"_links":{"self":[{"href":"https:\/\/cadredidactice.ub.ro\/emilianmosnegutu\/wp-json\/wp\/v2\/pages\/2","targetHints":{"allow":["GET"]}}],"collection":[{"href":"https:\/\/cadredidactice.ub.ro\/emilianmosnegutu\/wp-json\/wp\/v2\/pages"}],"about":[{"href":"https:\/\/cadredidactice.ub.ro\/emilianmosnegutu\/wp-json\/wp\/v2\/types\/page"}],"author":[{"embeddable":true,"href":"https:\/\/cadredidactice.ub.ro\/emilianmosnegutu\/wp-json\/wp\/v2\/users\/78"}],"replies":[{"embeddable":true,"href":"https:\/\/cadredidactice.ub.ro\/emilianmosnegutu\/wp-json\/wp\/v2\/comments?post=2"}],"version-history":[{"count":0,"href":"https:\/\/cadredidactice.ub.ro\/emilianmosnegutu\/wp-json\/wp\/v2\/pages\/2\/revisions"}],"wp:attachment":[{"href":"https:\/\/cadredidactice.ub.ro\/emilianmosnegutu\/wp-json\/wp\/v2\/media?parent=2"}],"curies":[{"name":"wp","href":"https:\/\/api.w.org\/{rel}","templated":true}]}}