{"id":8,"date":"2011-03-14T21:55:31","date_gmt":"2011-03-14T19:55:31","guid":{"rendered":"http:\/\/cadredidactice.ub.ro\/elenanechita\/?page_id=8"},"modified":"2020-12-04T09:18:31","modified_gmt":"2020-12-04T07:18:31","slug":"teme-de-licenta","status":"publish","type":"page","link":"https:\/\/cadredidactice.ub.ro\/elenanechita\/teme-de-licenta\/","title":{"rendered":"Finalizare studii"},"content":{"rendered":"<h3><strong>Finalizare studii (list\u0103 orientativ\u0103)<\/strong><\/h3>\n<h3><strong>Licen\u0163\u0103<\/strong><\/h3>\n<ol>\n<li>Simularea reparti\u0163iilor discrete uniforme<\/li>\n<li>Generarea \u015fi testarea numerelor aleatoare<\/li>\n<li>Aplica\u0163ie pentru simularea unor procese de transport intermodal<\/li>\n<li>Aplica\u0163ii de simulare utiliz\u00e2nd tehnica respingerii<\/li>\n<li>Aplica\u0163ie de tip supraveghere a ariilor protejate<\/li>\n<li>Aplica\u0163ie educa\u0163ional\u0103 pentru studiul program\u0103rii modulare. O paralel\u0103 cu sistemul LEGO<\/li>\n<li>Aplica\u0163ie pentru vizualizarea activit\u0103\u0163ii unui sistem multiagent<\/li>\n<li>Algoritmi cu inspira\u0163ie din biologie. Aplica\u0163ie<\/li>\n<li>Studiul comportamentului euristicii Nearest Neighbor \u00een cazul unor probleme cu date eronate<\/li>\n<li>Aplica\u0163ii ale grafurilor aleatoare<\/li>\n<li>Euristici pentru jocul de puzzle<\/li>\n<li>Aplica\u0163ie educa\u0163ional\u0103 pentru predarea-\u00eenv\u0103\u0163area conceptelor de atom \u015fi molecul\u0103<\/li>\n<li>Aplica\u0163ie C# pentru simularea poceselor derulate \u00eentr-un sistem de calcul<\/li>\n<li>Aplica\u0163ie educa\u0163ional\u0103 pentru studiul Legii Numerelor Mari<\/li>\n<li>Aplica\u0163ie educa\u0163ional\u0103 pentru studiul func\u0163iei de gradul al doilea<\/li>\n<li>Proiectarea experimentelor \u00een Informatic\u0103. Probleme \u015fi solu\u0163ii. Exemple<\/li>\n<\/ol>\n<p><strong>\u00a0<\/strong><\/p>\n<h3><strong>Master<\/strong><\/h3>\n<ol>\n<li>Aplica\u0163ie de management al riscurilor asociate proiectelor software complexe<\/li>\n<li>Aplica\u0163ii educa\u0163ionale pentru \u00eenv\u0103\u0163area biologiei, pentru dispozitive mobile<\/li>\n<li>Modele stochastice de a\u015fteptare. Aplica\u0163ii educa\u0163ionale<\/li>\n<li>Aplica\u0163ie educa\u0163ional\u0103 pentru studiul func\u0163iei de gradul al doilea<\/li>\n<li>M\u0103suri utilizate \u00een Inteligen\u0163a Artificial\u0103<\/li>\n<li>M\u0103suri pentru evaluarea dificult\u0103\u1e6dii unui careu SUDOKU<\/li>\n<li>Realizarea unei biblioteci pentru opera\u1e6dii cu numere complexe<\/li>\n<li>Aplica\u0163ie de securitate informatic\u0103. Studiu de caz pentru\u2026<\/li>\n<li>Aplica\u0163ie educa\u1e6dional\u0103 pentru studiul metodelor de sortare<\/li>\n<li>Utilizarea GIS \u00een managementul situa\u0163iilor de urgen\u0163\u0103<\/li>\n<li>Tehnologia mashup. Exemple de utilizare<\/li>\n<li>Integrarea OptaPlanner \u00een aplica\u0163ii Java<\/li>\n<li>Aplica\u0163ie pentru utilizarea dronelor \u00een scopul superviz\u0103rii ariilor protejate<\/li>\n<li>Dezvoltarea unei aplica\u0163ii de management pentru &#8230;<\/li>\n<li>Proiectarea experimentelor \u00een Informatic\u0103. Probleme \u015fi solu\u0163ii. Exemple<\/li>\n<\/ol>\n","protected":false},"excerpt":{"rendered":"<p>Finalizare studii (list\u0103 orientativ\u0103) Licen\u0163\u0103 Simularea reparti\u0163iilor discrete uniforme Generarea \u015fi testarea numerelor aleatoare Aplica\u0163ie pentru simularea unor procese de transport intermodal Aplica\u0163ii de simulare utiliz\u00e2nd tehnica respingerii Aplica\u0163ie de tip supraveghere a ariilor protejate Aplica\u0163ie educa\u0163ional\u0103 pentru studiul program\u0103rii modulare. O paralel\u0103 cu sistemul LEGO Aplica\u0163ie pentru vizualizarea activit\u0103\u0163ii unui sistem multiagent Algoritmi cu [&hellip;]<\/p>\n","protected":false},"author":168,"featured_media":0,"parent":0,"menu_order":0,"comment_status":"open","ping_status":"open","template":"","meta":{"footnotes":""},"class_list":["post-8","page","type-page","status-publish","hentry"],"_links":{"self":[{"href":"https:\/\/cadredidactice.ub.ro\/elenanechita\/wp-json\/wp\/v2\/pages\/8","targetHints":{"allow":["GET"]}}],"collection":[{"href":"https:\/\/cadredidactice.ub.ro\/elenanechita\/wp-json\/wp\/v2\/pages"}],"about":[{"href":"https:\/\/cadredidactice.ub.ro\/elenanechita\/wp-json\/wp\/v2\/types\/page"}],"author":[{"embeddable":true,"href":"https:\/\/cadredidactice.ub.ro\/elenanechita\/wp-json\/wp\/v2\/users\/168"}],"replies":[{"embeddable":true,"href":"https:\/\/cadredidactice.ub.ro\/elenanechita\/wp-json\/wp\/v2\/comments?post=8"}],"version-history":[{"count":4,"href":"https:\/\/cadredidactice.ub.ro\/elenanechita\/wp-json\/wp\/v2\/pages\/8\/revisions"}],"predecessor-version":[{"id":37,"href":"https:\/\/cadredidactice.ub.ro\/elenanechita\/wp-json\/wp\/v2\/pages\/8\/revisions\/37"}],"wp:attachment":[{"href":"https:\/\/cadredidactice.ub.ro\/elenanechita\/wp-json\/wp\/v2\/media?parent=8"}],"curies":[{"name":"wp","href":"https:\/\/api.w.org\/{rel}","templated":true}]}}