{"id":11,"date":"2011-02-10T00:29:17","date_gmt":"2011-02-09T22:29:17","guid":{"rendered":"http:\/\/cadredidactice.ub.ro\/drobcatalin\/?page_id=11"},"modified":"2020-03-11T18:04:04","modified_gmt":"2020-03-11T16:04:04","slug":"teme-lucrari-licenta","status":"publish","type":"page","link":"https:\/\/cadredidactice.ub.ro\/drobcatalin\/teme-lucrari-licenta\/","title":{"rendered":"teme lucrari licenta"},"content":{"rendered":"<p>Teme licen\u0163\u0103 \u2013 partea economic\u0103 &#8211; grupa 741<br \/>Conf. univ. ing. dr. ec. Drob Catalin<\/p>\n<p>1. Analiza politicii de distribu\u0163ie la S.C&#8230;&#8230;<br \/>2. Analiza mediului de marketing la S.C&#8230;.<br \/>3. Analiza performan\u0163elor economice ale \u00eentreprinderii pe baza indicatorilor economico-financiari la S.C&#8230;.<br \/>4. Diagnosticul financiar al S.C&#8230;.<br \/>5. Evaluarea rezultatelor \u00eentreprinderii pe baza ratelor financiare la S.C&#8230;..<br \/>6. Analiza activit\u0103\u0163ii \u00eentreprinderii la S.C&#8230;.<br \/>7. Analiza politicii de produs la S.C&#8230;.<\/p>\n\n\n<p><\/p>\n","protected":false},"excerpt":{"rendered":"<p>Teme licen\u0163\u0103 \u2013 partea economic\u0103 &#8211; grupa 741Conf. univ. ing. dr. ec. Drob Catalin 1. Analiza politicii de distribu\u0163ie la S.C&#8230;&#8230;2. Analiza mediului de marketing la S.C&#8230;.3. Analiza performan\u0163elor economice ale \u00eentreprinderii pe baza indicatorilor economico-financiari la S.C&#8230;.4. Diagnosticul financiar &hellip;<\/p>\n<p class=\"read-more\"><a href=\"https:\/\/cadredidactice.ub.ro\/drobcatalin\/teme-lucrari-licenta\/\">Continue reading<\/a><\/p>\n","protected":false},"author":27,"featured_media":0,"parent":0,"menu_order":0,"comment_status":"closed","ping_status":"closed","template":"","meta":{"footnotes":""},"class_list":["post-11","page","type-page","status-publish","hentry"],"_links":{"self":[{"href":"https:\/\/cadredidactice.ub.ro\/drobcatalin\/wp-json\/wp\/v2\/pages\/11","targetHints":{"allow":["GET"]}}],"collection":[{"href":"https:\/\/cadredidactice.ub.ro\/drobcatalin\/wp-json\/wp\/v2\/pages"}],"about":[{"href":"https:\/\/cadredidactice.ub.ro\/drobcatalin\/wp-json\/wp\/v2\/types\/page"}],"author":[{"embeddable":true,"href":"https:\/\/cadredidactice.ub.ro\/drobcatalin\/wp-json\/wp\/v2\/users\/27"}],"replies":[{"embeddable":true,"href":"https:\/\/cadredidactice.ub.ro\/drobcatalin\/wp-json\/wp\/v2\/comments?post=11"}],"version-history":[{"count":1,"href":"https:\/\/cadredidactice.ub.ro\/drobcatalin\/wp-json\/wp\/v2\/pages\/11\/revisions"}],"predecessor-version":[{"id":32,"href":"https:\/\/cadredidactice.ub.ro\/drobcatalin\/wp-json\/wp\/v2\/pages\/11\/revisions\/32"}],"wp:attachment":[{"href":"https:\/\/cadredidactice.ub.ro\/drobcatalin\/wp-json\/wp\/v2\/media?parent=11"}],"curies":[{"name":"wp","href":"https:\/\/api.w.org\/{rel}","templated":true}]}}