{"id":8,"date":"2011-03-22T21:49:37","date_gmt":"2011-03-22T19:49:37","guid":{"rendered":"http:\/\/cadredidactice.ub.ro\/dragosandrioaia\/?page_id=8"},"modified":"2022-05-04T15:52:09","modified_gmt":"2022-05-04T13:52:09","slug":"temelucrari-licenta","status":"publish","type":"page","link":"https:\/\/cadredidactice.ub.ro\/dragosandrioaia\/temelucrari-licenta\/","title":{"rendered":"Teme Proiect de diploma"},"content":{"rendered":"<p style=\"text-align: left\"><strong>2021-2022 &#8211; Tehnologia Informatiei<\/strong><\/p>\n<p style=\"text-align: left\">1.Aplica\u021bie Android pentru promovarea Facult\u0103tii de Inginerie a Universit\u0103\u021bii &#8222;Vasile Alecsandri&#8221; din Bac\u0103u<br \/>\n2. Solu\u0163ie informatic\u0103 pentru gestiunea s\u0103lilor de spectacole<br \/>\n3. Sistem de monitorizare \u015fi avertizare a condi\u021biilor meteo<br \/>\n4. Sistem software de gestiune a comenzilor dintr-un restaurant<br \/>\n5. Dezvoltarea unei aplica\u021bii Android pentru notarea studen\u021bilor<\/p>\n<p style=\"text-align: left\"><strong>2021-2022 -Mecatronic\u0103<\/strong><\/p>\n<p style=\"text-align: left\">1.Proiectarea \u0219i realizarea unui robot paralel de tip HEXA<br \/>\n2.Proiectarea si realizarea unui router CNC<br \/>\n3.Algoritmi de conducere a robo\u021bilor p\u0103\u0219itori<\/p>\n<p style=\"text-align: left\">\n","protected":false},"excerpt":{"rendered":"<p>2021-2022 &#8211; Tehnologia Informatiei 1.Aplica\u021bie Android pentru promovarea Facult\u0103tii de Inginerie a Universit\u0103\u021bii &#8222;Vasile Alecsandri&#8221; din Bac\u0103u 2. Solu\u0163ie informatic\u0103 pentru gestiunea s\u0103lilor de spectacole 3. Sistem de monitorizare \u015fi avertizare a condi\u021biilor meteo 4. Sistem software de gestiune a &hellip;<\/p>\n<p class=\"read-more\"><a href=\"https:\/\/cadredidactice.ub.ro\/dragosandrioaia\/temelucrari-licenta\/\">Continue reading<\/a><\/p>\n","protected":false},"author":211,"featured_media":0,"parent":0,"menu_order":0,"comment_status":"closed","ping_status":"closed","template":"","meta":{"footnotes":""},"class_list":["post-8","page","type-page","status-publish","hentry"],"_links":{"self":[{"href":"https:\/\/cadredidactice.ub.ro\/dragosandrioaia\/wp-json\/wp\/v2\/pages\/8","targetHints":{"allow":["GET"]}}],"collection":[{"href":"https:\/\/cadredidactice.ub.ro\/dragosandrioaia\/wp-json\/wp\/v2\/pages"}],"about":[{"href":"https:\/\/cadredidactice.ub.ro\/dragosandrioaia\/wp-json\/wp\/v2\/types\/page"}],"author":[{"embeddable":true,"href":"https:\/\/cadredidactice.ub.ro\/dragosandrioaia\/wp-json\/wp\/v2\/users\/211"}],"replies":[{"embeddable":true,"href":"https:\/\/cadredidactice.ub.ro\/dragosandrioaia\/wp-json\/wp\/v2\/comments?post=8"}],"version-history":[{"count":7,"href":"https:\/\/cadredidactice.ub.ro\/dragosandrioaia\/wp-json\/wp\/v2\/pages\/8\/revisions"}],"predecessor-version":[{"id":105,"href":"https:\/\/cadredidactice.ub.ro\/dragosandrioaia\/wp-json\/wp\/v2\/pages\/8\/revisions\/105"}],"wp:attachment":[{"href":"https:\/\/cadredidactice.ub.ro\/dragosandrioaia\/wp-json\/wp\/v2\/media?parent=8"}],"curies":[{"name":"wp","href":"https:\/\/api.w.org\/{rel}","templated":true}]}}