{"id":13,"date":"2015-10-24T19:06:06","date_gmt":"2015-10-24T17:06:06","guid":{"rendered":"http:\/\/cadredidactice.ub.ro\/dobrecilucian\/?page_id=13"},"modified":"2015-10-24T19:13:22","modified_gmt":"2015-10-24T17:13:22","slug":"carti-si-cursuri-de-specialitate","status":"publish","type":"page","link":"https:\/\/cadredidactice.ub.ro\/dobrecilucian\/carti-si-cursuri-de-specialitate\/","title":{"rendered":"C\u0103r\u0163i \u015fi cursuri de specialitate"},"content":{"rendered":"<p><strong>C\u0103r\u0163i de specialitate<\/strong><\/p>\n<p><a href=\"https:\/\/cadredidactice.ub.ro\/wp-content\/uploads\/sites\/56\/2015\/10\/dobreci-1-2.jpg\"><img loading=\"lazy\" decoding=\"async\" class=\"alignnone size-medium wp-image-26\" src=\"https:\/\/cadredidactice.ub.ro\/wp-content\/uploads\/sites\/56\/2015\/10\/dobreci-1-2-206x300.jpg\" alt=\"dobreci (1) 2\" width=\"206\" height=\"300\" srcset=\"https:\/\/cadredidactice.ub.ro\/dobrecilucian\/files\/2015\/10\/dobreci-1-2-206x300.jpg 206w, https:\/\/cadredidactice.ub.ro\/dobrecilucian\/files\/2015\/10\/dobreci-1-2-704x1024.jpg 704w, https:\/\/cadredidactice.ub.ro\/dobrecilucian\/files\/2015\/10\/dobreci-1-2.jpg 1651w\" sizes=\"auto, (max-width: 206px) 100vw, 206px\" \/><\/a> <a href=\"https:\/\/cadredidactice.ub.ro\/wp-content\/uploads\/sites\/56\/2015\/10\/dobreci-2.jpg\"><img loading=\"lazy\" decoding=\"async\" class=\"alignnone size-medium wp-image-27\" src=\"https:\/\/cadredidactice.ub.ro\/wp-content\/uploads\/sites\/56\/2015\/10\/dobreci-2-210x300.jpg\" alt=\"dobreci (2)\" width=\"210\" height=\"300\" srcset=\"https:\/\/cadredidactice.ub.ro\/dobrecilucian\/files\/2015\/10\/dobreci-2-210x300.jpg 210w, https:\/\/cadredidactice.ub.ro\/dobrecilucian\/files\/2015\/10\/dobreci-2-718x1024.jpg 718w, https:\/\/cadredidactice.ub.ro\/dobrecilucian\/files\/2015\/10\/dobreci-2.jpg 1679w\" sizes=\"auto, (max-width: 210px) 100vw, 210px\" \/><\/a> <a href=\"https:\/\/cadredidactice.ub.ro\/wp-content\/uploads\/sites\/56\/2015\/10\/dobreci-3.jpg\"><img loading=\"lazy\" decoding=\"async\" class=\"alignnone size-medium wp-image-28\" src=\"https:\/\/cadredidactice.ub.ro\/wp-content\/uploads\/sites\/56\/2015\/10\/dobreci-3-196x300.jpg\" alt=\"dobreci (3)\" width=\"196\" height=\"300\" srcset=\"https:\/\/cadredidactice.ub.ro\/dobrecilucian\/files\/2015\/10\/dobreci-3-196x300.jpg 196w, https:\/\/cadredidactice.ub.ro\/dobrecilucian\/files\/2015\/10\/dobreci-3-669x1024.jpg 669w, https:\/\/cadredidactice.ub.ro\/dobrecilucian\/files\/2015\/10\/dobreci-3.jpg 1591w\" sizes=\"auto, (max-width: 196px) 100vw, 196px\" \/><\/a> <a href=\"https:\/\/cadredidactice.ub.ro\/wp-content\/uploads\/sites\/56\/2015\/10\/dobreci-4.jpg\"><img loading=\"lazy\" decoding=\"async\" class=\"alignnone size-medium wp-image-29\" src=\"https:\/\/cadredidactice.ub.ro\/wp-content\/uploads\/sites\/56\/2015\/10\/dobreci-4-207x300.jpg\" alt=\"dobreci (4)\" width=\"207\" height=\"300\" srcset=\"https:\/\/cadredidactice.ub.ro\/dobrecilucian\/files\/2015\/10\/dobreci-4-207x300.jpg 207w, https:\/\/cadredidactice.ub.ro\/dobrecilucian\/files\/2015\/10\/dobreci-4-706x1024.jpg 706w, https:\/\/cadredidactice.ub.ro\/dobrecilucian\/files\/2015\/10\/dobreci-4.jpg 1638w\" sizes=\"auto, (max-width: 207px) 100vw, 207px\" \/><\/a><\/p>\n<p><strong>Cursuri de specialitate<\/strong><\/p>\n<p><a href=\"https:\/\/cadredidactice.ub.ro\/wp-content\/uploads\/sites\/56\/2015\/10\/dobreci-21.jpg\"><img loading=\"lazy\" decoding=\"async\" class=\"alignnone size-medium wp-image-31\" src=\"https:\/\/cadredidactice.ub.ro\/wp-content\/uploads\/sites\/56\/2015\/10\/dobreci-21-199x300.jpg\" alt=\"dobreci (2)\" width=\"199\" height=\"300\" srcset=\"https:\/\/cadredidactice.ub.ro\/dobrecilucian\/files\/2015\/10\/dobreci-21-199x300.jpg 199w, https:\/\/cadredidactice.ub.ro\/dobrecilucian\/files\/2015\/10\/dobreci-21-680x1024.jpg 680w, https:\/\/cadredidactice.ub.ro\/dobrecilucian\/files\/2015\/10\/dobreci-21.jpg 1639w\" sizes=\"auto, (max-width: 199px) 100vw, 199px\" \/><\/a> <a href=\"https:\/\/cadredidactice.ub.ro\/wp-content\/uploads\/sites\/56\/2015\/10\/dobreci-31.jpg\"><img loading=\"lazy\" decoding=\"async\" class=\"alignnone size-medium wp-image-32\" src=\"https:\/\/cadredidactice.ub.ro\/wp-content\/uploads\/sites\/56\/2015\/10\/dobreci-31-194x300.jpg\" alt=\"dobreci (3)\" width=\"194\" height=\"300\" srcset=\"https:\/\/cadredidactice.ub.ro\/dobrecilucian\/files\/2015\/10\/dobreci-31-194x300.jpg 194w, https:\/\/cadredidactice.ub.ro\/dobrecilucian\/files\/2015\/10\/dobreci-31-663x1024.jpg 663w, https:\/\/cadredidactice.ub.ro\/dobrecilucian\/files\/2015\/10\/dobreci-31.jpg 1600w\" sizes=\"auto, (max-width: 194px) 100vw, 194px\" \/><\/a> <a href=\"https:\/\/cadredidactice.ub.ro\/wp-content\/uploads\/sites\/56\/2015\/10\/marza-doin-3.jpg\"><img loading=\"lazy\" decoding=\"async\" class=\"alignnone size-medium wp-image-33\" src=\"https:\/\/cadredidactice.ub.ro\/wp-content\/uploads\/sites\/56\/2015\/10\/marza-doin-3-189x300.jpg\" alt=\"marza doin (3)\" width=\"189\" height=\"300\" srcset=\"https:\/\/cadredidactice.ub.ro\/dobrecilucian\/files\/2015\/10\/marza-doin-3-189x300.jpg 189w, https:\/\/cadredidactice.ub.ro\/dobrecilucian\/files\/2015\/10\/marza-doin-3-645x1024.jpg 645w, https:\/\/cadredidactice.ub.ro\/dobrecilucian\/files\/2015\/10\/marza-doin-3.jpg 990w\" sizes=\"auto, (max-width: 189px) 100vw, 189px\" \/><\/a>\u00a0<a href=\"https:\/\/cadredidactice.ub.ro\/wp-content\/uploads\/sites\/56\/2015\/10\/dobreci-1.jpg\"><img loading=\"lazy\" decoding=\"async\" class=\"alignnone size-medium wp-image-35\" src=\"https:\/\/cadredidactice.ub.ro\/wp-content\/uploads\/sites\/56\/2015\/10\/dobreci-1-211x300.jpg\" alt=\"dobreci (1)\" width=\"211\" height=\"300\" srcset=\"https:\/\/cadredidactice.ub.ro\/dobrecilucian\/files\/2015\/10\/dobreci-1-211x300.jpg 211w, https:\/\/cadredidactice.ub.ro\/dobrecilucian\/files\/2015\/10\/dobreci-1-721x1024.jpg 721w, https:\/\/cadredidactice.ub.ro\/dobrecilucian\/files\/2015\/10\/dobreci-1.jpg 1655w\" sizes=\"auto, (max-width: 211px) 100vw, 211px\" \/><\/a><\/p>\n","protected":false},"excerpt":{"rendered":"<p>C\u0103r\u0163i de specialitate Cursuri de specialitate \u00a0<\/p>\n","protected":false},"author":49,"featured_media":0,"parent":0,"menu_order":0,"comment_status":"closed","ping_status":"closed","template":"","meta":{"footnotes":""},"class_list":["post-13","page","type-page","status-publish","hentry"],"_links":{"self":[{"href":"https:\/\/cadredidactice.ub.ro\/dobrecilucian\/wp-json\/wp\/v2\/pages\/13","targetHints":{"allow":["GET"]}}],"collection":[{"href":"https:\/\/cadredidactice.ub.ro\/dobrecilucian\/wp-json\/wp\/v2\/pages"}],"about":[{"href":"https:\/\/cadredidactice.ub.ro\/dobrecilucian\/wp-json\/wp\/v2\/types\/page"}],"author":[{"embeddable":true,"href":"https:\/\/cadredidactice.ub.ro\/dobrecilucian\/wp-json\/wp\/v2\/users\/49"}],"replies":[{"embeddable":true,"href":"https:\/\/cadredidactice.ub.ro\/dobrecilucian\/wp-json\/wp\/v2\/comments?post=13"}],"version-history":[{"count":0,"href":"https:\/\/cadredidactice.ub.ro\/dobrecilucian\/wp-json\/wp\/v2\/pages\/13\/revisions"}],"wp:attachment":[{"href":"https:\/\/cadredidactice.ub.ro\/dobrecilucian\/wp-json\/wp\/v2\/media?parent=13"}],"curies":[{"name":"wp","href":"https:\/\/api.w.org\/{rel}","templated":true}]}}