{"id":9,"date":"2011-03-14T11:11:44","date_gmt":"2011-03-14T09:11:44","guid":{"rendered":"http:\/\/cadredidactice.ub.ro\/danucornelia\/?page_id=9"},"modified":"2011-03-14T12:30:02","modified_gmt":"2011-03-14T10:30:02","slug":"teme-lucrari-licenta","status":"publish","type":"page","link":"https:\/\/cadredidactice.ub.ro\/danucornelia\/teme-lucrari-licenta\/","title":{"rendered":"teme lucr\u0103ri licen\u0163\u0103"},"content":{"rendered":"<ul>\n<li><a href=\"https:\/\/cadredidactice.ub.ro\/wp-content\/uploads\/sites\/150\/2011\/03\/temelicentadisertatiedanu.pdf\">teme lucrari licenta\/masterat an universitar 2010-2011<\/a><\/li>\n<\/ul>\n","protected":false},"excerpt":{"rendered":"<p>teme lucrari licenta\/masterat an universitar 2010-2011<\/p>\n","protected":false},"author":139,"featured_media":0,"parent":0,"menu_order":0,"comment_status":"closed","ping_status":"closed","template":"","meta":{"footnotes":""},"class_list":["post-9","page","type-page","status-publish","hentry"],"_links":{"self":[{"href":"https:\/\/cadredidactice.ub.ro\/danucornelia\/wp-json\/wp\/v2\/pages\/9","targetHints":{"allow":["GET"]}}],"collection":[{"href":"https:\/\/cadredidactice.ub.ro\/danucornelia\/wp-json\/wp\/v2\/pages"}],"about":[{"href":"https:\/\/cadredidactice.ub.ro\/danucornelia\/wp-json\/wp\/v2\/types\/page"}],"author":[{"embeddable":true,"href":"https:\/\/cadredidactice.ub.ro\/danucornelia\/wp-json\/wp\/v2\/users\/139"}],"replies":[{"embeddable":true,"href":"https:\/\/cadredidactice.ub.ro\/danucornelia\/wp-json\/wp\/v2\/comments?post=9"}],"version-history":[{"count":0,"href":"https:\/\/cadredidactice.ub.ro\/danucornelia\/wp-json\/wp\/v2\/pages\/9\/revisions"}],"wp:attachment":[{"href":"https:\/\/cadredidactice.ub.ro\/danucornelia\/wp-json\/wp\/v2\/media?parent=9"}],"curies":[{"name":"wp","href":"https:\/\/api.w.org\/{rel}","templated":true}]}}