{"id":9,"date":"2011-03-14T03:02:58","date_gmt":"2011-03-14T01:02:58","guid":{"rendered":"http:\/\/cadredidactice.ub.ro\/danielbotez\/?page_id=9"},"modified":"2011-03-14T03:03:21","modified_gmt":"2011-03-14T01:03:21","slug":"anunturi-studenti","status":"publish","type":"page","link":"https:\/\/cadredidactice.ub.ro\/danielbotez\/anunturi-studenti\/","title":{"rendered":"anun\u0163uri"},"content":{"rendered":"<p>Aici vor fi publicate anun\u0163urile destinate studen\u0163ilor<\/p>\n","protected":false},"excerpt":{"rendered":"<p>Aici vor fi publicate anun\u0163urile destinate studen\u0163ilor<\/p>\n","protected":false},"author":142,"featured_media":0,"parent":0,"menu_order":0,"comment_status":"closed","ping_status":"closed","template":"","meta":{"footnotes":""},"class_list":["post-9","page","type-page","status-publish","hentry"],"_links":{"self":[{"href":"https:\/\/cadredidactice.ub.ro\/danielbotez\/wp-json\/wp\/v2\/pages\/9","targetHints":{"allow":["GET"]}}],"collection":[{"href":"https:\/\/cadredidactice.ub.ro\/danielbotez\/wp-json\/wp\/v2\/pages"}],"about":[{"href":"https:\/\/cadredidactice.ub.ro\/danielbotez\/wp-json\/wp\/v2\/types\/page"}],"author":[{"embeddable":true,"href":"https:\/\/cadredidactice.ub.ro\/danielbotez\/wp-json\/wp\/v2\/users\/142"}],"replies":[{"embeddable":true,"href":"https:\/\/cadredidactice.ub.ro\/danielbotez\/wp-json\/wp\/v2\/comments?post=9"}],"version-history":[{"count":0,"href":"https:\/\/cadredidactice.ub.ro\/danielbotez\/wp-json\/wp\/v2\/pages\/9\/revisions"}],"wp:attachment":[{"href":"https:\/\/cadredidactice.ub.ro\/danielbotez\/wp-json\/wp\/v2\/media?parent=9"}],"curies":[{"name":"wp","href":"https:\/\/api.w.org\/{rel}","templated":true}]}}