{"id":6,"date":"2015-10-24T20:09:27","date_gmt":"2015-10-24T18:09:27","guid":{"rendered":"http:\/\/cadredidactice.ub.ro\/cristutaalina\/?page_id=6"},"modified":"2015-12-03T23:26:17","modified_gmt":"2015-12-03T21:26:17","slug":"contact","status":"publish","type":"page","link":"https:\/\/cadredidactice.ub.ro\/cristutaalina\/contact\/","title":{"rendered":"Contact"},"content":{"rendered":"<p>Departamentul de Kinetoterapie \u015fi Terapie Ocupa\u0163ional\u0103<br \/>\nFacultatea de \u015etiin\u0163e ale Mi\u015fc\u0103rii, Sportului si S\u0103n\u0103t\u0103\u0163ii<br \/>\nUniversitatea \u201eVasile Alecsandri\u201d din Bac\u0103u<br \/>\nEmail: cristuta.alina@ub.ro<br \/>\nAdresa: Calea M\u0103r\u0103\u015fe\u015fti 157, corp D<br \/>\nTel\/fax: 0234 \u2013 517715<\/p>\n","protected":false},"excerpt":{"rendered":"<p>Departamentul de Kinetoterapie \u015fi Terapie Ocupa\u0163ional\u0103 Facultatea de \u015etiin\u0163e ale Mi\u015fc\u0103rii, Sportului si S\u0103n\u0103t\u0103\u0163ii Universitatea \u201eVasile Alecsandri\u201d din Bac\u0103u Email: cristuta.alina@ub.ro Adresa: Calea M\u0103r\u0103\u015fe\u015fti 157, corp D Tel\/fax: 0234 \u2013 517715<\/p>\n","protected":false},"author":56,"featured_media":0,"parent":0,"menu_order":0,"comment_status":"closed","ping_status":"closed","template":"","meta":{"footnotes":""},"class_list":["post-6","page","type-page","status-publish","hentry"],"_links":{"self":[{"href":"https:\/\/cadredidactice.ub.ro\/cristutaalina\/wp-json\/wp\/v2\/pages\/6","targetHints":{"allow":["GET"]}}],"collection":[{"href":"https:\/\/cadredidactice.ub.ro\/cristutaalina\/wp-json\/wp\/v2\/pages"}],"about":[{"href":"https:\/\/cadredidactice.ub.ro\/cristutaalina\/wp-json\/wp\/v2\/types\/page"}],"author":[{"embeddable":true,"href":"https:\/\/cadredidactice.ub.ro\/cristutaalina\/wp-json\/wp\/v2\/users\/56"}],"replies":[{"embeddable":true,"href":"https:\/\/cadredidactice.ub.ro\/cristutaalina\/wp-json\/wp\/v2\/comments?post=6"}],"version-history":[{"count":0,"href":"https:\/\/cadredidactice.ub.ro\/cristutaalina\/wp-json\/wp\/v2\/pages\/6\/revisions"}],"wp:attachment":[{"href":"https:\/\/cadredidactice.ub.ro\/cristutaalina\/wp-json\/wp\/v2\/media?parent=6"}],"curies":[{"name":"wp","href":"https:\/\/api.w.org\/{rel}","templated":true}]}}