{"id":49,"date":"2015-11-10T15:45:05","date_gmt":"2015-11-10T13:45:05","guid":{"rendered":"http:\/\/cadredidactice.ub.ro\/cristutaalina\/?page_id=49"},"modified":"2015-12-03T22:58:05","modified_gmt":"2015-12-03T20:58:05","slug":"contributii-stiintifice","status":"publish","type":"page","link":"https:\/\/cadredidactice.ub.ro\/cristutaalina\/contributii-stiintifice\/","title":{"rendered":"Contribu\u021bii \u0219tiin\u021bifice"},"content":{"rendered":"<p>A\tTeza de doctorat<br \/>\n\tA1\tPosibilit\u0103\u0163i de diagnoz\u0103 \u015fi corectare a componentelor motrice \u015fi psihomotrice la copii din ciclul primar<br \/>\n\tDoctor \u00een \u0218tiin\u0163ele Motricit\u0103\u021bii Umane, Universitatea Na\u021bional\u0103 de Educa\u021bie fizic\u0103 \u0219i Sport &#8211; Bucure\u0219ti, ordin de ministru nr. 3869 din 19.05.2015<\/p>\n<p>B\tC\u0103r\u0163i publicate \u00een edituri na\u0163ionale, recunoscute CNCS, interna\u021bionale \u015fi capitole \u00een c\u0103r\u0163i  (articole \u00een volumele cu ISBN)<br \/>\n\t B1\tSemiologie &#8211; caiet de lucr\u0103ri practice pentru studen\u021bii \u00eenscri\u0219i la \u00eenv\u0103\u021b\u0103m\u00e2nt cu frecven\u021b\u0103 \u0219i frecven\u021b\u0103 redus\u0103\tCristu\u021b\u0103 Alina Mihaela\tISBN  978-606-527-370-2, Anul  2014, pag.110, Editura Alma Mater, Bac\u0103u<br \/>\n         B2\tKinetoterapia \u00een Geriatrie-Gerontologie &#8211; curs pentru studen\u021bii \u00eenscri\u0219i la \u00eenv\u0103\u021b\u0103m\u00e2nt cu frecven\u021b\u0103 \u0219i frecven\u021b\u0103 redus\u0103\tOchian\u0103 Gabriela, Cristu\u021b\u0103 Alina Mihaela\tISBN  978-606-527-324-5, Anul 2013, pag. 103, Editura Alma Mater, Bac\u0103u<br \/>\n         B3\tEduca\u021bie pentru s\u0103n\u0103tate \u0219i prim ajutor &#8211; curs studii de licen\u021b\u0103\tBalint Tatiana, Cristu\u021b\u0103 Alina Mihaela\tISBN 978-606-527-285-9, Anul 2013, pag. 134, Editura Alma Mater, Bac\u0103u<br \/>\n\t B4\tKinetoterapia \u00een geriatrie-gerontologie &#8211; caiet de lucr\u0103ri practice\tCristu\u0163\u0103 Alina-Mihaela\tISBN 978-606-527-057-2, Anul 2009, pag. 143, Editura Alma Mater, Bac\u0103u    <\/p>\n<p>D\tArticole in-extenso publicate \u00een reviste indexate BDI sau \u00een volumele \u201eproceedings\u201d indexate BDI<br \/>\n\t  D1\tObservations regarding the motor age and the chronological age in primary school children\tCristu\u0163\u0103 Alina Mihaela, Ra\u0163\u0103 Gloria\tDiscobolul, Physical Education, Sport and Kinetoteraphy Journal, Vol. XI, No.1 (39), 2015, pag.20-24, ISSN* ISSN (online) 2286 \u2013 3702; ISSN\u2013L 1454 \u2013 3907, Bucure\u0219ti<br \/>\n\t  D2\tStudy regarding spatial orientation in primary school children\tCristu\u0163\u0103 Alina Mihaela, Ra\u0163\u0103 Gloria\tDiscobolul, Physical Education, Sport and Kinetoteraphy Journal, Vol. XI, No.1 (39), 2015, pag.52-57, ISSN* ISSN (online) 2286 \u2013 3702; ISSN\u2013L 1454 \u2013 3907, Bucure\u0219ti<br \/>\n\t  D3\tStudy regarding the manifestation of psycho-motor skills in primary school children\tCristu\u0163\u0103 Alina Mihaela, Ra\u0163\u0103 Gloria\tGymnasium Scientific Journal of Education, Sports and Health, ISSN 2344-5645, ISSN-L 1453-0201, Volum XV, Nr. 2, An 2014, pag. 46-56, Bac\u0103u<br \/>\n\t  D4\tStudy on orientation disturbance correction on  children in primary education\tCristu\u0163\u0103 Alina Mihaela, Ra\u0163\u0103 Gloria\tProceedings &#8211; The 5th International Scientific Conference \u2033Achievements and prospects in the field of physical education and sports with in the interdisciplinary european education system\u2033, No.4\/2014, ISSN 2069 2269, pag. 137-138, Editura Alma Mater, November 21-22, 2014, Bac\u0103u<br \/>\n\t  D5\tThe role played by the secondary prophylactic physiotherapy in developing the motor skills in primary school over weight children\tCristu\u0163\u0103 Alina Mihaela, Ra\u0163\u0103 Gloria\tGymnasium Scientific Journal of Education, Sports and Health, ISSN 2344-5645, ISSN-L 1453-0201, Volum XV, Nr. 1, An 2014, pag. 82-95Bac\u0103u<br \/>\n          D6\tStudy impact of temporal-spatial orientation disturbance on children in elementary school intervention measures\tCristu\u021b\u0103 Alina Mihaela, Lupu Gabriel\tScientific report physical education and sport, Proceedings, ISSN 1453-1194, Vol. 18 (2\/2014), pag. 364-367, Pite\u0219ti<br \/>\n\t  D7\tProphylactic kinesitherapy role in adaptation to effort of the body of children with obesity\tCristu\u0163\u0103 Alina-Mihaela, Ra\u0163\u0103 Gloria\tSport and Society, Interdisciplinary Journal of Physical Education and Sports, ISSN 1582-2168, 2013, Volum 13,  Nr. 2, pag. 122-128, Ia\u0219i<br \/>\n          D8\tThe effects of therapeutic physical exercise on child obesity\tCristu\u021b\u0103 Alina Mihaela\tISSN 2069-1610, 2013, Ia\u0219i<br \/>\n\t  D9\tThe importance of kinetic profilaxy in harmonious development of the somatosensory parameters to preschoolar\tCristu\u021b\u0103 Alina Mihaela, Ra\u021b\u0103 Gloria, Lupu Gabriel\tJournal of Sport and Kinetic Mouvement, Volum I, Nr. 21, An 2013, ISSN 2286 \u2013 3524; ISSN-L 2286 \u2013 3524, pag. 155-158, University of Craiova<br \/>\n\t  D10\tObservational study regarding the application of the hettinger system in subjects between 18 and 30 years old\tCristu\u0163\u0103 Alina-Mihaela\tGYMNASIUM, Scientific Journal of Education, Sports and Health, Bac\u0103u, ISSN 1453-0201, Volum 13, Nr.2, An 2012, pag. 286-294<br \/>\n\t  D11\tPreliminary study on identifying the psychosocial dimensions in invasion games teams, for a continuous improvement\tLupu Gabriel, Cristu\u021b\u0103 Alina Mihaela\tJournal of Physical Education and Sports, ISSN 1453-0201, No. 1, Vol. XIII, 2012, Bac\u0103u, pag. 316-323<br \/>\n\t  D12\tEvaluation of the occupational performance using the moho model &#8211; case study\tCristu\u0163\u0103 Mihaela Alina, Anghel Mihaela\tGymnasium Journal of Physical Education and Sport, Supplement, Bac\u0103u 2011, vol. XII, pag. 103-110<br \/>\n          D13\tAnalyze of occupational performance trough PEOM, theoretic model from Occupational therapy-study of case\tAnghel Mihaela, Cristu\u0163\u0103 Mihaela Alina\tGymnasium Journal of Physical Education and Sport, Supplement, Bac\u0103u 2011, vol.XII, pag. 21-30<br \/>\n\t D14\tPhysical theraphy efficiency in bodily posture disorders for the obese child\tRa\u0163\u0103 Marinela, Cristu\u0163\u0103 Mihaela Alina\tSport Medicine Journal, Journal of Romanian  Sports Medicine Society, ISSN 1841-0162, Craiova, 2011, pag. 810-812<br \/>\n         D15\tThe role of the dynamic games in improving the inter-segmental movements in 10 to 14 years old children\tCristu\u0163\u0103 Mihaela Alina, Badanev Victor\tSport Medicine Journal, Journal of Romanian  Sports Medicine Society, Craiova 2011, ISSN 1841-0162., nr. 4, pag. 758-760<br \/>\n\t D16\tResearch regarding the assessment of a body&#8217;s normal size by using the body mass index\tBalint Tatiana, Dobrescu Tatiana, Ra\u0163\u0103 Marinela, Cristu\u0163\u0103 Mihaela Alina\tJournal of Physical Education and Sports, noiembrie 2010, Bac\u0103u, Editura Alma Mater, ISSN 1453-0201, pag. 13-19<br \/>\n\t D17\tStudy regarding the public perception on the implications of obesity, in a group pertaining to the urban population\tDobrescu Tatiana, Balint Tatiana, Ra\u0163\u0103 Marinela, Cristu\u0163\u0103 Mihaela Alina\tScientific report series physical education and sport, Pite\u015fti 2010, ISSN 1453-1194, pag. 253-259<br \/>\n\t  D18\tThe role of secondary prophylactic physiotherapy in maintaining improving cardiovascular function in elderly persons\tCristu\u0163\u0103 Mihaela Alina, Zahiu (Frunz\u0103) Nicoleta\tSCIENTIFIC REPORT SERIES PHYSICAL EDUCATION AND SPORT, Volum I Nr.15, An 2011, Pite\u0219ti, pag. 459-462, ISSN 1453-1194<\/p>\n<p>E\tArticole \u00een-extenso publicate \u00een revistele sau volumele unor conferin\u0163e interna\u0163ionale (neindexate ISI sau BDI)<br \/>\n\t   E1\tComparative study on sex based on proportionality relationship between anthropometric measurements from height and frontal plane\tCristu\u0163\u0103 Alina Mihaela, Lupu Gabriel\tProceedings &#8211; The 5th International Scientific Conference \u2033Achievements and prospects in the field of physical education and sports with in the interdisciplinary european education system\u2033, No.4\/2014, ISSN 2069 2269, pag. 138-139, Editura Alma Mater, November 21-22, 2014, Bac\u0103u<br \/>\n\t   E2\tThe role of the muscular toner methods in fitness pilates\tLupu Gabriel, Cristu\u021b\u0103 Alina Mihaela\tJournal of  Sport and Kinetic Mouvement, Volum I,  Nr. 21,  An 2013, ISSN*2286 \u2013 3524; ISSN-L 2286 \u2013 3524, University of Craiova, pag. 189-192<br \/>\n\tE3\tThe role of prophylactic physical therapy in respiratory disorders caused by obesity in children\tCristu\u0163\u0103 Mihaela-Alina, Ra\u0163\u0103 Gloria\tThe 4th International Scientific Conference \u2033Achievements and prospects in the field of physical education and sports with in the interdisciplinary european education system\u2033November 9-10, 2012, Bacau, Romania, ISSN 2069 2269, pag. 45<br \/>\n\tE4\tPreliminary study on identifying the psychosocial dimensions in invasion games teams, for a continuous improvement\tLupu Gabriel, Cristu\u0163\u0103 Alina Mihaela\tGYMNASIUM \u2013 Scientific Journal of Education Sport and Health, Bac\u0103u, ISSN 1453-0201, Volum XIII Nr. 1 pag. 316 \u2013 331<br \/>\n\tE5\tNeuromuscular and proprioceptive facilitation techniques used in the recovery of the patients with ankylosing spondylitis\tCristu\u0163\u0103 Mihaela Alina, Ochian\u0103 Gabriela\t&#8222;Innovation and creation in the field of physical activity, sources of human performance&#8221;, Gala\u0163i 29 \u2013 30 May 2009, ISBN  978-973-1724-95-9<br \/>\n\tE6\tThe effectiveness of the anti-inflamatory unguent usage in the chronic rheumatism patients massage\tCristu\u0163\u0103 Mihaela Alina\t&#8222;Sport Medicine Journal, Journal of Romanian Sports Medicine Society, Physical exercises a complex and modern way to promote healthy living&#8221;, University of Craiova, Faculty of Physical Education and Sport, Research Centre for Studies Human Motricity, Romanian Sports Medicine Society, ISSN 1841-0162, 22 \u2013 25 October 2009, Craiova<br \/>\n        E7\tPhysical therapy efficiency in bodily posture disorders for the obese child\tRa\u0163\u0103 Marinela, Cristu\u0163\u0103 Mihaela Alina\tSport Medicine Journal, Journal of Romanian  Sports Medicine Society, Craiova 2011, ISSN 1841-0162, nr. 4, pag. 810-812<br \/>\n\tE8\tOptimizarea recuper\u0103rii \u00een spondilita anchilopoetic\u0103 stadiul I folosind mijloace specifice kinetoterapiei\tOchian\u0103 Gabriela, Cristu\u0163\u0103 Mihaela Alina\tGymnasium, &#8222;Strategii calitative pentru perfec\u021bionarea sistemului educa\u021bional universitar \u00een viziunea european\u0103&#8221;, ISSN 1453-02012008, nr. 14, Anul VIII, pag 201-207, 28-29 noiembrie Bac\u0103u<br \/>\n\tE9\tStudiu privind interven\u0163ia kinetoterapeutic\u0103 \u00een combaterea osteoporozei\tCristu\u0163\u0103 Mihaela Alina, Ochian\u0103 Gabriela\t&#8222;New educational evolutions for sports, management, health therapy and free time in europen context&#8221;, Conferin\u0163\u0103 Interna\u0163ional\u0103, Bra\u015fov, 2009, ISNN  2065-6483<\/p>\n<p>G\tAlte lucr\u0103ri \u015fi contribu\u0163ii \u015ftiin\u0163ifice<br \/>\n\tG1\tContribu\u0163ii la elaborarea \u015fi aplicarea jocurilor dinamice specifice \u00een \u00een educarea orient\u0103rii temporo-spa\u0163iale la pre\u015fcolari\tCristu\u0163\u0103 Mihaela Alina, Popa Cristina\tSesiunea na\u0163ional\u0103 competi\u0163ional\u0103 de comunic\u0103ri \u015ftiin\u0163ifice studen\u0163e\u015fti \u2013 edi\u0163ia a XI-a, \u2033Cercet\u0103ri interdisciplinare \u00een formarea viitorilor speciali\u015fti \u00een domeniul Educa\u0163ie fizic\u0103 \u015fi Sport\u2033, 17 Mai 2012, Bac\u0103u<br \/>\n        G2\tEducarea reflexului de atitudine corect\u0103 a corpului prin deprinderi utilitar &#8211; aplicative la \u015fcolari\tCristu\u0163\u0103 Mihaela Alina, Solomon Alina-Maria\tSesiunea na\u0163ional\u0103 competi\u0163ional\u0103 de comunic\u0103ri \u015ftiin\u0163ifice studen\u0163e\u015fti \u2013 edi\u0163ia a XI-a, \u2033Cercet\u0103ri interdisciplinare \u00een formarea viitorilor speciali\u015fti \u00een domeniul Educa\u0163ie fizic\u0103 \u015fi Sport\u2033, 17 Mai 2012, Bac\u0103u<br \/>\n\tG3\tRecuperarea poliradiculonevritei acute demielinizante \u2013 Sindromul Guillain Barr\u00e9 \u2013 prin metode specifice kinetoterapiei. Studiu de caz\tCristu\u0163\u0103 Mihaela Alina, Dumitriu Dumitru Cristian\tLocul III, Sesiunea na\u0163ional\u0103 competi\u0163ional\u0103 de comunic\u0103ri \u015ftiin\u0163ifice studen\u0163e\u015fti \u2013 edi\u0163ia a VIII-a, \u2033Cercet\u0103ri interdisciplinare \u00een formarea viitorilor speciali\u015fti \u00een domeniul Educa\u0163ie fizic\u0103 \u015fi Sport\u2033, 20 Mai 2011, Bac\u0103u<br \/>\n\tG4\tEfecte ale drenajului limfatic manual la bolnavii cu  proteza de valva mitrala &#8211; prezentare de caz\tGabriela Raveica, Simona  Blanaru, Alina Cristuta, Dragos Gradinaru\tConferinta Regionala &#8222;Profilaxia primara si secundara in medicina de familie&#8221;, 8 \u2013 10 octombrie 2009, Bac\u0103u<\/p>\n","protected":false},"excerpt":{"rendered":"<p>A Teza de doctorat A1 Posibilit\u0103\u0163i de diagnoz\u0103 \u015fi corectare a componentelor motrice \u015fi psihomotrice la copii din ciclul primar Doctor \u00een \u0218tiin\u0163ele Motricit\u0103\u021bii Umane, Universitatea Na\u021bional\u0103 de Educa\u021bie fizic\u0103 \u0219i Sport &#8211; Bucure\u0219ti, ordin de ministru nr. 3869 din &hellip;<\/p>\n<p class=\"read-more\"><a href=\"https:\/\/cadredidactice.ub.ro\/cristutaalina\/contributii-stiintifice\/\">Continue reading<\/a><\/p>\n","protected":false},"author":56,"featured_media":0,"parent":0,"menu_order":0,"comment_status":"closed","ping_status":"closed","template":"","meta":{"footnotes":""},"class_list":["post-49","page","type-page","status-publish","hentry"],"_links":{"self":[{"href":"https:\/\/cadredidactice.ub.ro\/cristutaalina\/wp-json\/wp\/v2\/pages\/49","targetHints":{"allow":["GET"]}}],"collection":[{"href":"https:\/\/cadredidactice.ub.ro\/cristutaalina\/wp-json\/wp\/v2\/pages"}],"about":[{"href":"https:\/\/cadredidactice.ub.ro\/cristutaalina\/wp-json\/wp\/v2\/types\/page"}],"author":[{"embeddable":true,"href":"https:\/\/cadredidactice.ub.ro\/cristutaalina\/wp-json\/wp\/v2\/users\/56"}],"replies":[{"embeddable":true,"href":"https:\/\/cadredidactice.ub.ro\/cristutaalina\/wp-json\/wp\/v2\/comments?post=49"}],"version-history":[{"count":0,"href":"https:\/\/cadredidactice.ub.ro\/cristutaalina\/wp-json\/wp\/v2\/pages\/49\/revisions"}],"wp:attachment":[{"href":"https:\/\/cadredidactice.ub.ro\/cristutaalina\/wp-json\/wp\/v2\/media?parent=49"}],"curies":[{"name":"wp","href":"https:\/\/api.w.org\/{rel}","templated":true}]}}