{"id":14,"date":"2015-10-24T20:39:36","date_gmt":"2015-10-24T18:39:36","guid":{"rendered":"http:\/\/cadredidactice.ub.ro\/cristutaalina\/?page_id=14"},"modified":"2015-10-24T20:39:36","modified_gmt":"2015-10-24T18:39:36","slug":"carti-si-cursuri-de-specialitate","status":"publish","type":"page","link":"https:\/\/cadredidactice.ub.ro\/cristutaalina\/carti-si-cursuri-de-specialitate\/","title":{"rendered":"C\u0103r\u0163i \u015fi cursuri de specialitate"},"content":{"rendered":"<p><strong>C\u0103r\u0163i de specialitate<\/strong><\/p>\n<p><strong>Cursuri de specialitate<\/strong><\/p>\n<p><a href=\"https:\/\/cadredidactice.ub.ro\/wp-content\/uploads\/sites\/63\/2015\/10\/cristuta.jpg\"><img loading=\"lazy\" decoding=\"async\" class=\"alignnone size-medium wp-image-15\" src=\"https:\/\/cadredidactice.ub.ro\/wp-content\/uploads\/sites\/63\/2015\/10\/cristuta-197x300.jpg\" alt=\"cristuta\" width=\"197\" height=\"300\" srcset=\"https:\/\/cadredidactice.ub.ro\/cristutaalina\/files\/2015\/10\/cristuta-197x300.jpg 197w, https:\/\/cadredidactice.ub.ro\/cristutaalina\/files\/2015\/10\/cristuta-673x1024.jpg 673w, https:\/\/cadredidactice.ub.ro\/cristutaalina\/files\/2015\/10\/cristuta.jpg 706w\" sizes=\"auto, (max-width: 197px) 100vw, 197px\" \/><\/a> <a href=\"https:\/\/cadredidactice.ub.ro\/wp-content\/uploads\/sites\/63\/2015\/10\/crstuta-2.jpg\"><img loading=\"lazy\" decoding=\"async\" class=\"alignnone size-medium wp-image-16\" src=\"https:\/\/cadredidactice.ub.ro\/wp-content\/uploads\/sites\/63\/2015\/10\/crstuta-2-200x300.jpg\" alt=\"crstuta 2\" width=\"200\" height=\"300\" srcset=\"https:\/\/cadredidactice.ub.ro\/cristutaalina\/files\/2015\/10\/crstuta-2-200x300.jpg 200w, https:\/\/cadredidactice.ub.ro\/cristutaalina\/files\/2015\/10\/crstuta-2-684x1024.jpg 684w, https:\/\/cadredidactice.ub.ro\/cristutaalina\/files\/2015\/10\/crstuta-2.jpg 729w\" sizes=\"auto, (max-width: 200px) 100vw, 200px\" \/><\/a> <a href=\"https:\/\/cadredidactice.ub.ro\/wp-content\/uploads\/sites\/63\/2015\/10\/ochiana-cristuta.jpg\"><img loading=\"lazy\" decoding=\"async\" class=\"alignnone size-medium wp-image-17\" src=\"https:\/\/cadredidactice.ub.ro\/wp-content\/uploads\/sites\/63\/2015\/10\/ochiana-cristuta-208x300.jpg\" alt=\"ochiana cristuta\" width=\"208\" height=\"300\" srcset=\"https:\/\/cadredidactice.ub.ro\/cristutaalina\/files\/2015\/10\/ochiana-cristuta-208x300.jpg 208w, https:\/\/cadredidactice.ub.ro\/cristutaalina\/files\/2015\/10\/ochiana-cristuta-709x1024.jpg 709w, https:\/\/cadredidactice.ub.ro\/cristutaalina\/files\/2015\/10\/ochiana-cristuta.jpg 1668w\" sizes=\"auto, (max-width: 208px) 100vw, 208px\" \/><\/a><\/p>\n","protected":false},"excerpt":{"rendered":"<p>C\u0103r\u0163i de specialitate Cursuri de specialitate<\/p>\n","protected":false},"author":56,"featured_media":0,"parent":0,"menu_order":0,"comment_status":"closed","ping_status":"closed","template":"","meta":{"footnotes":""},"class_list":["post-14","page","type-page","status-publish","hentry"],"_links":{"self":[{"href":"https:\/\/cadredidactice.ub.ro\/cristutaalina\/wp-json\/wp\/v2\/pages\/14","targetHints":{"allow":["GET"]}}],"collection":[{"href":"https:\/\/cadredidactice.ub.ro\/cristutaalina\/wp-json\/wp\/v2\/pages"}],"about":[{"href":"https:\/\/cadredidactice.ub.ro\/cristutaalina\/wp-json\/wp\/v2\/types\/page"}],"author":[{"embeddable":true,"href":"https:\/\/cadredidactice.ub.ro\/cristutaalina\/wp-json\/wp\/v2\/users\/56"}],"replies":[{"embeddable":true,"href":"https:\/\/cadredidactice.ub.ro\/cristutaalina\/wp-json\/wp\/v2\/comments?post=14"}],"version-history":[{"count":0,"href":"https:\/\/cadredidactice.ub.ro\/cristutaalina\/wp-json\/wp\/v2\/pages\/14\/revisions"}],"wp:attachment":[{"href":"https:\/\/cadredidactice.ub.ro\/cristutaalina\/wp-json\/wp\/v2\/media?parent=14"}],"curies":[{"name":"wp","href":"https:\/\/api.w.org\/{rel}","templated":true}]}}