{"id":1060,"date":"2020-03-24T21:58:02","date_gmt":"2020-03-24T19:58:02","guid":{"rendered":"http:\/\/cadredidactice.ub.ro\/crinelraveica\/?page_id=1060"},"modified":"2024-04-24T13:31:27","modified_gmt":"2024-04-24T11:31:27","slug":"cursuri-gratuite-de-dezvoltare-pentru-studenti","status":"publish","type":"page","link":"https:\/\/cadredidactice.ub.ro\/crinelraveica\/cursuri-gratuite-de-dezvoltare-pentru-studenti\/","title":{"rendered":"Cursuri gratuite de dezvoltare personala pentru studenti"},"content":{"rendered":"\r\n<h2 class=\"wp-block-heading\">Programele mele<\/h2>\r\n\r\n\r\n\r\n<h3 class=\"wp-block-heading\"><br \/>dezvoltate de <strong>Junior Achievement Rom\u00e2nia<\/strong>, cu sprijinul\u00a0<strong>Romanian-American Foundation<\/strong>\u00a0\u0219i\u00a0<strong>Kauffman Foundation<\/strong>.\u00a0<\/h3>\r\n\r\n\r\n\r\n<h2 class=\"wp-block-heading\">Accesa\u021bi programele \u0219i cursurile JA:<\/h2>\r\n\r\n\r\n\r\n<ul class=\"wp-block-list\">\r\n<li><a href=\"https:\/\/jainspire.na.crossknowledge.com\/site\/path\/32182\">Atelierul Digital &#8211; Versiune A<\/a><\/li>\r\n<li><a href=\"https:\/\/jainspire.na.crossknowledge.com\/site\/path\/38617\">HP Life &#8211; Studenti<\/a><\/li>\r\n<li><a href=\"https:\/\/jainspire.na.crossknowledge.com\/site\/path\/36856\">Curs Antreprenoriat Studenti &#8211; Program JA Universitatea Antreprenoriala 2020<\/a><\/li>\r\n<\/ul>\r\n\r\n\r\n\r\n<p>JA Romania pune la dispozi\u021bia oamenilor din \u00eentreaga lume cursuri online gratuite de formare a competen\u021belor antreprenoriale \u0219i IT. Sunt disponibile 130 de locuri pentru studentii universitatii Vasile Alecsandri. pentru a obtine un user si parola de acces transmiteti o solicitare pe adresa ravic@ub.ro precizand numele, prenumele, unde sunteti student si adresa de contact.<\/p>\r\n\r\n\r\n\r\n<p>Cursurile se pot parcurge \u00een ritm propriu, iar datorit\u0103 comunit\u0103\u021bii online cursan\u021bii au posibilitatea s\u0103 \u00ee\u0219i pun\u0103 \u00een aplicare ideile de business \u0219i s\u0103-\u0219i dezvolte abilit\u0103\u021bile IT oriunde se afl\u0103 \u0219i la orice or\u0103. Resursele online sunt interactive, propun o gam\u0103 larg\u0103 de informa\u021bii \u0219i exerci\u021bii practice, fiind bazate pe un concept modular care favorizeaz\u0103 dob\u00e2ndirea abilit\u0103\u021bilor de afaceri. Acestea acoper\u0103 mai multe domenii, de la cum se \u00eenfiin\u021beaz\u0103 o afacere sau cum se identific\u0103 sursele de finan\u021bare, p\u00e2n\u0103 la marketing sau planificare strategic\u0103, \u0219i sunt disponibile \u00een 8 limbi (englez\u0103, rom\u00e2n\u0103, spaniol\u0103, francez\u0103, portughez\u0103, <a href=\"https:\/\/leon-bet-portugal.pt\/\">leonbet<\/a>, arab\u0103, hindi \u0219i chinez\u0103 simplificat\u0103).<\/p>\r\n\r\n\r\n\r\n<p>Aplicatie <br \/><a href=\"https:\/\/jainspire.na.crossknowledge.com\/site\/path\/app-promotion\">https:\/\/jainspire.na.crossknowledge.com\/site\/path\/app-promotion<\/a><\/p>\r\n","protected":false},"excerpt":{"rendered":"<p>Programele mele dezvoltate de Junior Achievement Rom\u00e2nia, cu sprijinul\u00a0Romanian-American Foundation\u00a0\u0219i\u00a0Kauffman Foundation.\u00a0 Accesa\u021bi programele \u0219i cursurile JA: Atelierul Digital &#8211; Versiune A HP Life &#8211; Studenti Curs Antreprenoriat Studenti &#8211; Program JA Universitatea Antreprenoriala 2020 JA Romania pune la dispozi\u021bia oamenilor din \u00eentreaga lume cursuri online gratuite de formare a competen\u021belor antreprenoriale \u0219i IT. Sunt disponibile [&hellip;]<\/p>\n","protected":false},"author":3,"featured_media":0,"parent":0,"menu_order":0,"comment_status":"closed","ping_status":"closed","template":"","meta":{"footnotes":""},"class_list":["post-1060","page","type-page","status-publish","hentry"],"_links":{"self":[{"href":"https:\/\/cadredidactice.ub.ro\/crinelraveica\/wp-json\/wp\/v2\/pages\/1060","targetHints":{"allow":["GET"]}}],"collection":[{"href":"https:\/\/cadredidactice.ub.ro\/crinelraveica\/wp-json\/wp\/v2\/pages"}],"about":[{"href":"https:\/\/cadredidactice.ub.ro\/crinelraveica\/wp-json\/wp\/v2\/types\/page"}],"author":[{"embeddable":true,"href":"https:\/\/cadredidactice.ub.ro\/crinelraveica\/wp-json\/wp\/v2\/users\/3"}],"replies":[{"embeddable":true,"href":"https:\/\/cadredidactice.ub.ro\/crinelraveica\/wp-json\/wp\/v2\/comments?post=1060"}],"version-history":[{"count":5,"href":"https:\/\/cadredidactice.ub.ro\/crinelraveica\/wp-json\/wp\/v2\/pages\/1060\/revisions"}],"predecessor-version":[{"id":2500,"href":"https:\/\/cadredidactice.ub.ro\/crinelraveica\/wp-json\/wp\/v2\/pages\/1060\/revisions\/2500"}],"wp:attachment":[{"href":"https:\/\/cadredidactice.ub.ro\/crinelraveica\/wp-json\/wp\/v2\/media?parent=1060"}],"curies":[{"name":"wp","href":"https:\/\/api.w.org\/{rel}","templated":true}]}}