{"id":54,"date":"2015-10-25T07:28:50","date_gmt":"2015-10-25T07:28:50","guid":{"rendered":"http:\/\/cadredidactice.ub.ro\/cotirletadrian\/?page_id=54"},"modified":"2015-10-26T18:44:28","modified_gmt":"2015-10-26T18:44:28","slug":"carti-si-cursuri-de-specialitate","status":"publish","type":"page","link":"https:\/\/cadredidactice.ub.ro\/cotirletadrian\/carti-si-cursuri-de-specialitate\/","title":{"rendered":"C\u0103r\u0163i \u015fi cursuri de specialitate"},"content":{"rendered":"<p><strong>C\u0103r\u0163i de specialitate<\/strong><\/p>\n<p><a href=\"https:\/\/cadredidactice.ub.ro\/wp-content\/uploads\/sites\/290\/2015\/10\/Anatomia-chirurgicala-biliara-si-Colecistectomia-laparoscopica.jpg\"><img loading=\"lazy\" decoding=\"async\" class=\"alignnone size-medium wp-image-66\" src=\"https:\/\/cadredidactice.ub.ro\/wp-content\/uploads\/sites\/290\/2015\/10\/Anatomia-chirurgicala-biliara-si-Colecistectomia-laparoscopica-300x212.jpg\" alt=\"Anatomia chirurgicala biliara si Colecistectomia laparoscopica\" width=\"300\" height=\"212\" srcset=\"https:\/\/cadredidactice.ub.ro\/cotirletadrian\/files\/2015\/10\/Anatomia-chirurgicala-biliara-si-Colecistectomia-laparoscopica-300x212.jpg 300w, https:\/\/cadredidactice.ub.ro\/cotirletadrian\/files\/2015\/10\/Anatomia-chirurgicala-biliara-si-Colecistectomia-laparoscopica-1024x724.jpg 1024w\" sizes=\"auto, (max-width: 300px) 100vw, 300px\" \/><\/a> <a href=\"https:\/\/cadredidactice.ub.ro\/wp-content\/uploads\/sites\/290\/2015\/10\/Variante-tehnice-in-colecistectomia-laparoscopica.jpg\"><img loading=\"lazy\" decoding=\"async\" class=\"alignnone size-medium wp-image-67\" src=\"https:\/\/cadredidactice.ub.ro\/wp-content\/uploads\/sites\/290\/2015\/10\/Variante-tehnice-in-colecistectomia-laparoscopica-300x212.jpg\" alt=\"Variante tehnice in colecistectomia laparoscopica\" width=\"300\" height=\"212\" srcset=\"https:\/\/cadredidactice.ub.ro\/cotirletadrian\/files\/2015\/10\/Variante-tehnice-in-colecistectomia-laparoscopica-300x212.jpg 300w, https:\/\/cadredidactice.ub.ro\/cotirletadrian\/files\/2015\/10\/Variante-tehnice-in-colecistectomia-laparoscopica-1024x724.jpg 1024w\" sizes=\"auto, (max-width: 300px) 100vw, 300px\" \/><\/a><\/p>\n","protected":false},"excerpt":{"rendered":"<p>C\u0103r\u0163i de specialitate<\/p>\n","protected":false},"author":314,"featured_media":0,"parent":0,"menu_order":0,"comment_status":"closed","ping_status":"closed","template":"","meta":{"footnotes":""},"class_list":["post-54","page","type-page","status-publish","hentry"],"_links":{"self":[{"href":"https:\/\/cadredidactice.ub.ro\/cotirletadrian\/wp-json\/wp\/v2\/pages\/54","targetHints":{"allow":["GET"]}}],"collection":[{"href":"https:\/\/cadredidactice.ub.ro\/cotirletadrian\/wp-json\/wp\/v2\/pages"}],"about":[{"href":"https:\/\/cadredidactice.ub.ro\/cotirletadrian\/wp-json\/wp\/v2\/types\/page"}],"author":[{"embeddable":true,"href":"https:\/\/cadredidactice.ub.ro\/cotirletadrian\/wp-json\/wp\/v2\/users\/314"}],"replies":[{"embeddable":true,"href":"https:\/\/cadredidactice.ub.ro\/cotirletadrian\/wp-json\/wp\/v2\/comments?post=54"}],"version-history":[{"count":0,"href":"https:\/\/cadredidactice.ub.ro\/cotirletadrian\/wp-json\/wp\/v2\/pages\/54\/revisions"}],"wp:attachment":[{"href":"https:\/\/cadredidactice.ub.ro\/cotirletadrian\/wp-json\/wp\/v2\/media?parent=54"}],"curies":[{"name":"wp","href":"https:\/\/api.w.org\/{rel}","templated":true}]}}