{"id":49,"date":"2015-10-25T07:28:14","date_gmt":"2015-10-25T07:28:14","guid":{"rendered":"http:\/\/cadredidactice.ub.ro\/cotirletadrian\/?page_id=49"},"modified":"2015-10-25T07:28:14","modified_gmt":"2015-10-25T07:28:14","slug":"contributii-stiintifice","status":"publish","type":"page","link":"https:\/\/cadredidactice.ub.ro\/cotirletadrian\/contributii-stiintifice\/","title":{"rendered":"Contribu\u0163ii \u015ftiin\u0163ifice"},"content":{"rendered":"<p><a href=\"https:\/\/cadredidactice.ub.ro\/wp-content\/uploads\/sites\/290\/2015\/10\/Contribu\u0163ii-academice-\u015fi-\u015ftiintifice.pdf\">Contribu\u0163ii academice \u015fi \u015ftiintifice<\/a><\/p>\n","protected":false},"excerpt":{"rendered":"<p>Contribu\u0163ii academice \u015fi \u015ftiintifice<\/p>\n","protected":false},"author":314,"featured_media":0,"parent":0,"menu_order":0,"comment_status":"closed","ping_status":"closed","template":"","meta":{"footnotes":""},"class_list":["post-49","page","type-page","status-publish","hentry"],"_links":{"self":[{"href":"https:\/\/cadredidactice.ub.ro\/cotirletadrian\/wp-json\/wp\/v2\/pages\/49","targetHints":{"allow":["GET"]}}],"collection":[{"href":"https:\/\/cadredidactice.ub.ro\/cotirletadrian\/wp-json\/wp\/v2\/pages"}],"about":[{"href":"https:\/\/cadredidactice.ub.ro\/cotirletadrian\/wp-json\/wp\/v2\/types\/page"}],"author":[{"embeddable":true,"href":"https:\/\/cadredidactice.ub.ro\/cotirletadrian\/wp-json\/wp\/v2\/users\/314"}],"replies":[{"embeddable":true,"href":"https:\/\/cadredidactice.ub.ro\/cotirletadrian\/wp-json\/wp\/v2\/comments?post=49"}],"version-history":[{"count":0,"href":"https:\/\/cadredidactice.ub.ro\/cotirletadrian\/wp-json\/wp\/v2\/pages\/49\/revisions"}],"wp:attachment":[{"href":"https:\/\/cadredidactice.ub.ro\/cotirletadrian\/wp-json\/wp\/v2\/media?parent=49"}],"curies":[{"name":"wp","href":"https:\/\/api.w.org\/{rel}","templated":true}]}}