{"id":15,"date":"2018-02-26T12:16:41","date_gmt":"2018-02-26T12:16:41","guid":{"rendered":"http:\/\/cadredidactice.ub.ro\/costelceocea\/?page_id=15"},"modified":"2018-02-26T12:16:41","modified_gmt":"2018-02-26T12:16:41","slug":"despre","status":"publish","type":"page","link":"https:\/\/cadredidactice.ub.ro\/costelceocea\/despre\/","title":{"rendered":"Despre"},"content":{"rendered":"<p><strong>CV &amp; List\u0103 de lucr\u0103ri publicate<\/strong><\/p>\n<ul>\n<li><a href=\"https:\/\/cadredidactice.ub.ro\/wp-content\/uploads\/sites\/292\/2018\/02\/CV_Costel_Ceocea_02.2016.pdf\" rel=\"\">CV<\/a><\/li>\n<li><a href=\"https:\/\/cadredidactice.ub.ro\/wp-content\/uploads\/sites\/292\/2018\/02\/Lista_lucrari_publicate_Costel_Ceocea_2016_.pdf\" rel=\"\">List\u0103 lucr\u0103ri publicate<\/a><\/li>\n<\/ul>\n","protected":false},"excerpt":{"rendered":"<p>CV &amp; List\u0103 de lucr\u0103ri publicate CV List\u0103 lucr\u0103ri publicate<\/p>\n","protected":false},"author":1,"featured_media":0,"parent":0,"menu_order":0,"comment_status":"closed","ping_status":"closed","template":"","meta":{"footnotes":""},"class_list":["post-15","page","type-page","status-publish","hentry"],"_links":{"self":[{"href":"https:\/\/cadredidactice.ub.ro\/costelceocea\/wp-json\/wp\/v2\/pages\/15","targetHints":{"allow":["GET"]}}],"collection":[{"href":"https:\/\/cadredidactice.ub.ro\/costelceocea\/wp-json\/wp\/v2\/pages"}],"about":[{"href":"https:\/\/cadredidactice.ub.ro\/costelceocea\/wp-json\/wp\/v2\/types\/page"}],"author":[{"embeddable":true,"href":"https:\/\/cadredidactice.ub.ro\/costelceocea\/wp-json\/wp\/v2\/users\/1"}],"replies":[{"embeddable":true,"href":"https:\/\/cadredidactice.ub.ro\/costelceocea\/wp-json\/wp\/v2\/comments?post=15"}],"version-history":[{"count":1,"href":"https:\/\/cadredidactice.ub.ro\/costelceocea\/wp-json\/wp\/v2\/pages\/15\/revisions"}],"predecessor-version":[{"id":18,"href":"https:\/\/cadredidactice.ub.ro\/costelceocea\/wp-json\/wp\/v2\/pages\/15\/revisions\/18"}],"wp:attachment":[{"href":"https:\/\/cadredidactice.ub.ro\/costelceocea\/wp-json\/wp\/v2\/media?parent=15"}],"curies":[{"name":"wp","href":"https:\/\/api.w.org\/{rel}","templated":true}]}}