{"id":7,"date":"2011-03-05T14:22:28","date_gmt":"2011-03-05T12:22:28","guid":{"rendered":"http:\/\/cadredidactice.ub.ro\/cojocariumihaela\/?page_id=7"},"modified":"2011-03-12T00:31:14","modified_gmt":"2011-03-11T22:31:14","slug":"teme-lucrari-licen%c8%9ba","status":"publish","type":"page","link":"https:\/\/cadredidactice.ub.ro\/cojocariumihaela\/teme-lucrari-licen%c8%9ba\/","title":{"rendered":"teme lucr\u0103ri licen\u021b\u0103"},"content":{"rendered":"<p class=\"MsoNormal\" style=\"text-align: center\" align=\"center\"><strong><span style=\"font-size: 14pt\">Lista lucr\u0103rilor de licen\u0163\u0103 <\/span><\/strong><\/p>\n<p class=\"MsoNormal\" style=\"text-align: center\" align=\"center\">(coordonate \u00een anul universitar 2010-2011)<\/p>\n<p class=\"MsoNormal\">\n<p class=\"MsoNormal\">\n<ol style=\"margin-top: 0in\" type=\"1\">\n<li class=\"MsoNormal\"><span lang=\"RO\">Valen\u0163ele      formative ale metodelor interactive valorificate \u00een \u00eenv\u0103\u0163\u0103m\u00e2ntul primar<\/span><\/li>\n<li class=\"MsoNormal\"><span lang=\"RO\">Aspecte      formative ale utiliz\u0103rii unor metode didactice moderne \u00een \u00eenv\u0103\u0163\u0103m\u00e2ntul      primar<\/span><\/li>\n<li class=\"MsoNormal\"><span lang=\"RO\">Aspecte      formative ale realiz\u0103rii educa\u0163iei tehnologice \u00een \u00eenv\u0103\u0163\u0103m\u00e2ntul primar <\/span><\/li>\n<li class=\"MsoNormal\"><span lang=\"RO\">Modalit\u0103\u0163i      de realizare a educa\u0163iei plastice \u00een gr\u0103dini\u0163\u0103<\/span><\/li>\n<li class=\"MsoNormal\"><span lang=\"RO\">Modalit\u0103\u0163i      de realizare a educa\u0163iei ecologice \u00een \u00eenv\u0103\u0163\u0103m\u00e2ntul pre\u015fcolar<\/span><\/li>\n<li class=\"MsoNormal\"><span lang=\"RO\">Rolul      parteneriatului \u015fcoal\u0103 \u2013 familie \u00een preg\u0103tirea pre\u015fcolarului pentru      integrarea \u00een clasa I<\/span><\/li>\n<li class=\"MsoNormal\"><span lang=\"RO\">Aspecte      ale raportului tradi\u0163ie \u2013 inova\u0163ie \u00een procesul de \u00eenv\u0103\u0163\u0103m\u00e2nt din gr\u0103dini\u0163\u0103<\/span><\/li>\n<li class=\"MsoNormal\"><span lang=\"RO\">Strategii      de realizare a educa\u0163iei artistico &#8211; plastice \u00een pre\u015fcolaritate<\/span><\/li>\n<li class=\"MsoNormal\"><span lang=\"RO\">Modalit\u0103\u0163i      de abordare interdisciplinar\u0103 a procesului instructiv-educativ \u00een      \u00eenv\u0103\u0163\u0103m\u00e2ntul primar<\/span><\/li>\n<li class=\"MsoNormal\"><span lang=\"RO\">Educa\u0163ia      incluziv\u0103 \u2013 modalit\u0103\u0163i de realizare \u00een \u00eenv\u0103\u0163\u0103m\u00e2ntul primar<\/span><\/li>\n<li class=\"MsoNormal\"><span lang=\"RO\">Strategii      de realizare a educa\u0163iei civice \u00een \u00eenv\u0103\u0163\u0103m\u00e2ntul primar<\/span><\/li>\n<li class=\"MsoNormal\"><span lang=\"RO\">Strategii      de evaluare a rezultatelor \u015fcolare utilizate \u00een \u00eenv\u0103\u0163\u0103m\u00e2ntul pre\u015fcolar <\/span><\/li>\n<li class=\"MsoNormal\"><span lang=\"RO\">Aspecte      formative ale realiz\u0103rii educa\u0163iei tehnologice \u00een \u00eenv\u0103\u0163\u0103m\u00e2ntul primar <\/span><\/li>\n<li class=\"MsoNormal\"><span lang=\"RO\">Educa\u0163ia      tehnologic\u0103 \u00een \u00eenv\u0103\u0163\u0103m\u00e2ntul primar \u2013 posibilit\u0103\u0163i interdisciplinare de      realizare<\/span><\/li>\n<\/ol>\n","protected":false},"excerpt":{"rendered":"<p>Lista lucr\u0103rilor de licen\u0163\u0103 (coordonate \u00een anul universitar 2010-2011) Valen\u0163ele formative ale metodelor interactive valorificate \u00een \u00eenv\u0103\u0163\u0103m\u00e2ntul primar Aspecte formative ale utiliz\u0103rii unor metode didactice moderne \u00een \u00eenv\u0103\u0163\u0103m\u00e2ntul primar Aspecte formative ale realiz\u0103rii educa\u0163iei tehnologice \u00een \u00eenv\u0103\u0163\u0103m\u00e2ntul primar Modalit\u0103\u0163i de &hellip;<\/p>\n<p class=\"read-more\"><a href=\"https:\/\/cadredidactice.ub.ro\/cojocariumihaela\/teme-lucrari-licen%c8%9ba\/\">Continue reading<\/a><\/p>\n","protected":false},"author":116,"featured_media":0,"parent":0,"menu_order":0,"comment_status":"closed","ping_status":"closed","template":"","meta":{"footnotes":""},"class_list":["post-7","page","type-page","status-publish","hentry"],"_links":{"self":[{"href":"https:\/\/cadredidactice.ub.ro\/cojocariumihaela\/wp-json\/wp\/v2\/pages\/7","targetHints":{"allow":["GET"]}}],"collection":[{"href":"https:\/\/cadredidactice.ub.ro\/cojocariumihaela\/wp-json\/wp\/v2\/pages"}],"about":[{"href":"https:\/\/cadredidactice.ub.ro\/cojocariumihaela\/wp-json\/wp\/v2\/types\/page"}],"author":[{"embeddable":true,"href":"https:\/\/cadredidactice.ub.ro\/cojocariumihaela\/wp-json\/wp\/v2\/users\/116"}],"replies":[{"embeddable":true,"href":"https:\/\/cadredidactice.ub.ro\/cojocariumihaela\/wp-json\/wp\/v2\/comments?post=7"}],"version-history":[{"count":0,"href":"https:\/\/cadredidactice.ub.ro\/cojocariumihaela\/wp-json\/wp\/v2\/pages\/7\/revisions"}],"wp:attachment":[{"href":"https:\/\/cadredidactice.ub.ro\/cojocariumihaela\/wp-json\/wp\/v2\/media?parent=7"}],"curies":[{"name":"wp","href":"https:\/\/api.w.org\/{rel}","templated":true}]}}