{"id":11,"date":"2011-03-14T21:59:26","date_gmt":"2011-03-14T19:59:26","guid":{"rendered":"http:\/\/cadredidactice.ub.ro\/ceraselacrisan\/?page_id=11"},"modified":"2025-03-11T09:35:30","modified_gmt":"2025-03-11T07:35:30","slug":"teme-de-licenta","status":"publish","type":"page","link":"https:\/\/cadredidactice.ub.ro\/ceraselacrisan\/teme-de-licenta\/","title":{"rendered":"Finalizare studii"},"content":{"rendered":"<h3>Pentru absolventii interesati de studii doctorale in Informatica<\/h3>\n<p>Incepand cu anul universitar 2018-2019 putem colabora in cadrul <a href=\"https:\/\/scdoc.info.uaic.ro\/?page_id=5893\">Scolii Doctorale<\/a> in Informatica de la Facultatea de Informatica, Universitatea &#8222;Alexandru Ioan Cuza&#8221; din Iasi.<br \/>\nVa astept in D209 pentru o discutie preliminara.<\/p>\n<h3>Cuprinsul oricarei lucrari de finalizare de studii este:<\/h3>\n<p>1. Necesitatea problemei abordate, exemple de succes in rezolvarea problemei<br \/>\n2. Instrumente utilizate: limbaje, platforme, medii grafice, etc.<br \/>\n3. Proiectarea aplicatiei: module, diagrame de clase, etc.<br \/>\n4. Realizarea aplicatiei: metodele principale, eventuale baze de date, evidentierea prin capturi de ecran a erorilor si rezolvarea lor, etc.<br \/>\n5. Rularea aplicatiei de catre admin si utilizatori: capturi de ecran ale principalelor activitati<br \/>\n6. Concluzii si dezvoltare viitoare<br \/>\nBibliografie<\/p>\n<h3>Teme (orientative) pentru lucrari de finalizare studii <\/h3>\n<p>LICENTA<br \/>\n1.\tProbleme de transport \u00een re\u0163ele<br \/>\n2.\tModele pentru orase inteligente<br \/>\n3.\tModele de transport intermodal<br \/>\n4.\tModele de r\u0103sp\u00e2ndire a epidemiilor<br \/>\n5.\tSistem de monitorizare a func\u021biilor vitale pentru un pacient<br \/>\n6.\tAplica\u021bie multimedia pentru &#8230;<br \/>\n7.\tAlgoritmi euristici pentru rezolvarea problemei&#8230;<br \/>\n8.\tMetode euristice de optimizare combinatorie<br \/>\n9.\tElemente de Teoria Grafurilor. Aplica\u021bii<br \/>\n10.\tTeoria haosului. Aplica\u0163ie \u00een\u2026.<br \/>\n11.\tCriptografie. Aplica\u0163ie \u00een &#8230;<br \/>\n12.\tCalcul paralel. Aplica\u0163ie pentru\u2026.<br \/>\n13.\tAplica\u0163ie pentru reprezentarea numerelor fuzzy si a opera\u021biilor elementare cu acestea<br \/>\n14.\tPlatforma web pentru sprijinul vizitei la muzeu a persoanelor cu dizabilit\u0103\u021bi<br \/>\n15.\tManagementul dezastrelor<br \/>\n16.\tPlatform\u0103 educa\u021bional\u0103 pentru teme de &#8230;<br \/>\n17.\tAplica\u0163ie Android pentru navigare bazat\u0103 pe h\u0103r\u0163i online<br \/>\n18.\tGestionarea v\u00e2nz\u0103rilor unei firme de&#8230;.<br \/>\n19.\tGestiunea serviciilor de &#8230; dintr-o firm\u0103<br \/>\n20.\tGestiunea unui blog<\/p>\n<p>MASTER<br \/>\n1.\tRecunoa\u015fterea emo\u0163iilor<br \/>\n2.\tGamification<br \/>\n3.\tSistem de recomandare pentru &#8230;<br \/>\n4.\tGestionarea datelor de tip GIS<br \/>\n5.\tModele de case inteligente<br \/>\n6.\tSistem inteligent pentru analiza\u2026.<br \/>\n7.\tSistem inteligent pentru gestionarea \u2026<\/p>\n","protected":false},"excerpt":{"rendered":"<p>Pentru absolventii interesati de studii doctorale in Informatica Incepand cu anul universitar 2018-2019 putem colabora in cadrul Scolii Doctorale in Informatica de la Facultatea de Informatica, Universitatea &#8222;Alexandru Ioan Cuza&#8221; din Iasi. Va astept in D209 pentru o discutie preliminara. &hellip;<\/p>\n<p class=\"read-more\"><a href=\"https:\/\/cadredidactice.ub.ro\/ceraselacrisan\/teme-de-licenta\/\">Continue reading<\/a><\/p>\n","protected":false},"author":114,"featured_media":0,"parent":0,"menu_order":0,"comment_status":"closed","ping_status":"closed","template":"","meta":{"footnotes":""},"class_list":["post-11","page","type-page","status-publish","hentry"],"_links":{"self":[{"href":"https:\/\/cadredidactice.ub.ro\/ceraselacrisan\/wp-json\/wp\/v2\/pages\/11","targetHints":{"allow":["GET"]}}],"collection":[{"href":"https:\/\/cadredidactice.ub.ro\/ceraselacrisan\/wp-json\/wp\/v2\/pages"}],"about":[{"href":"https:\/\/cadredidactice.ub.ro\/ceraselacrisan\/wp-json\/wp\/v2\/types\/page"}],"author":[{"embeddable":true,"href":"https:\/\/cadredidactice.ub.ro\/ceraselacrisan\/wp-json\/wp\/v2\/users\/114"}],"replies":[{"embeddable":true,"href":"https:\/\/cadredidactice.ub.ro\/ceraselacrisan\/wp-json\/wp\/v2\/comments?post=11"}],"version-history":[{"count":19,"href":"https:\/\/cadredidactice.ub.ro\/ceraselacrisan\/wp-json\/wp\/v2\/pages\/11\/revisions"}],"predecessor-version":[{"id":1135,"href":"https:\/\/cadredidactice.ub.ro\/ceraselacrisan\/wp-json\/wp\/v2\/pages\/11\/revisions\/1135"}],"wp:attachment":[{"href":"https:\/\/cadredidactice.ub.ro\/ceraselacrisan\/wp-json\/wp\/v2\/media?parent=11"}],"curies":[{"name":"wp","href":"https:\/\/api.w.org\/{rel}","templated":true}]}}