{"id":9,"date":"2011-03-03T21:28:27","date_gmt":"2011-03-03T19:28:27","guid":{"rendered":"http:\/\/cadredidactice.ub.ro\/catalintampu\/?page_id=9"},"modified":"2011-03-03T22:08:00","modified_gmt":"2011-03-03T20:08:00","slug":"9","status":"publish","type":"page","link":"https:\/\/cadredidactice.ub.ro\/catalintampu\/9\/","title":{"rendered":"Contact"},"content":{"rendered":"<p>Doctorand Ing. C\u0103talin \u0162\u00e2mpu<\/p>\n<p><strong>E-mail:<\/strong><\/p>\n<p><span><a href=\"mailto:catalin.tampu@ub.ro\" target=\"_blank\">catalin.tampu@ub.ro<\/a><\/span><\/p>\n<p><strong>Telefon:<\/strong><\/p>\n<p><strong><\/strong> 0745 621 141<\/p>\n","protected":false},"excerpt":{"rendered":"<p>Doctorand Ing. C\u0103talin \u0162\u00e2mpu E-mail: catalin.tampu@ub.ro Telefon: 0745 621 141<\/p>\n","protected":false},"author":102,"featured_media":0,"parent":0,"menu_order":0,"comment_status":"closed","ping_status":"closed","template":"","meta":{"footnotes":""},"class_list":["post-9","page","type-page","status-publish","hentry"],"_links":{"self":[{"href":"https:\/\/cadredidactice.ub.ro\/catalintampu\/wp-json\/wp\/v2\/pages\/9","targetHints":{"allow":["GET"]}}],"collection":[{"href":"https:\/\/cadredidactice.ub.ro\/catalintampu\/wp-json\/wp\/v2\/pages"}],"about":[{"href":"https:\/\/cadredidactice.ub.ro\/catalintampu\/wp-json\/wp\/v2\/types\/page"}],"author":[{"embeddable":true,"href":"https:\/\/cadredidactice.ub.ro\/catalintampu\/wp-json\/wp\/v2\/users\/102"}],"replies":[{"embeddable":true,"href":"https:\/\/cadredidactice.ub.ro\/catalintampu\/wp-json\/wp\/v2\/comments?post=9"}],"version-history":[{"count":0,"href":"https:\/\/cadredidactice.ub.ro\/catalintampu\/wp-json\/wp\/v2\/pages\/9\/revisions"}],"wp:attachment":[{"href":"https:\/\/cadredidactice.ub.ro\/catalintampu\/wp-json\/wp\/v2\/media?parent=9"}],"curies":[{"name":"wp","href":"https:\/\/api.w.org\/{rel}","templated":true}]}}