{"id":2,"date":"2011-03-03T10:46:11","date_gmt":"2011-03-03T08:46:11","guid":{"rendered":""},"modified":"2011-03-03T21:33:22","modified_gmt":"2011-03-03T19:33:22","slug":"about","status":"publish","type":"page","link":"https:\/\/cadredidactice.ub.ro\/catalintampu\/about\/","title":{"rendered":"Despre"},"content":{"rendered":"<p><strong>cv<\/strong><\/p>\n<ul>\n<li><a href=\"https:\/\/cadredidactice.ub.ro\/wp-content\/uploads\/sites\/110\/2011\/03\/cv-catalin-imsi.pdf\">doctorand ing.C\u0103t\u0103lin \u0162\u00e2mpu<\/a><\/li>\n<\/ul>\n","protected":false},"excerpt":{"rendered":"<p>cv doctorand ing.C\u0103t\u0103lin \u0162\u00e2mpu<\/p>\n","protected":false},"author":102,"featured_media":0,"parent":0,"menu_order":0,"comment_status":"closed","ping_status":"closed","template":"","meta":{"footnotes":""},"class_list":["post-2","page","type-page","status-publish","hentry"],"_links":{"self":[{"href":"https:\/\/cadredidactice.ub.ro\/catalintampu\/wp-json\/wp\/v2\/pages\/2","targetHints":{"allow":["GET"]}}],"collection":[{"href":"https:\/\/cadredidactice.ub.ro\/catalintampu\/wp-json\/wp\/v2\/pages"}],"about":[{"href":"https:\/\/cadredidactice.ub.ro\/catalintampu\/wp-json\/wp\/v2\/types\/page"}],"author":[{"embeddable":true,"href":"https:\/\/cadredidactice.ub.ro\/catalintampu\/wp-json\/wp\/v2\/users\/102"}],"replies":[{"embeddable":true,"href":"https:\/\/cadredidactice.ub.ro\/catalintampu\/wp-json\/wp\/v2\/comments?post=2"}],"version-history":[{"count":0,"href":"https:\/\/cadredidactice.ub.ro\/catalintampu\/wp-json\/wp\/v2\/pages\/2\/revisions"}],"wp:attachment":[{"href":"https:\/\/cadredidactice.ub.ro\/catalintampu\/wp-json\/wp\/v2\/media?parent=2"}],"curies":[{"name":"wp","href":"https:\/\/api.w.org\/{rel}","templated":true}]}}