{"id":2,"date":"2011-03-21T09:49:01","date_gmt":"2011-03-21T07:49:01","guid":{"rendered":""},"modified":"2012-01-02T13:01:32","modified_gmt":"2012-01-02T11:01:32","slug":"info-contact","status":"publish","type":"page","link":"https:\/\/cadredidactice.ub.ro\/bontaelena\/info-contact\/","title":{"rendered":"Info \/ Contact"},"content":{"rendered":"<div class=\"postContent\">\n<h3><img loading=\"lazy\" decoding=\"async\" class=\"alignleft\" src=\"http:\/\/litere.ub.ro\/images\/stories\/profesor\/elena_bonta.jpg\" alt=\"\" width=\"160\" height=\"200\" \/><\/h3>\n<h1>Bine a\u0163i venit!<\/h1>\n<h4>M\u0103 numesc Bonta Elena, sunt conferen\u0163iar universitar  doctor \u00een cadrul Catedrei de Limbi \u015fi Literaturi Str\u0103ine, Facultatea de  Litere.<\/h4>\n<p><ins datetime=\"00\"><\/ins><\/p>\n<h4>Pe aceast\u0103 pagina g\u0103si\u0163i: orarul pentru licen\u0163\u0103 \u015fi master,  Cv-ul personal, adresa de e-mail \u015fi  disciplinele predate.<\/h4>\n<p><ins datetime=\"00\"><br \/>\n<ins datetime=\"00\"><br \/>\n<ins datetime=\"00\"><br \/>\n<ins datetime=\"00\"><br \/>\n<ins datetime=\"00\"><br \/>\n<\/ins><\/ins><\/ins><\/ins><\/ins><\/p>\n<h2>Citat Preferat:<\/h2>\n<blockquote>\n<p style=\"text-align: left\"><strong><em>\u201e Citat \u201d.<\/em><\/strong><\/p>\n<p style=\"text-align: right\"><strong><em>nume<\/em><\/strong><\/p>\n<\/blockquote>\n<h2>Date despre mine:<\/h2>\n<ul>\n<li>\n<address><strong><em>CV<\/em><\/strong> &#8211;\u00a0<strong><a title=\"CV Bonta Elena\" href=\"..\/..\/bontaelena\/files\/2011\/03\/curriculum_vitae_european_bonta.pdf\" target=\"_blank\">Conf. univ. dr. Bonta Elena<\/a><\/strong><\/address>\n<\/li>\n<\/ul>\n<h2>Date de contact:<\/h2>\n<ul>\n<li>\n<address><strong><em>Tel<\/em><\/strong> &#8211; <strong>+40-234\/588.884<\/strong><\/address>\n<\/li>\n<li>\n<address><strong><em>Fax<\/em><\/strong> &#8211; <strong>&#8230;<\/strong><\/address>\n<\/li>\n<li>\n<address><strong><em>Cabinet<\/em><\/strong> &#8211; <strong>C04: Miercuri 12:00-14:00<\/strong><\/address>\n<\/li>\n<li>\n<address><strong><em>E-mail<\/em><\/strong> &#8211;\u00a0 <strong><a title=\"E-mail Bonta Elena\" href=\"mailto:bonta.elena@ub.ro\" target=\"_blank\">bonta.elena@ub.ro<\/a>;\u00a0 <a title=\"E-mail Bonta Elena\" href=\"mailto:elenabonta@yahoo.com\" target=\"_blank\">elenabonta@yahoo.com<\/a>;<\/strong><\/address>\n<\/li>\n<li>\n<address><strong><em>Webpage<\/em><\/strong> &#8211; <strong><a title=\"Webpage Bonta Elena \" href=\"..\/..\/bontaelena\" target=\"_blank\">http:\/\/cadredidactice.ub.ro\/bontaelena<\/a><\/strong><\/address>\n<\/li>\n<\/ul>\n<h2>Disciplinele predate:<\/h2>\n<ul>\n<li>\n<h4>Limba englez\u0103 contemporan\u0103 (lexicologie)<\/h4>\n<\/li>\n<li>\n<h4>Pragmatica discursului<\/h4>\n<\/li>\n<li>\n<h4>Practici de comunicare. Interac\u0163iuni verbale<\/h4>\n<\/li>\n<li>\n<h4>Comunicare interpersonal\u0103<\/h4>\n<\/li>\n<li>\n<h4>Didactica limbii \u015fi literaturii engleze<\/h4>\n<\/li>\n<li>\n<h4>Limba englez\u0103 prin activit\u0103\u0163i de grup<\/h4>\n<\/li>\n<\/ul>\n<\/div>\n","protected":false},"excerpt":{"rendered":"<p>Bine a\u0163i venit! M\u0103 numesc Bonta Elena, sunt conferen\u0163iar universitar doctor \u00een cadrul Catedrei de Limbi \u015fi Literaturi Str\u0103ine, Facultatea de Litere. Pe aceast\u0103 pagina g\u0103si\u0163i: orarul pentru licen\u0163\u0103 \u015fi master, Cv-ul personal, adresa de e-mail \u015fi disciplinele predate. Citat &hellip;<\/p>\n<p class=\"read-more\"><a href=\"https:\/\/cadredidactice.ub.ro\/bontaelena\/info-contact\/\">Continue reading<\/a><\/p>\n","protected":false},"author":217,"featured_media":0,"parent":0,"menu_order":0,"comment_status":"open","ping_status":"open","template":"","meta":{"footnotes":""},"class_list":["post-2","page","type-page","status-publish","hentry"],"_links":{"self":[{"href":"https:\/\/cadredidactice.ub.ro\/bontaelena\/wp-json\/wp\/v2\/pages\/2","targetHints":{"allow":["GET"]}}],"collection":[{"href":"https:\/\/cadredidactice.ub.ro\/bontaelena\/wp-json\/wp\/v2\/pages"}],"about":[{"href":"https:\/\/cadredidactice.ub.ro\/bontaelena\/wp-json\/wp\/v2\/types\/page"}],"author":[{"embeddable":true,"href":"https:\/\/cadredidactice.ub.ro\/bontaelena\/wp-json\/wp\/v2\/users\/217"}],"replies":[{"embeddable":true,"href":"https:\/\/cadredidactice.ub.ro\/bontaelena\/wp-json\/wp\/v2\/comments?post=2"}],"version-history":[{"count":0,"href":"https:\/\/cadredidactice.ub.ro\/bontaelena\/wp-json\/wp\/v2\/pages\/2\/revisions"}],"wp:attachment":[{"href":"https:\/\/cadredidactice.ub.ro\/bontaelena\/wp-json\/wp\/v2\/media?parent=2"}],"curies":[{"name":"wp","href":"https:\/\/api.w.org\/{rel}","templated":true}]}}