{"id":27,"date":"2011-03-04T15:33:59","date_gmt":"2011-03-04T13:33:59","guid":{"rendered":"http:\/\/cadredidactice.ub.ro\/bogdanrata\/?page_id=27"},"modified":"2011-03-04T15:33:59","modified_gmt":"2011-03-04T13:33:59","slug":"recunoastere-internationala","status":"publish","type":"page","link":"https:\/\/cadredidactice.ub.ro\/bogdanrata\/recunoastere-internationala\/","title":{"rendered":"Recunoa\u015ftere interna\u0163ional\u0103"},"content":{"rendered":"","protected":false},"excerpt":{"rendered":"","protected":false},"author":11,"featured_media":0,"parent":0,"menu_order":0,"comment_status":"open","ping_status":"open","template":"","meta":{"footnotes":""},"class_list":["post-27","page","type-page","status-publish","hentry"],"_links":{"self":[{"href":"https:\/\/cadredidactice.ub.ro\/bogdanrata\/wp-json\/wp\/v2\/pages\/27","targetHints":{"allow":["GET"]}}],"collection":[{"href":"https:\/\/cadredidactice.ub.ro\/bogdanrata\/wp-json\/wp\/v2\/pages"}],"about":[{"href":"https:\/\/cadredidactice.ub.ro\/bogdanrata\/wp-json\/wp\/v2\/types\/page"}],"author":[{"embeddable":true,"href":"https:\/\/cadredidactice.ub.ro\/bogdanrata\/wp-json\/wp\/v2\/users\/11"}],"replies":[{"embeddable":true,"href":"https:\/\/cadredidactice.ub.ro\/bogdanrata\/wp-json\/wp\/v2\/comments?post=27"}],"version-history":[{"count":0,"href":"https:\/\/cadredidactice.ub.ro\/bogdanrata\/wp-json\/wp\/v2\/pages\/27\/revisions"}],"wp:attachment":[{"href":"https:\/\/cadredidactice.ub.ro\/bogdanrata\/wp-json\/wp\/v2\/media?parent=27"}],"curies":[{"name":"wp","href":"https:\/\/api.w.org\/{rel}","templated":true}]}}