{"id":3,"date":"2011-03-04T17:09:22","date_gmt":"2011-03-04T15:09:22","guid":{"rendered":"http:\/\/cadredidactice.ub.ro\/balinttatiana\/lector\/"},"modified":"2011-03-05T11:13:36","modified_gmt":"2011-03-05T09:13:36","slug":"lector","status":"publish","type":"page","link":"https:\/\/cadredidactice.ub.ro\/balinttatiana\/lector\/","title":{"rendered":"Teza de doctor"},"content":{"rendered":"<h2 class=\"MsoNormal\" style=\"margin: 0cm 0cm 0pt;text-align: center\"><span style=\"color: #0000ff\">PROIECTAREA ACTIVIT\u0102\u0162ILOR DE PREDARE, \u00ceNV\u0102\u0162ARE,<\/span><\/h2>\n<h2 class=\"MsoNormal\" style=\"margin: 0cm 0cm 0pt;text-align: center\"><span style=\"color: #0000ff\">EVALUARE A CAPACIT\u0102\u0162II MOTRICE LA V\u00c2RSTA PRE\u015eCOLAR\u0102<\/span><\/h2>\n<h3 style=\"text-align: center\"><span style=\"font-size: 20pt;font-family: &quot;Arial Black&amp;quot\">\u00a0<\/span><span style=\"color: #0000ff\">C<\/span><span style=\"color: #0000ff\"><span style=\"color: #0000ff\">o<\/span>nduc\u0103tor \u015ftiin\u0163ific: Prof.univ.dr. COLIBABA-EVULE\u0162 DUMITRU\u00a0 <\/span><\/h3>\n<h3 style=\"text-align: center\"><a href=\"https:\/\/cadredidactice.ub.ro\/wp-content\/uploads\/sites\/54\/2011\/03\/teza-coperta-11.jpg\"><img loading=\"lazy\" decoding=\"async\" class=\"alignnone size-medium wp-image-41\" src=\"https:\/\/cadredidactice.ub.ro\/wp-content\/uploads\/sites\/54\/2011\/03\/teza-coperta-11-189x300.jpg\" alt=\"\" width=\"189\" height=\"300\" \/><\/a>\u00a0 <a href=\"https:\/\/cadredidactice.ub.ro\/wp-content\/uploads\/sites\/54\/2011\/03\/teza-coperta-2.jpg\"><img loading=\"lazy\" decoding=\"async\" class=\"alignnone size-medium wp-image-42\" src=\"https:\/\/cadredidactice.ub.ro\/wp-content\/uploads\/sites\/54\/2011\/03\/teza-coperta-2-209x300.jpg\" alt=\"\" width=\"209\" height=\"300\" \/><\/a><\/h3>\n<h2 style=\"text-align: center\"><span style=\"color: #0000ff\"><a href=\"https:\/\/cadredidactice.ub.ro\/wp-content\/uploads\/sites\/54\/2011\/03\/teza-word-final-19-august-2008.pdf\">Descarc\u0103 liber Teza de Doctor<\/a><\/span><\/h2>\n<h2 style=\"text-align: center\"><span style=\"color: #0000ff\"><a href=\"https:\/\/cadredidactice.ub.ro\/wp-content\/uploads\/sites\/54\/2011\/03\/anexe-teza-tatiana-final-de-scos.pdf\">Descarc\u0103 liber Anexe Teza de Doctor<\/a><\/span><\/h2>\n","protected":false},"excerpt":{"rendered":"<p>PROIECTAREA ACTIVIT\u0102\u0162ILOR DE PREDARE, \u00ceNV\u0102\u0162ARE, EVALUARE A CAPACIT\u0102\u0162II MOTRICE LA V\u00c2RSTA PRE\u015eCOLAR\u0102 \u00a0Conduc\u0103tor \u015ftiin\u0163ific: Prof.univ.dr. COLIBABA-EVULE\u0162 DUMITRU\u00a0 \u00a0 Descarc\u0103 liber Teza de Doctor Descarc\u0103 liber Anexe Teza de Doctor<\/p>\n","protected":false},"author":47,"featured_media":0,"parent":0,"menu_order":0,"comment_status":"open","ping_status":"open","template":"","meta":{"footnotes":""},"class_list":["post-3","page","type-page","status-publish","hentry"],"_links":{"self":[{"href":"https:\/\/cadredidactice.ub.ro\/balinttatiana\/wp-json\/wp\/v2\/pages\/3","targetHints":{"allow":["GET"]}}],"collection":[{"href":"https:\/\/cadredidactice.ub.ro\/balinttatiana\/wp-json\/wp\/v2\/pages"}],"about":[{"href":"https:\/\/cadredidactice.ub.ro\/balinttatiana\/wp-json\/wp\/v2\/types\/page"}],"author":[{"embeddable":true,"href":"https:\/\/cadredidactice.ub.ro\/balinttatiana\/wp-json\/wp\/v2\/users\/47"}],"replies":[{"embeddable":true,"href":"https:\/\/cadredidactice.ub.ro\/balinttatiana\/wp-json\/wp\/v2\/comments?post=3"}],"version-history":[{"count":0,"href":"https:\/\/cadredidactice.ub.ro\/balinttatiana\/wp-json\/wp\/v2\/pages\/3\/revisions"}],"wp:attachment":[{"href":"https:\/\/cadredidactice.ub.ro\/balinttatiana\/wp-json\/wp\/v2\/media?parent=3"}],"curies":[{"name":"wp","href":"https:\/\/api.w.org\/{rel}","templated":true}]}}