{"id":20,"date":"2011-03-04T19:20:19","date_gmt":"2011-03-04T17:20:19","guid":{"rendered":"http:\/\/cadredidactice.ub.ro\/balinttatiana\/?page_id=20"},"modified":"2011-03-05T11:39:18","modified_gmt":"2011-03-05T09:39:18","slug":"carti-de-specialitate","status":"publish","type":"page","link":"https:\/\/cadredidactice.ub.ro\/balinttatiana\/carti-de-specialitate\/","title":{"rendered":"C\u0103r\u0163i de specialitate"},"content":{"rendered":"<p>\u00a0<\/p>\n<h2 style=\"text-align: center\"><span style=\"color: #0000ff\">KINETOTERAPIA<\/span><\/h2>\n<h2 style=\"text-align: center\"><span style=\"color: #0000ff\">o alternativ\u0103 \u00een combaterea obezit\u0103\u0163ii<\/span><\/h2>\n<p style=\"text-align: center\"><a href=\"https:\/\/cadredidactice.ub.ro\/wp-content\/uploads\/sites\/54\/2011\/03\/koaico-coperta-14.jpg\"><img loading=\"lazy\" decoding=\"async\" class=\"alignnone size-medium wp-image-59\" src=\"https:\/\/cadredidactice.ub.ro\/wp-content\/uploads\/sites\/54\/2011\/03\/koaico-coperta-14-212x300.jpg\" alt=\"\" width=\"212\" height=\"300\" \/><\/a>\u00a0\u00a0 <a href=\"https:\/\/cadredidactice.ub.ro\/wp-content\/uploads\/sites\/54\/2011\/03\/koaico-coperta-23.jpg\"><img loading=\"lazy\" decoding=\"async\" class=\"alignnone size-medium wp-image-60\" src=\"https:\/\/cadredidactice.ub.ro\/wp-content\/uploads\/sites\/54\/2011\/03\/koaico-coperta-23-211x300.jpg\" alt=\"\" width=\"211\" height=\"300\" \/><\/a><\/p>\n<h2 style=\"text-align: center\"><span style=\"color: #0000ff\"><a href=\"https:\/\/cadredidactice.ub.ro\/wp-content\/uploads\/sites\/54\/2011\/03\/koaico-cu-cip.pdf\">Descarc\u0103 liber<\/a><\/span><\/h2>\n<p style=\"text-align: center\">\u00a0<\/p>\n<h2 style=\"text-align: center\"><span style=\"color: #0000ff\">EVALUAREA APARATULUI LOCOMOTOR<\/span><\/h2>\n<h3 style=\"text-align: center\"><span style=\"color: #0000ff\">BILAN\u0162 ARTICULAR<\/span><\/h3>\n<h3 style=\"text-align: center\"><span style=\"color: #0000ff\">BILAN\u0162 MUSCULAR<\/span><\/h3>\n<h3 style=\"text-align: center\"><span style=\"color: #0000ff\">TESTE FUNC\u0162IONALE<\/span><\/h3>\n<p style=\"text-align: center\"><a href=\"https:\/\/cadredidactice.ub.ro\/wp-content\/uploads\/sites\/54\/2011\/03\/evaluare-coperta-1.jpg\"><img loading=\"lazy\" decoding=\"async\" class=\"alignnone size-medium wp-image-63\" src=\"https:\/\/cadredidactice.ub.ro\/wp-content\/uploads\/sites\/54\/2011\/03\/evaluare-coperta-1-210x300.jpg\" alt=\"\" width=\"210\" height=\"300\" \/><\/a><\/p>\n<h2 style=\"text-align: center\"><span style=\"color: #0000ff\"><a href=\"https:\/\/cadredidactice.ub.ro\/wp-content\/uploads\/sites\/54\/2011\/03\/evaluarea-aparatului-locomotor-2007.pdf\">Descarc\u0103 liber<\/a><\/span><\/h2>\n","protected":false},"excerpt":{"rendered":"<p>\u00a0 KINETOTERAPIA o alternativ\u0103 \u00een combaterea obezit\u0103\u0163ii \u00a0\u00a0 Descarc\u0103 liber \u00a0 EVALUAREA APARATULUI LOCOMOTOR BILAN\u0162 ARTICULAR BILAN\u0162 MUSCULAR TESTE FUNC\u0162IONALE Descarc\u0103 liber<\/p>\n","protected":false},"author":47,"featured_media":0,"parent":0,"menu_order":0,"comment_status":"open","ping_status":"open","template":"","meta":{"footnotes":""},"class_list":["post-20","page","type-page","status-publish","hentry"],"_links":{"self":[{"href":"https:\/\/cadredidactice.ub.ro\/balinttatiana\/wp-json\/wp\/v2\/pages\/20","targetHints":{"allow":["GET"]}}],"collection":[{"href":"https:\/\/cadredidactice.ub.ro\/balinttatiana\/wp-json\/wp\/v2\/pages"}],"about":[{"href":"https:\/\/cadredidactice.ub.ro\/balinttatiana\/wp-json\/wp\/v2\/types\/page"}],"author":[{"embeddable":true,"href":"https:\/\/cadredidactice.ub.ro\/balinttatiana\/wp-json\/wp\/v2\/users\/47"}],"replies":[{"embeddable":true,"href":"https:\/\/cadredidactice.ub.ro\/balinttatiana\/wp-json\/wp\/v2\/comments?post=20"}],"version-history":[{"count":0,"href":"https:\/\/cadredidactice.ub.ro\/balinttatiana\/wp-json\/wp\/v2\/pages\/20\/revisions"}],"wp:attachment":[{"href":"https:\/\/cadredidactice.ub.ro\/balinttatiana\/wp-json\/wp\/v2\/media?parent=20"}],"curies":[{"name":"wp","href":"https:\/\/api.w.org\/{rel}","templated":true}]}}