{"id":2,"date":"2011-02-18T14:38:10","date_gmt":"2011-02-18T12:38:10","guid":{"rendered":""},"modified":"2024-02-09T08:43:53","modified_gmt":"2024-02-09T06:43:53","slug":"about","status":"publish","type":"page","link":"https:\/\/cadredidactice.ub.ro\/balinttatiana\/about\/","title":{"rendered":"Specializ\u0103ri \/ competen\u0163e"},"content":{"rendered":"<p>&nbsp;<\/p>\n<h2 style=\"text-align: center;\"><span style=\"color: #0000ff;\">Doctor \u00een domeniul Educa\u0163ie Fizic\u0103 \u015fi Sport<\/span><\/h2>\n<h3 style=\"text-align: center;\"><span style=\"color: #0000ff;\">\u00een baza Ordinului Ministrului Educa\u0163iei, Cercet\u0103rii \u015fi Tineretului <\/span><\/h3>\n<h3 style=\"text-align: center;\"><span style=\"color: #0000ff;\">nr. 5837 din 04.11.2008<\/span><\/h3>\n<h2 style=\"text-align: center;\"><\/h2>\n<h2 style=\"text-align: center;\"><span style=\"color: #0000ff;\">Master \u00een specializarea Kinetoterapie \u015fi Terapie Ocupa\u0163ional\u0103<\/span><\/h2>\n<h3 style=\"text-align: center;\"><span style=\"color: #0000ff;\">pe\u00a0baza sus\u0163inerii dizerta\u0163iei din sesiunea Februarie 2004 <\/span><\/h3>\n<h3 style=\"text-align: center;\"><span style=\"color: #0000ff;\">la Facultatea de Educa\u0163ie Fizic\u0103 \u015fi Sport din Universitatea din Bac\u0103u<\/span><\/h3>\n<h2 style=\"text-align: center;\"><span style=\"color: #0000ff;\">Licen\u0163iat \u00een Kinetoterapie<\/span><\/h2>\n<h3 style=\"text-align: center;\"><span style=\"color: #0000ff;\">pe\u00a0baza sus\u0163inerii\u00a0Examenului de Licen\u0163\u0103\u00a0din sesiunea Iunie 1997<\/span><\/h3>\n<h3 style=\"text-align: center;\"><span style=\"color: #0000ff;\">la Facultatea de Educa\u0163ie Fizic\u0103 \u015fi Sport din Universitatea din Bac\u0103u<\/span><\/h3>\n<h2 style=\"text-align: center;\"><\/h2>\n","protected":false},"excerpt":{"rendered":"<p>&nbsp; Doctor \u00een domeniul Educa\u0163ie Fizic\u0103 \u015fi Sport \u00een baza Ordinului Ministrului Educa\u0163iei, Cercet\u0103rii \u015fi Tineretului nr. 5837 din 04.11.2008 Master \u00een specializarea Kinetoterapie \u015fi Terapie Ocupa\u0163ional\u0103 pe\u00a0baza sus\u0163inerii dizerta\u0163iei din sesiunea Februarie 2004 la Facultatea de Educa\u0163ie Fizic\u0103 \u015fi &hellip;<\/p>\n<p class=\"read-more\"><a href=\"https:\/\/cadredidactice.ub.ro\/balinttatiana\/about\/\">Continue reading<\/a><\/p>\n","protected":false},"author":47,"featured_media":0,"parent":0,"menu_order":0,"comment_status":"closed","ping_status":"closed","template":"","meta":{"footnotes":""},"class_list":["post-2","page","type-page","status-publish","hentry"],"_links":{"self":[{"href":"https:\/\/cadredidactice.ub.ro\/balinttatiana\/wp-json\/wp\/v2\/pages\/2","targetHints":{"allow":["GET"]}}],"collection":[{"href":"https:\/\/cadredidactice.ub.ro\/balinttatiana\/wp-json\/wp\/v2\/pages"}],"about":[{"href":"https:\/\/cadredidactice.ub.ro\/balinttatiana\/wp-json\/wp\/v2\/types\/page"}],"author":[{"embeddable":true,"href":"https:\/\/cadredidactice.ub.ro\/balinttatiana\/wp-json\/wp\/v2\/users\/47"}],"replies":[{"embeddable":true,"href":"https:\/\/cadredidactice.ub.ro\/balinttatiana\/wp-json\/wp\/v2\/comments?post=2"}],"version-history":[{"count":3,"href":"https:\/\/cadredidactice.ub.ro\/balinttatiana\/wp-json\/wp\/v2\/pages\/2\/revisions"}],"predecessor-version":[{"id":82,"href":"https:\/\/cadredidactice.ub.ro\/balinttatiana\/wp-json\/wp\/v2\/pages\/2\/revisions\/82"}],"wp:attachment":[{"href":"https:\/\/cadredidactice.ub.ro\/balinttatiana\/wp-json\/wp\/v2\/media?parent=2"}],"curies":[{"name":"wp","href":"https:\/\/api.w.org\/{rel}","templated":true}]}}