{"id":16,"date":"2011-03-04T19:16:26","date_gmt":"2011-03-04T17:16:26","guid":{"rendered":"http:\/\/cadredidactice.ub.ro\/balinttatiana\/?page_id=16"},"modified":"2011-03-05T11:58:51","modified_gmt":"2011-03-05T09:58:51","slug":"cursuri-pentru-studenti","status":"publish","type":"page","link":"https:\/\/cadredidactice.ub.ro\/balinttatiana\/cursuri-pentru-studenti\/","title":{"rendered":"Cursuri pentru studen\u0163i"},"content":{"rendered":"<h2 style=\"text-align: center\"><span style=\"color: #0000ff\">KINETOPROFILAXIE<\/span><\/h2>\n<h3 style=\"text-align: center\"><span style=\"color: #0000ff\">&#8211; Curs studii de licen\u0163\u0103 &#8211;<\/span><\/h3>\n<p style=\"text-align: center\"><a href=\"https:\/\/cadredidactice.ub.ro\/wp-content\/uploads\/sites\/54\/2011\/03\/kinetoprofilaxie-coperta-1.jpg\"><img loading=\"lazy\" decoding=\"async\" class=\"alignnone size-medium wp-image-69\" src=\"https:\/\/cadredidactice.ub.ro\/wp-content\/uploads\/sites\/54\/2011\/03\/kinetoprofilaxie-coperta-1-209x300.jpg\" alt=\"\" width=\"209\" height=\"300\" \/><\/a>\u00a0 <a href=\"https:\/\/cadredidactice.ub.ro\/wp-content\/uploads\/sites\/54\/2011\/03\/kinetoprofilaxie-coperta-2.jpg\"><img loading=\"lazy\" decoding=\"async\" class=\"alignnone size-medium wp-image-70\" src=\"https:\/\/cadredidactice.ub.ro\/wp-content\/uploads\/sites\/54\/2011\/03\/kinetoprofilaxie-coperta-2-211x300.jpg\" alt=\"\" width=\"211\" height=\"300\" \/><\/a><\/p>\n<h2 style=\"text-align: center\"><span style=\"color: #0000ff\"><a href=\"https:\/\/cadredidactice.ub.ro\/wp-content\/uploads\/sites\/54\/2011\/03\/curs-kinetoprofilaxie-lucru-dobrescu.pdf\">Descarc\u0103 liber<\/a><\/span><\/h2>\n<p style=\"text-align: center\">\u00a0<\/p>\n<h2 style=\"text-align: center\"><span style=\"color: #0000ff\">PRIM AJUTOR \u015eI EVALUARE SOMATOFUNC\u0162IONAL\u0102<\/span><\/h2>\n<h3 style=\"text-align: center\"><span style=\"color: #0000ff\">&#8211; Curs studii de licen\u0163\u0103 &#8211;<\/span><\/h3>\n<p style=\"text-align: center\"><a href=\"https:\/\/cadredidactice.ub.ro\/wp-content\/uploads\/sites\/54\/2011\/03\/prim-ajutor-coperta-1.jpg\"><img loading=\"lazy\" decoding=\"async\" class=\"alignnone size-medium wp-image-73\" src=\"https:\/\/cadredidactice.ub.ro\/wp-content\/uploads\/sites\/54\/2011\/03\/prim-ajutor-coperta-1-211x300.jpg\" alt=\"\" width=\"211\" height=\"300\" \/><\/a>\u00a0 <a href=\"https:\/\/cadredidactice.ub.ro\/wp-content\/uploads\/sites\/54\/2011\/03\/prim-ajutor-coperta-2.jpg\"><img loading=\"lazy\" decoding=\"async\" class=\"alignnone size-medium wp-image-74\" src=\"https:\/\/cadredidactice.ub.ro\/wp-content\/uploads\/sites\/54\/2011\/03\/prim-ajutor-coperta-2-212x300.jpg\" alt=\"\" width=\"212\" height=\"300\" \/><\/a><\/p>\n<h2 style=\"text-align: center\"><span style=\"color: #0000ff\"><a href=\"https:\/\/cadredidactice.ub.ro\/wp-content\/uploads\/sites\/54\/2011\/03\/prim-ajutor-si-evaluare-somato-functionala-de-lucru.pdf\">Descarc\u0103 liber<\/a><\/span><\/h2>\n","protected":false},"excerpt":{"rendered":"<p>KINETOPROFILAXIE &#8211; Curs studii de licen\u0163\u0103 &#8211; \u00a0 Descarc\u0103 liber \u00a0 PRIM AJUTOR \u015eI EVALUARE SOMATOFUNC\u0162IONAL\u0102 &#8211; Curs studii de licen\u0163\u0103 &#8211; \u00a0 Descarc\u0103 liber<\/p>\n","protected":false},"author":47,"featured_media":0,"parent":0,"menu_order":0,"comment_status":"open","ping_status":"open","template":"","meta":{"footnotes":""},"class_list":["post-16","page","type-page","status-publish","hentry"],"_links":{"self":[{"href":"https:\/\/cadredidactice.ub.ro\/balinttatiana\/wp-json\/wp\/v2\/pages\/16","targetHints":{"allow":["GET"]}}],"collection":[{"href":"https:\/\/cadredidactice.ub.ro\/balinttatiana\/wp-json\/wp\/v2\/pages"}],"about":[{"href":"https:\/\/cadredidactice.ub.ro\/balinttatiana\/wp-json\/wp\/v2\/types\/page"}],"author":[{"embeddable":true,"href":"https:\/\/cadredidactice.ub.ro\/balinttatiana\/wp-json\/wp\/v2\/users\/47"}],"replies":[{"embeddable":true,"href":"https:\/\/cadredidactice.ub.ro\/balinttatiana\/wp-json\/wp\/v2\/comments?post=16"}],"version-history":[{"count":0,"href":"https:\/\/cadredidactice.ub.ro\/balinttatiana\/wp-json\/wp\/v2\/pages\/16\/revisions"}],"wp:attachment":[{"href":"https:\/\/cadredidactice.ub.ro\/balinttatiana\/wp-json\/wp\/v2\/media?parent=16"}],"curies":[{"name":"wp","href":"https:\/\/api.w.org\/{rel}","templated":true}]}}