{"id":59,"date":"2011-02-22T11:47:48","date_gmt":"2011-02-22T09:47:48","guid":{"rendered":"http:\/\/cadredidactice.ub.ro\/balintgheorghe\/?page_id=59"},"modified":"2012-03-29T12:26:24","modified_gmt":"2012-03-29T10:26:24","slug":"galerie-media","status":"publish","type":"page","link":"https:\/\/cadredidactice.ub.ro\/balintgheorghe\/galerie-media\/","title":{"rendered":"Galerie media personalit\u0103\u0163i"},"content":{"rendered":"<p style=\"text-align: center\"><a href=\"https:\/\/cadredidactice.ub.ro\/wp-content\/uploads\/sites\/66\/2011\/03\/cu-fil1.jpg\"><\/a><\/p>\n<p style=\"text-align: center\"><a href=\"https:\/\/cadredidactice.ub.ro\/wp-content\/uploads\/sites\/66\/2011\/03\/pres-fil-vice-pres-fil-apostol.jpg\"><\/a><\/p>\n<p style=\"text-align: center\"><a href=\"https:\/\/cadredidactice.ub.ro\/wp-content\/uploads\/sites\/66\/2011\/03\/dscf2977.jpg\"><img loading=\"lazy\" decoding=\"async\" class=\"size-medium wp-image-97 aligncenter\" src=\"https:\/\/cadredidactice.ub.ro\/wp-content\/uploads\/sites\/66\/2011\/03\/dscf2977-300x225.jpg\" alt=\"\" width=\"302\" height=\"219\" \/><\/a><\/p>\n<p style=\"text-align: center\"><strong>Congres<\/strong><\/p>\n<p style=\"text-align: center\"><a href=\"https:\/\/cadredidactice.ub.ro\/wp-content\/uploads\/sites\/66\/2011\/03\/cu-vicepres-cio.jpg\"><img loading=\"lazy\" decoding=\"async\" class=\"size-medium wp-image-105  aligncenter\" src=\"https:\/\/cadredidactice.ub.ro\/wp-content\/uploads\/sites\/66\/2011\/03\/cu-vicepres-cio-300x225.jpg\" alt=\"\" width=\"300\" height=\"225\" \/><\/a><\/p>\n<h3 style=\"text-align: center\">\u00cempreun\u0103 cu <span style=\"color: #0000ff\">Thomas B<\/span><span style=\"color: #0000ff\">ach \u2013 Vicepre\u015fedintele Comitetului Interna\u0163ional Olimpic l<\/span>a Al 54-lea Congres al Federa\u0163iei Interna\u0163ionale de Sanie (FIL) \u2013 Berchtesgaden, Germania, 28 iunie \u2013 1 iulie 2006<\/h3>\n<h3 style=\"text-align: center\"><a href=\"https:\/\/cadredidactice.ub.ro\/wp-content\/uploads\/sites\/66\/2011\/03\/pres-fil-vice-pres-fil-apostol.jpg\"><img loading=\"lazy\" decoding=\"async\" class=\"size-medium wp-image-115 aligncenter\" src=\"https:\/\/cadredidactice.ub.ro\/wp-content\/uploads\/sites\/66\/2011\/03\/pres-fil-vice-pres-fil-apostol-300x225.jpg\" alt=\"\" width=\"300\" height=\"225\" \/><\/a><\/h3>\n<h3 class=\"MsoNormal\" style=\"margin: 0cm 0cm 0pt;text-align: center\">Al 54-lea Congres al Federa\u0163iei Interna\u0163ionale de Sanie (FIL) \u2013 Balint Gheorghe,<\/h3>\n<h3 class=\"MsoNormal\" style=\"margin: 0cm 0cm 0pt;text-align: center\"><a href=\"http:\/\/www.sportresult.com\/federations\/FIL\/FIL\/josef_en.htm\" target=\"FEopenLink\">Jo<span style=\"color: #0000ff\">sef Fendt<\/span><\/a><span style=\"color: #0000ff\"> (Germania) \u2013 Pre\u015fedintele Federa\u0163iei Interna\u0163ionale de Sanie,<\/span><\/h3>\n<h3 class=\"MsoNormal\" style=\"margin: 0cm 0cm 0pt;text-align: center\"><span style=\"color: #0000ff\">Svein Romstad (USA) \u2013 Secretarul General al Federa\u0163iei Interna\u0163ionale de Sanie,<\/span><\/h3>\n<h3 class=\"MsoNormal\" style=\"margin: 0cm 0cm 0pt;text-align: center\"><span style=\"color: #0000ff\">Ioan Apostol (Rom\u00e2nia) \u2013 Federa\u0163ia Rom\u00e2n\u0103 de Bob \u015fi Sanie.<\/span><\/h3>\n<h3 style=\"text-align: center\"><a href=\"https:\/\/cadredidactice.ub.ro\/wp-content\/uploads\/sites\/66\/2011\/03\/cu-fil2.jpg\"><span style=\"color: #0000ff\"><img loading=\"lazy\" decoding=\"async\" class=\"alignnone size-medium wp-image-118\" src=\"https:\/\/cadredidactice.ub.ro\/wp-content\/uploads\/sites\/66\/2011\/03\/cu-fil2-300x225.jpg\" alt=\"\" width=\"300\" height=\"225\" \/><\/span><\/a><\/h3>\n<h3 class=\"MsoNormal\" style=\"margin: 0cm 0cm 0pt;text-align: center\">Reprezentantul delega\u0163iei Rom\u00e2niei desemnat de Federa\u0163ia Rom\u00e2n\u0103 de Bob \u015fi Sanie la al 54-lea Congres al Federa\u0163iei Interna\u0163ionale de Sanie (FIL), Berchtesgaden, Germania, 28 iunie \u2013 1 iulie 2006 Delega\u0163ia Rom\u00e2niei \u2013 P<span style=\"color: #0000ff\"><span style=\"color: #0000ff\">re<\/span>\u015fedintele Federa\u0163iei Rom\u00e2ne de Bob \u015fi<span>\u00a0 <\/span>Sanie \u2013 domnul Mladin Adrian<\/span><\/h3>\n<h3 class=\"MsoNormal\" style=\"margin: 0cm 0cm 0pt;text-align: center\">Balint Gheorghe.<\/h3>\n<h3 style=\"text-align: center\"><a href=\"https:\/\/cadredidactice.ub.ro\/wp-content\/uploads\/sites\/66\/2011\/03\/zakopane-cu-malys.jpg\"><img loading=\"lazy\" decoding=\"async\" class=\"alignnone size-medium wp-image-121\" src=\"https:\/\/cadredidactice.ub.ro\/wp-content\/uploads\/sites\/66\/2011\/03\/zakopane-cu-malys-300x225.jpg\" alt=\"\" width=\"300\" height=\"225\" \/><\/a><a href=\"https:\/\/cadredidactice.ub.ro\/wp-content\/uploads\/sites\/66\/2011\/03\/apostol-primar-bertesgaden-2.jpg\"><\/a><\/h3>\n<h3 style=\"text-align: center\">\u00cempreun\u0103 cu <span class=\"iocPageTitleBlockTitle\"><span style=\"color: #0000ff\">Adam M<\/span><span style=\"color: #0000ff\">ALYSZ<\/span><\/span><span style=\"color: #0000ff\"> <\/span><span class=\"iocPageTitleBlockStrapline\"><span style=\"color: #0000ff\">&#8211; o legend\u0103 a s\u0103riturilor cu schiurile &#8211;<\/span> Trambulina de la Zakopane (Polonia) februarie 2009.<\/span><\/h3>\n<h3 style=\"text-align: center\"><span class=\"iocPageTitleBlockStrapline\"><a href=\"https:\/\/cadredidactice.ub.ro\/wp-content\/uploads\/sites\/66\/2011\/03\/zakopane-cu-balint-brasov.jpg\"><img loading=\"lazy\" decoding=\"async\" class=\"alignnone size-medium wp-image-123\" src=\"https:\/\/cadredidactice.ub.ro\/wp-content\/uploads\/sites\/66\/2011\/03\/zakopane-cu-balint-brasov-300x225.jpg\" alt=\"\" width=\"300\" height=\"225\" \/><\/a><\/span><\/h3>\n<h3 style=\"text-align: center\"><span class=\"iocPageTitleBlockStrapline\">Cu D<span style=\"color: #0000ff\">omnul Profesor universitar Doctor Balint Lorand (Universitatea &#8222;Transilvania&#8221; din Bra\u015fov) &#8211;<\/span> colegul meu din cadrul Comisiei tehnice de Schi S\u0103rituri a Federa\u0163iei Rom\u00e2ne de Schi \u015fi Biatlon la trambulina de la Zakopane (Polonia) februarie 2009.<\/span><\/h3>\n","protected":false},"excerpt":{"rendered":"<p>Congres \u00cempreun\u0103 cu Thomas Bach \u2013 Vicepre\u015fedintele Comitetului Interna\u0163ional Olimpic la Al 54-lea Congres al Federa\u0163iei Interna\u0163ionale de Sanie (FIL) \u2013 Berchtesgaden, Germania, 28 iunie \u2013 1 iulie 2006 Al 54-lea Congres al Federa\u0163iei Interna\u0163ionale de Sanie (FIL) \u2013 Balint &hellip;<\/p>\n<p class=\"read-more\"><a href=\"https:\/\/cadredidactice.ub.ro\/balintgheorghe\/galerie-media\/\">Continue reading<\/a><\/p>\n","protected":false},"author":59,"featured_media":0,"parent":0,"menu_order":7,"comment_status":"open","ping_status":"open","template":"","meta":{"footnotes":""},"class_list":["post-59","page","type-page","status-publish","hentry"],"_links":{"self":[{"href":"https:\/\/cadredidactice.ub.ro\/balintgheorghe\/wp-json\/wp\/v2\/pages\/59","targetHints":{"allow":["GET"]}}],"collection":[{"href":"https:\/\/cadredidactice.ub.ro\/balintgheorghe\/wp-json\/wp\/v2\/pages"}],"about":[{"href":"https:\/\/cadredidactice.ub.ro\/balintgheorghe\/wp-json\/wp\/v2\/types\/page"}],"author":[{"embeddable":true,"href":"https:\/\/cadredidactice.ub.ro\/balintgheorghe\/wp-json\/wp\/v2\/users\/59"}],"replies":[{"embeddable":true,"href":"https:\/\/cadredidactice.ub.ro\/balintgheorghe\/wp-json\/wp\/v2\/comments?post=59"}],"version-history":[{"count":0,"href":"https:\/\/cadredidactice.ub.ro\/balintgheorghe\/wp-json\/wp\/v2\/pages\/59\/revisions"}],"wp:attachment":[{"href":"https:\/\/cadredidactice.ub.ro\/balintgheorghe\/wp-json\/wp\/v2\/media?parent=59"}],"curies":[{"name":"wp","href":"https:\/\/api.w.org\/{rel}","templated":true}]}}