{"id":55,"date":"2011-02-22T11:47:21","date_gmt":"2011-02-22T09:47:21","guid":{"rendered":"http:\/\/cadredidactice.ub.ro\/balintgheorghe\/?page_id=55"},"modified":"2011-03-04T12:55:54","modified_gmt":"2011-03-04T10:55:54","slug":"recunoastere-nationala","status":"publish","type":"page","link":"https:\/\/cadredidactice.ub.ro\/balintgheorghe\/recunoastere-nationala\/","title":{"rendered":"Recunoa\u015ftere na\u0163ional\u0103"},"content":{"rendered":"<h2 style=\"text-align: center\"><span style=\"color: #0000ff\">\u00censcris \u00een Enciclopedia Personalit\u0103\u0163ilor din Rom\u00e2nia<\/span><\/h2>\n<p style=\"text-align: center\"><a href=\"https:\/\/cadredidactice.ub.ro\/wp-content\/uploads\/sites\/66\/2011\/03\/enciclopedia-personalitatilor-din-romania.jpg\"><img loading=\"lazy\" decoding=\"async\" class=\"alignnone size-medium wp-image-260\" src=\"https:\/\/cadredidactice.ub.ro\/wp-content\/uploads\/sites\/66\/2011\/03\/enciclopedia-personalitatilor-din-romania-210x300.jpg\" alt=\"\" width=\"210\" height=\"300\" \/><\/a><\/p>\n<h2 style=\"text-align: center\"><span style=\"color: #0000ff\"><a href=\"https:\/\/cadredidactice.ub.ro\/wp-content\/uploads\/sites\/66\/2011\/03\/enciclopedia-personalitatilor-romanaia.pdf\">Descarc\u0103 Certificate of Award<\/a><\/span><\/h2>\n<p style=\"text-align: center\">\u00a0<\/p>\n<h2 style=\"text-align: center\"><span style=\"color: #0000ff\">Membru \u00een Comisia Tehnic\u0103 de Schi S\u0103rituri <\/span><\/h2>\n<h2 style=\"text-align: center\"><span style=\"color: #0000ff\">din cadrul Federa\u0163iei Rom\u00e2ne de Schi Biatlon<\/span><\/h2>\n<h2 style=\"text-align: center\"><a href=\"https:\/\/cadredidactice.ub.ro\/wp-content\/uploads\/sites\/66\/2011\/03\/membru-sarituri.jpg\"><img loading=\"lazy\" decoding=\"async\" class=\"alignnone size-medium wp-image-266\" src=\"https:\/\/cadredidactice.ub.ro\/wp-content\/uploads\/sites\/66\/2011\/03\/membru-sarituri-300x188.jpg\" alt=\"\" width=\"300\" height=\"188\" \/><\/a><\/h2>\n<h2 style=\"text-align: center\"><span style=\"color: #0000ff\"><a href=\"https:\/\/cadredidactice.ub.ro\/wp-content\/uploads\/sites\/66\/2011\/03\/membru-comisia-tehnica-sarituri.pdf\">Descarc\u0103 \u015eedin\u0163a Biroului Federal al FRSB din 12.06.2009<\/a><\/span><\/h2>\n<h2 style=\"text-align: center\"><span style=\"color: #0000ff\"><a href=\"http:\/\/www.frschibiatlon.ro\/index.php\" target=\"_blank\">Descarc\u0103 site-ul Federa\u0163iei Rom\u00e2ne de Schi Biatlon<\/a><\/span><\/h2>\n<p><a href=\"https:\/\/cadredidactice.ub.ro\/wp-content\/uploads\/sites\/66\/2011\/03\/enciclopedia-personalitatilor-din-romania2.jpg\"><\/a><\/p>\n","protected":false},"excerpt":{"rendered":"<p>\u00censcris \u00een Enciclopedia Personalit\u0103\u0163ilor din Rom\u00e2nia Descarc\u0103 Certificate of Award \u00a0 Membru \u00een Comisia Tehnic\u0103 de Schi S\u0103rituri din cadrul Federa\u0163iei Rom\u00e2ne de Schi Biatlon Descarc\u0103 \u015eedin\u0163a Biroului Federal al FRSB din 12.06.2009 Descarc\u0103 site-ul Federa\u0163iei Rom\u00e2ne de Schi Biatlon<\/p>\n","protected":false},"author":59,"featured_media":0,"parent":0,"menu_order":5,"comment_status":"open","ping_status":"open","template":"","meta":{"footnotes":""},"class_list":["post-55","page","type-page","status-publish","hentry"],"_links":{"self":[{"href":"https:\/\/cadredidactice.ub.ro\/balintgheorghe\/wp-json\/wp\/v2\/pages\/55","targetHints":{"allow":["GET"]}}],"collection":[{"href":"https:\/\/cadredidactice.ub.ro\/balintgheorghe\/wp-json\/wp\/v2\/pages"}],"about":[{"href":"https:\/\/cadredidactice.ub.ro\/balintgheorghe\/wp-json\/wp\/v2\/types\/page"}],"author":[{"embeddable":true,"href":"https:\/\/cadredidactice.ub.ro\/balintgheorghe\/wp-json\/wp\/v2\/users\/59"}],"replies":[{"embeddable":true,"href":"https:\/\/cadredidactice.ub.ro\/balintgheorghe\/wp-json\/wp\/v2\/comments?post=55"}],"version-history":[{"count":0,"href":"https:\/\/cadredidactice.ub.ro\/balintgheorghe\/wp-json\/wp\/v2\/pages\/55\/revisions"}],"wp:attachment":[{"href":"https:\/\/cadredidactice.ub.ro\/balintgheorghe\/wp-json\/wp\/v2\/media?parent=55"}],"curies":[{"name":"wp","href":"https:\/\/api.w.org\/{rel}","templated":true}]}}