{"id":53,"date":"2011-02-22T11:47:11","date_gmt":"2011-02-22T09:47:11","guid":{"rendered":"http:\/\/cadredidactice.ub.ro\/balintgheorghe\/?page_id=53"},"modified":"2017-05-08T11:00:22","modified_gmt":"2017-05-08T09:00:22","slug":"carti-de-specialitate","status":"publish","type":"page","link":"https:\/\/cadredidactice.ub.ro\/balintgheorghe\/carti-de-specialitate\/","title":{"rendered":"C\u0103r\u0163i de specialitate"},"content":{"rendered":"<h2 style=\"text-align: center\"><\/h2>\n<h2 style=\"text-align: center\"><span style=\"color: #0000ff\"><span style=\"color: #0000ff\">Metode de evaluare a poten\u0163ialului biomotric \u015fi somato-func\u0163ional pentru selec\u0163ia copiilor \u00een vederea practic\u0103rii s\u0103riturilor cu schiurile<\/span>\u00a0<\/span><\/h2>\n<h2 style=\"text-align: center\"><span style=\"color: #000080\">(<a href=\"https:\/\/cadredidactice.ub.ro\/wp-content\/uploads\/sites\/66\/2011\/02\/Metode-de-evaluare-a-poten\u0163ialului-biomotric-\u015fi-somato-func\u0163ional-pentru-selec\u0163ia-copiilor-\u00een-vederea-practic\u0103rii-s\u0103riturilor-cu-schiurile-1.pdf\" rel=\"\">descarc\u0103 liber<\/a>)<\/span><\/h2>\n<h2 style=\"padding-left: 30px;text-align: center\"><a href=\"https:\/\/cadredidactice.ub.ro\/wp-content\/uploads\/sites\/66\/2011\/02\/metode_eval.jpg\" rel=\"attachment wp-att-449\"><img loading=\"lazy\" decoding=\"async\" class=\"aligncenter size-full wp-image-449\" src=\"https:\/\/cadredidactice.ub.ro\/wp-content\/uploads\/sites\/66\/2011\/02\/metode_eval.jpg\" alt=\"metode_eval\" width=\"300\" height=\"430\" srcset=\"https:\/\/cadredidactice.ub.ro\/balintgheorghe\/files\/2011\/02\/metode_eval.jpg 300w, https:\/\/cadredidactice.ub.ro\/balintgheorghe\/files\/2011\/02\/metode_eval-209x300.jpg 209w\" sizes=\"auto, (max-width: 300px) 100vw, 300px\" \/><\/a><\/h2>\n<p>&nbsp;<\/p>\n<h2 style=\"text-align: center\"><a href=\"https:\/\/cadredidactice.ub.ro\/wp-content\/uploads\/sites\/66\/2011\/02\/Selectia-pentru-schiul-alpin-de-performan\u0163\u0103-baterie-de-teste1.pdf\">Selectia pentru schiul alpin de performan\u0163\u0103 baterie de teste<\/a><\/h2>\n<h2 style=\"text-align: center\"><span style=\"color: #000080\">(<a href=\"https:\/\/cadredidactice.ub.ro\/wp-content\/uploads\/sites\/66\/2011\/02\/Selec\u0163ia-pentru-schiul-alpin-de-performan\u0163\u0103.-Baterie-de-teste.-1.pdf\" rel=\"\">descarc\u0103 liber<\/a>)<\/span><\/h2>\n<p><a href=\"https:\/\/cadredidactice.ub.ro\/wp-content\/uploads\/sites\/66\/2011\/02\/selectia.jpg\" rel=\"attachment wp-att-450\"><img loading=\"lazy\" decoding=\"async\" class=\"aligncenter size-full wp-image-450\" src=\"https:\/\/cadredidactice.ub.ro\/wp-content\/uploads\/sites\/66\/2011\/02\/selectia.jpg\" alt=\"selectia\" width=\"300\" height=\"430\" srcset=\"https:\/\/cadredidactice.ub.ro\/balintgheorghe\/files\/2011\/02\/selectia.jpg 300w, https:\/\/cadredidactice.ub.ro\/balintgheorghe\/files\/2011\/02\/selectia-209x300.jpg 209w\" sizes=\"auto, (max-width: 300px) 100vw, 300px\" \/><\/a><\/p>\n<p>&nbsp;<\/p>\n<h2 style=\"text-align: center\"><span style=\"color: #0000ff\">Jocurile dinamice &#8211; o alternativ\u0103 pentru optimizarea lec\u0163iei de educa\u0163ie fizic\u0103 cu teme din fotbal \u00een \u00eenv\u0103\u0163\u0103m\u00e2ntul gimnazial<\/span><\/h2>\n<p style=\"text-align: center\"><a href=\"https:\/\/cadredidactice.ub.ro\/wp-content\/uploads\/sites\/66\/2011\/03\/coperta-bun-site.jpg\"><img loading=\"lazy\" decoding=\"async\" class=\"size-medium wp-image-134 alignnone\" src=\"https:\/\/cadredidactice.ub.ro\/wp-content\/uploads\/sites\/66\/2011\/03\/coperta-bun-site-209x300.jpg\" alt=\"\" width=\"209\" height=\"300\" \/><\/a>\u00a0\u00a0<a href=\"https:\/\/cadredidactice.ub.ro\/wp-content\/uploads\/sites\/66\/2011\/03\/jocurile-dinamice-2.jpg\"><img loading=\"lazy\" decoding=\"async\" class=\"alignnone size-medium wp-image-155\" src=\"https:\/\/cadredidactice.ub.ro\/wp-content\/uploads\/sites\/66\/2011\/03\/jocurile-dinamice-2.jpg\" alt=\"\" width=\"209\" height=\"297\" \/><\/a><\/p>\n<h2 style=\"text-align: center\"><a href=\"https:\/\/cadredidactice.ub.ro\/wp-content\/uploads\/sites\/66\/2011\/03\/jocurile-dinamice-si-pregatitoare-o-alternativa.pdf\">Descarc\u0103 liber<\/a><\/h2>\n<h2 style=\"text-align: center\"><span style=\"color: #0000ff\">Activit\u0103\u0163i sportiv-recreative \u015fi de timp liber:<\/span><\/h2>\n<h2 class=\"MsoNormal\" style=\"margin: 0cm 0cm 0pt;text-align: center\"><span style=\"color: #0000ff\">paintball, mountain bike, \u015fi escalad\u0103<\/span><\/h2>\n<div style=\"text-align: center\"><strong><span style=\"font-family: Arial-BoldMT;font-size: large\"><span style=\"font-family: Arial-BoldMT;font-size: large\"><span style=\"font-family: Arial-BoldMT;font-size: large\"><span style=\"font-family: Arial-BoldMT;font-size: large\"><span style=\"font-family: Arial-BoldMT;font-size: large\"><span style=\"font-family: Arial-BoldMT;font-size: large\">\u00a0<\/span><\/span><\/span><\/span><\/span><\/span><\/strong>\u00a0 <img loading=\"lazy\" decoding=\"async\" class=\"alignnone size-medium wp-image-161\" src=\"https:\/\/cadredidactice.ub.ro\/wp-content\/uploads\/sites\/66\/2011\/03\/mountainbike-2.jpg\" alt=\"\" width=\"209\" height=\"297\" \/>\u00a0 <img loading=\"lazy\" decoding=\"async\" class=\"alignnone size-medium wp-image-160\" src=\"https:\/\/cadredidactice.ub.ro\/wp-content\/uploads\/sites\/66\/2011\/03\/mountainbike.jpg\" alt=\"\" width=\"209\" height=\"295\" \/><\/div>\n<h2 style=\"text-align: center\">\u00a0<a href=\"https:\/\/cadredidactice.ub.ro\/wp-content\/uploads\/sites\/66\/2011\/03\/activitati-sportiv-recreative-si-de-timp-liber-paintball-mountain-bike-escalada1.pdf\">Descarc\u0103 liber<\/a><\/h2>\n<h2 class=\"MsoNormal\" style=\"text-align: center\"><span style=\"color: #0000ff\">Sinteze conceptuale \u00een cercetarea \u015ftiin\u0163ific\u0103 din domeniul fundamental de \u015ftiin\u0163\u0103: educa\u0163ie fizic\u0103 \u015fi sport<\/span><\/h2>\n<h2 class=\"MsoNormal\" style=\"text-align: center\"><span style=\"color: #0000ff\">Conceptual syntheses in scientific research of fundamental science: physical education and sport<\/span><\/h2>\n<h2 class=\"MsoNormal\" style=\"text-align: center\"><a href=\"https:\/\/cadredidactice.ub.ro\/wp-content\/uploads\/sites\/66\/2011\/03\/sinteze-conceptuale.jpg\"><img loading=\"lazy\" decoding=\"async\" class=\"alignnone size-medium wp-image-171\" src=\"https:\/\/cadredidactice.ub.ro\/wp-content\/uploads\/sites\/66\/2011\/03\/sinteze-conceptuale.jpg\" alt=\"\" width=\"209\" height=\"293\" \/><\/a>\u00a0 <a href=\"https:\/\/cadredidactice.ub.ro\/wp-content\/uploads\/sites\/66\/2011\/03\/sinteze-conceptuale-2.jpg\"><img loading=\"lazy\" decoding=\"async\" class=\"alignnone size-medium wp-image-172\" src=\"https:\/\/cadredidactice.ub.ro\/wp-content\/uploads\/sites\/66\/2011\/03\/sinteze-conceptuale-2-209x300.jpg\" alt=\"\" width=\"209\" height=\"300\" \/><\/a><\/h2>\n<h2 class=\"MsoNormal\" style=\"text-align: center\"><a href=\"https:\/\/cadredidactice.ub.ro\/wp-content\/uploads\/sites\/66\/2011\/03\/carte-final-prof-sinteze-buna-de-scos1.pdf\">Descarc\u0103 liber<\/a><\/h2>\n<p>&nbsp;<\/p>\n","protected":false},"excerpt":{"rendered":"<p>Metode de evaluare a poten\u0163ialului biomotric \u015fi somato-func\u0163ional pentru selec\u0163ia copiilor \u00een vederea practic\u0103rii s\u0103riturilor cu schiurile\u00a0 (descarc\u0103 liber) &nbsp; Selectia pentru schiul alpin de performan\u0163\u0103 baterie de teste (descarc\u0103 liber) &nbsp; Jocurile dinamice &#8211; o alternativ\u0103 pentru optimizarea lec\u0163iei &hellip;<\/p>\n<p class=\"read-more\"><a href=\"https:\/\/cadredidactice.ub.ro\/balintgheorghe\/carti-de-specialitate\/\">Continue reading<\/a><\/p>\n","protected":false},"author":59,"featured_media":0,"parent":0,"menu_order":4,"comment_status":"closed","ping_status":"closed","template":"","meta":{"footnotes":""},"class_list":["post-53","page","type-page","status-publish","hentry"],"_links":{"self":[{"href":"https:\/\/cadredidactice.ub.ro\/balintgheorghe\/wp-json\/wp\/v2\/pages\/53","targetHints":{"allow":["GET"]}}],"collection":[{"href":"https:\/\/cadredidactice.ub.ro\/balintgheorghe\/wp-json\/wp\/v2\/pages"}],"about":[{"href":"https:\/\/cadredidactice.ub.ro\/balintgheorghe\/wp-json\/wp\/v2\/types\/page"}],"author":[{"embeddable":true,"href":"https:\/\/cadredidactice.ub.ro\/balintgheorghe\/wp-json\/wp\/v2\/users\/59"}],"replies":[{"embeddable":true,"href":"https:\/\/cadredidactice.ub.ro\/balintgheorghe\/wp-json\/wp\/v2\/comments?post=53"}],"version-history":[{"count":11,"href":"https:\/\/cadredidactice.ub.ro\/balintgheorghe\/wp-json\/wp\/v2\/pages\/53\/revisions"}],"predecessor-version":[{"id":456,"href":"https:\/\/cadredidactice.ub.ro\/balintgheorghe\/wp-json\/wp\/v2\/pages\/53\/revisions\/456"}],"wp:attachment":[{"href":"https:\/\/cadredidactice.ub.ro\/balintgheorghe\/wp-json\/wp\/v2\/media?parent=53"}],"curies":[{"name":"wp","href":"https:\/\/api.w.org\/{rel}","templated":true}]}}