{"id":506,"date":"2017-06-07T07:57:30","date_gmt":"2017-06-07T05:57:30","guid":{"rendered":"http:\/\/cadredidactice.ub.ro\/balintgheorghe\/?page_id=506"},"modified":"2017-06-07T08:09:02","modified_gmt":"2017-06-07T06:09:02","slug":"vicepresedinte-fiep-pentru-europa-de-est","status":"publish","type":"page","link":"https:\/\/cadredidactice.ub.ro\/balintgheorghe\/prestigiu-profesional-1-international-fiep-coss-of-honor-of-physical-education\/vicepresedinte-fiep-pentru-europa-de-est\/","title":{"rendered":"VICEPRE\u015eEDINTE FIEP pentru EUROPA DE EST"},"content":{"rendered":"<h3 style=\"text-align: center\"><span style=\"color: #000080\"><strong>VICEPRE\u015eEDINTE FIEP pentru EUROPA DE EST &#8211;<\/strong> <strong>F\u00c9D\u00c9RATION INTERNATIONALE D\u00b4\u00c9DUCATION PHYSIQUE\u00a0<\/strong><\/span><\/h3>\n<h3 style=\"text-align: center\">pentru mandatul 2013 \u2013 2017 (13 ianuarie 2013 \u2013 Foz do Iguacu, Brazilia)<strong> \u0219i realegerea mea \u00een aceea\u0219i func\u021bie pentru mandatul 2017 &#8211; 2020\u00a0<\/strong>(din 14 ianuarie 2017 \u2013 Foz do Iguacu, Brazilia) \u2013 <strong><a href=\"http:\/\/fiepeurope.eu\/management.php\">http:\/\/fiepeurope.eu\/management.php<\/a> .<\/strong><\/h3>\n<p><a href=\"https:\/\/cadredidactice.ub.ro\/wp-content\/uploads\/sites\/66\/2017\/06\/Vicepresedinte-FIEP.jpg\" rel=\"attachment wp-att-509\"><img loading=\"lazy\" decoding=\"async\" class=\"aligncenter  wp-image-509\" src=\"https:\/\/cadredidactice.ub.ro\/wp-content\/uploads\/sites\/66\/2017\/06\/Vicepresedinte-FIEP-300x169.jpg\" alt=\"Vicepresedinte FIEP\" width=\"360\" height=\"203\" srcset=\"https:\/\/cadredidactice.ub.ro\/balintgheorghe\/files\/2017\/06\/Vicepresedinte-FIEP-300x169.jpg 300w, https:\/\/cadredidactice.ub.ro\/balintgheorghe\/files\/2017\/06\/Vicepresedinte-FIEP-768x432.jpg 768w, https:\/\/cadredidactice.ub.ro\/balintgheorghe\/files\/2017\/06\/Vicepresedinte-FIEP-1024x576.jpg 1024w, https:\/\/cadredidactice.ub.ro\/balintgheorghe\/files\/2017\/06\/Vicepresedinte-FIEP.jpg 1366w\" sizes=\"auto, (max-width: 360px) 100vw, 360px\" \/><\/a><\/p>\n","protected":false},"excerpt":{"rendered":"<p>VICEPRE\u015eEDINTE FIEP pentru EUROPA DE EST &#8211; F\u00c9D\u00c9RATION INTERNATIONALE D\u00b4\u00c9DUCATION PHYSIQUE\u00a0 pentru mandatul 2013 \u2013 2017 (13 ianuarie 2013 \u2013 Foz do Iguacu, Brazilia) \u0219i realegerea mea \u00een aceea\u0219i func\u021bie pentru mandatul 2017 &#8211; 2020\u00a0(din 14 ianuarie 2017 \u2013 Foz &hellip;<\/p>\n<p class=\"read-more\"><a href=\"https:\/\/cadredidactice.ub.ro\/balintgheorghe\/prestigiu-profesional-1-international-fiep-coss-of-honor-of-physical-education\/vicepresedinte-fiep-pentru-europa-de-est\/\">Continue reading<\/a><\/p>\n","protected":false},"author":59,"featured_media":0,"parent":465,"menu_order":0,"comment_status":"closed","ping_status":"closed","template":"","meta":{"footnotes":""},"class_list":["post-506","page","type-page","status-publish","hentry"],"_links":{"self":[{"href":"https:\/\/cadredidactice.ub.ro\/balintgheorghe\/wp-json\/wp\/v2\/pages\/506","targetHints":{"allow":["GET"]}}],"collection":[{"href":"https:\/\/cadredidactice.ub.ro\/balintgheorghe\/wp-json\/wp\/v2\/pages"}],"about":[{"href":"https:\/\/cadredidactice.ub.ro\/balintgheorghe\/wp-json\/wp\/v2\/types\/page"}],"author":[{"embeddable":true,"href":"https:\/\/cadredidactice.ub.ro\/balintgheorghe\/wp-json\/wp\/v2\/users\/59"}],"replies":[{"embeddable":true,"href":"https:\/\/cadredidactice.ub.ro\/balintgheorghe\/wp-json\/wp\/v2\/comments?post=506"}],"version-history":[{"count":4,"href":"https:\/\/cadredidactice.ub.ro\/balintgheorghe\/wp-json\/wp\/v2\/pages\/506\/revisions"}],"predecessor-version":[{"id":511,"href":"https:\/\/cadredidactice.ub.ro\/balintgheorghe\/wp-json\/wp\/v2\/pages\/506\/revisions\/511"}],"up":[{"embeddable":true,"href":"https:\/\/cadredidactice.ub.ro\/balintgheorghe\/wp-json\/wp\/v2\/pages\/465"}],"wp:attachment":[{"href":"https:\/\/cadredidactice.ub.ro\/balintgheorghe\/wp-json\/wp\/v2\/media?parent=506"}],"curies":[{"name":"wp","href":"https:\/\/api.w.org\/{rel}","templated":true}]}}