{"id":503,"date":"2017-06-07T07:51:32","date_gmt":"2017-06-07T05:51:32","guid":{"rendered":"http:\/\/cadredidactice.ub.ro\/balintgheorghe\/?page_id=503"},"modified":"2017-06-07T07:51:37","modified_gmt":"2017-06-07T05:51:37","slug":"fiep-europe-thulin-award-premiul-thulin","status":"publish","type":"page","link":"https:\/\/cadredidactice.ub.ro\/balintgheorghe\/prestigiu-profesional-1-international-fiep-coss-of-honor-of-physical-education\/fiep-europe-thulin-award-premiul-thulin\/","title":{"rendered":"FIEP EUROPE THULIN AWARD (PREMIUL THULIN)"},"content":{"rendered":"<p><a href=\"https:\/\/cadredidactice.ub.ro\/wp-content\/uploads\/sites\/66\/2017\/06\/Thulin-balint_gheorghe.jpg\" rel=\"attachment wp-att-475\">\u00a0<\/a><\/p>\n<h3 style=\"text-align: center\"><span style=\"color: #000080\"><strong>FIEP EUROPE THULIN AWARD (PREMIUL THULIN)<\/strong><\/span><\/h3>\n<p style=\"text-align: center\">acordat de F\u00c9D\u00c9RATION INTERNATIONALE D\u00b4\u00c9DUCATION PHYSIQUE (F.I.E.P.) din Europa personalit\u0103\u0163ilor din domeniul Educa\u0163iei Fizice, care au adus contribu\u0163ii mari la dezvoltarea educa\u0163iei fizice \u00een nivel na\u0163ional \u015fi la nivel european <strong><a href=\"http:\/\/fiepeurope.eu\/Thulin%20Price.php\">http:\/\/fiepeurope.eu\/Thulin%20Price.php<\/a><\/strong> (<strong>18 iunie 2011<\/strong> &#8211; 6th FIEP European Congress, Pore\u010d, <strong>Croatia<\/strong>).<\/p>\n<p style=\"text-align: left\"><a href=\"https:\/\/cadredidactice.ub.ro\/wp-content\/uploads\/sites\/66\/2017\/06\/Diploma-Thulin.jpg\" rel=\"attachment wp-att-472\"><img loading=\"lazy\" decoding=\"async\" class=\"size-medium wp-image-472 alignleft\" src=\"https:\/\/cadredidactice.ub.ro\/wp-content\/uploads\/sites\/66\/2017\/06\/Diploma-Thulin-223x300.jpg\" alt=\"Diploma Thulin\" width=\"223\" height=\"300\" srcset=\"https:\/\/cadredidactice.ub.ro\/balintgheorghe\/files\/2017\/06\/Diploma-Thulin-223x300.jpg 223w, https:\/\/cadredidactice.ub.ro\/balintgheorghe\/files\/2017\/06\/Diploma-Thulin-768x1035.jpg 768w, https:\/\/cadredidactice.ub.ro\/balintgheorghe\/files\/2017\/06\/Diploma-Thulin-759x1024.jpg 759w, https:\/\/cadredidactice.ub.ro\/balintgheorghe\/files\/2017\/06\/Diploma-Thulin.jpg 1272w\" sizes=\"auto, (max-width: 223px) 100vw, 223px\" \/><br \/>\n<\/a><\/p>\n<p style=\"text-align: left\"><a href=\"https:\/\/cadredidactice.ub.ro\/wp-content\/uploads\/sites\/66\/2017\/06\/Thulin-balint_gheorghe.jpg\" rel=\"attachment wp-att-475\"><img loading=\"lazy\" decoding=\"async\" class=\"size-medium wp-image-475 alignleft\" src=\"https:\/\/cadredidactice.ub.ro\/wp-content\/uploads\/sites\/66\/2017\/06\/Thulin-balint_gheorghe-300x225.jpg\" alt=\"Thulin balint_gheorghe\" width=\"300\" height=\"225\" srcset=\"https:\/\/cadredidactice.ub.ro\/balintgheorghe\/files\/2017\/06\/Thulin-balint_gheorghe-300x225.jpg 300w, https:\/\/cadredidactice.ub.ro\/balintgheorghe\/files\/2017\/06\/Thulin-balint_gheorghe.jpg 540w\" sizes=\"auto, (max-width: 300px) 100vw, 300px\" \/><br \/>\n<\/a><\/p>\n","protected":false},"excerpt":{"rendered":"<p>\u00a0 FIEP EUROPE THULIN AWARD (PREMIUL THULIN) acordat de F\u00c9D\u00c9RATION INTERNATIONALE D\u00b4\u00c9DUCATION PHYSIQUE (F.I.E.P.) din Europa personalit\u0103\u0163ilor din domeniul Educa\u0163iei Fizice, care au adus contribu\u0163ii mari la dezvoltarea educa\u0163iei fizice \u00een nivel na\u0163ional \u015fi la nivel european http:\/\/fiepeurope.eu\/Thulin%20Price.php (18 iunie &hellip;<\/p>\n<p class=\"read-more\"><a href=\"https:\/\/cadredidactice.ub.ro\/balintgheorghe\/prestigiu-profesional-1-international-fiep-coss-of-honor-of-physical-education\/fiep-europe-thulin-award-premiul-thulin\/\">Continue reading<\/a><\/p>\n","protected":false},"author":59,"featured_media":0,"parent":465,"menu_order":0,"comment_status":"closed","ping_status":"closed","template":"","meta":{"footnotes":""},"class_list":["post-503","page","type-page","status-publish","hentry"],"_links":{"self":[{"href":"https:\/\/cadredidactice.ub.ro\/balintgheorghe\/wp-json\/wp\/v2\/pages\/503","targetHints":{"allow":["GET"]}}],"collection":[{"href":"https:\/\/cadredidactice.ub.ro\/balintgheorghe\/wp-json\/wp\/v2\/pages"}],"about":[{"href":"https:\/\/cadredidactice.ub.ro\/balintgheorghe\/wp-json\/wp\/v2\/types\/page"}],"author":[{"embeddable":true,"href":"https:\/\/cadredidactice.ub.ro\/balintgheorghe\/wp-json\/wp\/v2\/users\/59"}],"replies":[{"embeddable":true,"href":"https:\/\/cadredidactice.ub.ro\/balintgheorghe\/wp-json\/wp\/v2\/comments?post=503"}],"version-history":[{"count":2,"href":"https:\/\/cadredidactice.ub.ro\/balintgheorghe\/wp-json\/wp\/v2\/pages\/503\/revisions"}],"predecessor-version":[{"id":505,"href":"https:\/\/cadredidactice.ub.ro\/balintgheorghe\/wp-json\/wp\/v2\/pages\/503\/revisions\/505"}],"up":[{"embeddable":true,"href":"https:\/\/cadredidactice.ub.ro\/balintgheorghe\/wp-json\/wp\/v2\/pages\/465"}],"wp:attachment":[{"href":"https:\/\/cadredidactice.ub.ro\/balintgheorghe\/wp-json\/wp\/v2\/media?parent=503"}],"curies":[{"name":"wp","href":"https:\/\/api.w.org\/{rel}","templated":true}]}}