{"id":499,"date":"2017-06-07T07:47:49","date_gmt":"2017-06-07T05:47:49","guid":{"rendered":"http:\/\/cadredidactice.ub.ro\/balintgheorghe\/?page_id=499"},"modified":"2017-06-07T07:49:20","modified_gmt":"2017-06-07T05:49:20","slug":"medalia-manuel-tubino","status":"publish","type":"page","link":"https:\/\/cadredidactice.ub.ro\/balintgheorghe\/prestigiu-profesional-1-international-fiep-coss-of-honor-of-physical-education\/medalia-manuel-tubino\/","title":{"rendered":"Medalia \u201eMANUEL TUBINO\u201d"},"content":{"rendered":"<h3 style=\"text-align: center\"><strong><span style=\"color: #000080\">MEDALIA \u201eMANUEL TUBINO\u201d<\/span> <\/strong><\/h3>\n<p style=\"text-align: center\">acordat\u0103 de F\u00c9D\u00c9RATION INTERNATIONALE D\u00b4\u00c9DUCATION PHYSIQUE (F.I.E.P.) pentru recunoa\u015fterea serviciilor relevante desf\u0103\u015furate \u00een FIEP MONDIAL pentru dezvoltarea educa\u0163iei fizice, sportului \u015fi activit\u0103\u0163ilor recreative, cu ocazia comemor\u0103rii a 90 de ani de activitate FIEP (<strong>13 ianuarie 2013<\/strong> \u2013 Foz do Iguacu, <strong>Brazilia<\/strong>).<\/p>\n<p style=\"text-align: left\"><a href=\"https:\/\/cadredidactice.ub.ro\/wp-content\/uploads\/sites\/66\/2017\/06\/Medalia-Tubino-Balint.jpg\" rel=\"attachment wp-att-468\"><img loading=\"lazy\" decoding=\"async\" class=\"size-medium wp-image-468 alignleft\" src=\"https:\/\/cadredidactice.ub.ro\/wp-content\/uploads\/sites\/66\/2017\/06\/Medalia-Tubino-Balint-213x300.jpg\" alt=\"Medalia Tubino Balint\" width=\"213\" height=\"300\" srcset=\"https:\/\/cadredidactice.ub.ro\/balintgheorghe\/files\/2017\/06\/Medalia-Tubino-Balint-213x300.jpg 213w, https:\/\/cadredidactice.ub.ro\/balintgheorghe\/files\/2017\/06\/Medalia-Tubino-Balint-768x1083.jpg 768w, https:\/\/cadredidactice.ub.ro\/balintgheorghe\/files\/2017\/06\/Medalia-Tubino-Balint-726x1024.jpg 726w\" sizes=\"auto, (max-width: 213px) 100vw, 213px\" \/><\/a><a href=\"https:\/\/cadredidactice.ub.ro\/wp-content\/uploads\/sites\/66\/2017\/06\/Tubino-Poza.jpg\" rel=\"attachment wp-att-473\"><img loading=\"lazy\" decoding=\"async\" class=\"size-medium wp-image-473 alignleft\" src=\"https:\/\/cadredidactice.ub.ro\/wp-content\/uploads\/sites\/66\/2017\/06\/Tubino-Poza-300x210.jpg\" alt=\"Tubino Poza\" width=\"300\" height=\"210\" srcset=\"https:\/\/cadredidactice.ub.ro\/balintgheorghe\/files\/2017\/06\/Tubino-Poza-300x210.jpg 300w, https:\/\/cadredidactice.ub.ro\/balintgheorghe\/files\/2017\/06\/Tubino-Poza-768x538.jpg 768w, https:\/\/cadredidactice.ub.ro\/balintgheorghe\/files\/2017\/06\/Tubino-Poza-1024x718.jpg 1024w, https:\/\/cadredidactice.ub.ro\/balintgheorghe\/files\/2017\/06\/Tubino-Poza.jpg 1248w\" sizes=\"auto, (max-width: 300px) 100vw, 300px\" \/><\/a><a href=\"https:\/\/cadredidactice.ub.ro\/wp-content\/uploads\/sites\/66\/2017\/06\/Medalia-Tubino.jpg\" rel=\"attachment wp-att-474\"><img loading=\"lazy\" decoding=\"async\" class=\"size-full wp-image-474 alignleft\" src=\"https:\/\/cadredidactice.ub.ro\/wp-content\/uploads\/sites\/66\/2017\/06\/Medalia-Tubino.jpg\" alt=\"Medalia Tubino\" width=\"194\" height=\"259\" \/><\/a><\/p>\n","protected":false},"excerpt":{"rendered":"<p>MEDALIA \u201eMANUEL TUBINO\u201d acordat\u0103 de F\u00c9D\u00c9RATION INTERNATIONALE D\u00b4\u00c9DUCATION PHYSIQUE (F.I.E.P.) pentru recunoa\u015fterea serviciilor relevante desf\u0103\u015furate \u00een FIEP MONDIAL pentru dezvoltarea educa\u0163iei fizice, sportului \u015fi activit\u0103\u0163ilor recreative, cu ocazia comemor\u0103rii a 90 de ani de activitate FIEP (13 ianuarie 2013 \u2013 &hellip;<\/p>\n<p class=\"read-more\"><a href=\"https:\/\/cadredidactice.ub.ro\/balintgheorghe\/prestigiu-profesional-1-international-fiep-coss-of-honor-of-physical-education\/medalia-manuel-tubino\/\">Continue reading<\/a><\/p>\n","protected":false},"author":59,"featured_media":0,"parent":465,"menu_order":0,"comment_status":"closed","ping_status":"closed","template":"","meta":{"footnotes":""},"class_list":["post-499","page","type-page","status-publish","hentry"],"_links":{"self":[{"href":"https:\/\/cadredidactice.ub.ro\/balintgheorghe\/wp-json\/wp\/v2\/pages\/499","targetHints":{"allow":["GET"]}}],"collection":[{"href":"https:\/\/cadredidactice.ub.ro\/balintgheorghe\/wp-json\/wp\/v2\/pages"}],"about":[{"href":"https:\/\/cadredidactice.ub.ro\/balintgheorghe\/wp-json\/wp\/v2\/types\/page"}],"author":[{"embeddable":true,"href":"https:\/\/cadredidactice.ub.ro\/balintgheorghe\/wp-json\/wp\/v2\/users\/59"}],"replies":[{"embeddable":true,"href":"https:\/\/cadredidactice.ub.ro\/balintgheorghe\/wp-json\/wp\/v2\/comments?post=499"}],"version-history":[{"count":2,"href":"https:\/\/cadredidactice.ub.ro\/balintgheorghe\/wp-json\/wp\/v2\/pages\/499\/revisions"}],"predecessor-version":[{"id":502,"href":"https:\/\/cadredidactice.ub.ro\/balintgheorghe\/wp-json\/wp\/v2\/pages\/499\/revisions\/502"}],"up":[{"embeddable":true,"href":"https:\/\/cadredidactice.ub.ro\/balintgheorghe\/wp-json\/wp\/v2\/pages\/465"}],"wp:attachment":[{"href":"https:\/\/cadredidactice.ub.ro\/balintgheorghe\/wp-json\/wp\/v2\/media?parent=499"}],"curies":[{"name":"wp","href":"https:\/\/api.w.org\/{rel}","templated":true}]}}