{"id":282,"date":"2011-03-06T08:52:10","date_gmt":"2011-03-06T06:52:10","guid":{"rendered":"http:\/\/cadredidactice.ub.ro\/balintgheorghe\/?page_id=282"},"modified":"2013-03-15T16:03:19","modified_gmt":"2013-03-15T14:03:19","slug":"articole-reprezentative-publicate","status":"publish","type":"page","link":"https:\/\/cadredidactice.ub.ro\/balintgheorghe\/articole-reprezentative-publicate\/","title":{"rendered":"Articole reprezentative publicate"},"content":{"rendered":"<h2 style=\"text-align: center\"><span style=\"color: #0000ff\"><\/p>\n<h1 style=\"margin: 0cm 0cm 0pt\"><span style=\"font-size: 18pt\"><span style=\"color: #0950a0\"><span style=\"font-family: Arial\">An Analysis of Performance in Elite Young Cross-Country <\/span><\/span><\/span><span style=\"font-size: 18pt\"><span style=\"color: #0950a0\"><span style=\"font-family: Arial\">Skiing: Classical Style Vs Skate Skiing<\/span><\/span><\/span><\/h1>\n<p class=\"MsoNormal\" style=\"margin: 0cm 0cm 0pt\">\n<div class=\"MsoNormal\" style=\"margin: 0cm 0cm 0pt\"><span style=\"font-family: Arial;color: #0950a0;font-size: 9pt\"><br \/>\nFrancisco P.D. la Fuente, Carlos C. Otin, Luis M. Benito, Jose M.L. Bonafonte, Marta R. Lopez, Luis P. Galloso and Balint Gheorghe<\/span><\/div>\n<div><span style=\"font-family: Arial;color: #0950a0;font-size: 9pt\"><em>Journal of Social Sciences<\/em><br \/>\n<span style=\"font-family: Arial\">DOI: <\/span><a href=\"http:\/\/dx.doi.org\/10.3844\/jssp.2011.565.568\"><span style=\"color: #0950a0\">10.3844\/jssp.2011.565.568<\/span><\/a><br \/>\nVolume 7, Issue 4<br \/>\nPages 565-568<\/span><\/div>\n<p><span style=\"font-family: Arial;color: #0950a0;font-size: 9pt\">\u00a0<\/p>\n<p><\/span><\/p>\n<h2 style=\"text-align: center\"><span style=\"color: #0000ff\"><a href=\"https:\/\/cadredidactice.ub.ro\/wp-content\/uploads\/sites\/66\/2013\/03\/1549-3652.gif\"><img loading=\"lazy\" decoding=\"async\" class=\"alignnone size-medium wp-image-359\" src=\"https:\/\/cadredidactice.ub.ro\/wp-content\/uploads\/sites\/66\/2013\/03\/1549-3652.gif\" alt=\"\" width=\"246\" height=\"291\" \/><\/a><\/span><\/h2>\n<div><\/div>\n<div>\n<h2 style=\"text-align: center\"><\/h2>\n<\/div>\n<h2 style=\"text-align: center\"><span style=\"color: #0000ff\"><\/p>\n<p class=\"MsoNormal\" style=\"margin: 0cm 0cm 0pt\"><a href=\"http:\/\/thescipub.com\/abstract\/10.3844\/jssp.2011.565.568\"><span style=\"font-family: Times New Roman;color: #800080;font-size: small\">http:\/\/thescipub.com\/abstract\/10.3844\/jssp.2011.565.568<\/span><\/a><\/p>\n<p class=\"MsoNormal\" style=\"margin: 0cm 0cm 0pt\"><span style=\"font-family: Times New Roman;color: #000000;font-size: small\"><span style=\"font-family: Arial;color: blue;font-size: 9pt\"><span style=\"font-family: Arial;color: #0950a0;font-size: 9pt\"><span style=\"font-family: Arial;color: blue;font-size: 14pt\">Descarc\u0103 <a href=\"https:\/\/cadredidactice.ub.ro\/wp-content\/uploads\/sites\/66\/2013\/03\/lucrare-isi-thompson-usa-2011.pdf\">lucrare-isi-thompson-usa-2011<\/a><\/span><span style=\"font-family: Arial;color: #0950a0;font-size: 9pt\">\u00a0<\/span><\/span><\/span><\/span><\/p>\n<p class=\"MsoNormal\" style=\"margin: 0cm 0cm 0pt\">\u00a0<\/p>\n<div><\/div>\n<p><span style=\"color: #0000ff\"><\/p>\n<p class=\"MsoNormal\" style=\"margin: 0cm 0cm 0pt\">\u00a0<\/p>\n<p>\u00a0<\/p>\n<p>\u00a0<\/p>\n<p><\/span><\/span><\/p>\n<p class=\"MsoNormal\" style=\"margin: 0cm 0cm 0pt\"><span style=\"color: #0000ff\">TEACHING STRATEGIES SUGGESTED DURING THE DIFFERENTIATED INSTRUCTION PROGRAMS FOR DIFFERENT MOTOR DEFICIENCIES CATEGORIES AT PRESCHOOL CHILDREN<\/span><\/p>\n<\/h2>\n<h3 style=\"text-align: center\"><span style=\"color: #0000ff\">Autori: Nela Tatiana Balint;\u00a0Gheorghe Balint <\/span><\/h3>\n<h3 style=\"text-align: center\"><span style=\"font-family: TimesNewRoman;font-size: x-small\"><span style=\"font-family: TimesNewRoman;font-size: x-small\"><span style=\"color: #0000ff\">Faculty of Movement Science, Sport and Health of the University of Bac\u0103u<\/span><\/span><\/span><\/h3>\n<h3 style=\"text-align: center\"><span style=\"color: #000000\">Publicat \u00een Journal of Physical Education and Sport Vol 22 no 1 March 2009, <\/span><\/h3>\n<h3 style=\"text-align: center\"><span style=\"color: #000000\">Pite\u015fti, ROM\u00c2NIA<\/span><\/h3>\n<p style=\"text-align: center\"><a href=\"https:\/\/cadredidactice.ub.ro\/wp-content\/uploads\/sites\/66\/2011\/03\/caf1.jpg\"><img loading=\"lazy\" decoding=\"async\" class=\"alignnone size-medium wp-image-292\" src=\"https:\/\/cadredidactice.ub.ro\/wp-content\/uploads\/sites\/66\/2011\/03\/caf1-191x300.jpg\" alt=\"\" width=\"191\" height=\"300\" \/><\/a>\u00a0<\/p>\n<h2 style=\"text-align: center\"><span style=\"color: #0000ff\"><a href=\"http:\/\/efsupit.ro\/images\/stories\/imgs\/JPES\/2009\/12_balint.pdf\" target=\"_blank\">Descarc\u0103 liber articolul<\/a><\/span><\/h2>\n<p style=\"text-align: center\">\u00a0<\/p>\n<h2 style=\"text-align: center\"><span style=\"color: #0000ff\">CURSUL TEORETIC FOTBAL \u2013 CURS DE FOTBAL IN FORMAT ELECTRONIC<\/span><\/h2>\n<h3 style=\"text-align: center\"><span style=\"color: #0000ff\">Autor: Lector univ. dr. BALINT GHEORGHE<\/span><\/h3>\n<p style=\"text-align: center\"><span style=\"color: #0000ff\">FEFS, Universitatea din Bac\u0103u<\/span><\/p>\n<h3 style=\"text-align: center\">Publicat \u00een Revista &#8222;\u015etiin\u0163a Sportului&#8221;, Bucure\u015fti, 2003<\/h3>\n<p style=\"text-align: center\"><a href=\"https:\/\/cadredidactice.ub.ro\/wp-content\/uploads\/sites\/66\/2011\/03\/stiinta-sportului-coperta.jpg\"><img loading=\"lazy\" decoding=\"async\" class=\"alignnone size-medium wp-image-302\" src=\"https:\/\/cadredidactice.ub.ro\/wp-content\/uploads\/sites\/66\/2011\/03\/stiinta-sportului-coperta-235x300.jpg\" alt=\"\" width=\"235\" height=\"300\" \/><\/a>\u00a0<\/p>\n<h2 style=\"text-align: center\"><span style=\"color: #0000ff\"><a href=\"http:\/\/www.sportscience.ro\/html\/reviste_2003_37-4.html\" target=\"_blank\">Descarc\u0103 liber articolul<\/a><\/span><\/h2>\n<p style=\"text-align: center\">\u00a0<\/p>\n<h2 style=\"text-align: center\"><span style=\"color: #0000ff\">STUDY REGARDING THE VERBAL AND NONVERBAL COMMUNICATION <\/span><span style=\"color: #0000ff\">DURING THE TRAINING <\/span><span style=\"color: #0000ff\">OF THE ROMANIAN NATIONAL SKI JUMPING <\/span><span style=\"color: #0000ff\">TEAM<\/span><\/h2>\n<h3 style=\"text-align: center\"><span style=\"color: #0000ff\">Autori: Gheorghe Balint; Nela Tatiana Balint<\/span><\/h3>\n<h3 style=\"text-align: center\"><span style=\"font-family: TimesNewRoman;font-size: x-small\"><span style=\"font-family: TimesNewRoman;font-size: x-small\"><span style=\"color: #0000ff\">Faculty of Movement Science, Sport and Health of the University of Bac\u0103u<\/span><\/span><\/span><\/h3>\n<h3 style=\"text-align: center\">Publicat \u00een Ovidius University Annals, Series Physical Education and Sport \/ SCIENCE, MOVEMENT AND HEALTH., Issue 2 suppl. 2010 Our JOURNAL is nationally acknowledged by C.N.C.S.I.S., being included in the B+ category publications, 2008-2010.Indexed in: INDEX COPERNICUS JOURNAL MASTER LIST, DOAJ DIRECTORY OF OPEN ACCES JOURNALS, SOCOLAR<\/h3>\n<h3 style=\"text-align: center\">pag. 415 &#8211; 418<\/h3>\n<p style=\"text-align: center\">\u00a0<a href=\"https:\/\/cadredidactice.ub.ro\/wp-content\/uploads\/sites\/66\/2011\/03\/coperta-constanta-20102.jpg\"><img loading=\"lazy\" decoding=\"async\" class=\"alignnone size-medium wp-image-321\" src=\"https:\/\/cadredidactice.ub.ro\/wp-content\/uploads\/sites\/66\/2011\/03\/coperta-constanta-20102-188x300.jpg\" alt=\"\" width=\"188\" height=\"300\" \/><\/a><a href=\"https:\/\/cadredidactice.ub.ro\/wp-content\/uploads\/sites\/66\/2011\/03\/coperta-constanta-20101.jpg\"><\/a>\u00a0<\/p>\n<h2 style=\"text-align: center\"><span style=\"color: #0000ff\"><a href=\"http:\/\/www.analefefs.ro\/anale-fefs\/2010\/issue-2-supplement\/files\/4..pdf\" target=\"_blank\">Descarc\u0103 liber articolul<\/a><\/span><\/h2>\n<p style=\"text-align: center\">\u00a0<\/p>\n<h2 style=\"text-align: center\"><span style=\"color: #0000ff\">EDUCATIE FIZICA SI SPORT \u2013 FENOMEN SOCIAL. ABORDARE AXIOMATICA <\/span><\/h2>\n<h3 style=\"text-align: center\"><span style=\"color: #0000ff\">Autori: Prof.univ. Vasile Ghenadi; Lector univ.dr. Florin Grap\u0103; Lector univ.\u00a0Gheorghe Balint<\/span><\/h3>\n<h3 style=\"text-align: center\">Publicat \u00een Revista &#8222;\u015etiin\u0163a Sportului&#8221;, Bucure\u015fti, 2002<\/h3>\n<p style=\"text-align: center\"><a href=\"https:\/\/cadredidactice.ub.ro\/wp-content\/uploads\/sites\/66\/2011\/03\/stiinta-sportului-coperta.jpg\"><img loading=\"lazy\" decoding=\"async\" class=\"alignnone size-medium wp-image-302\" src=\"https:\/\/cadredidactice.ub.ro\/wp-content\/uploads\/sites\/66\/2011\/03\/stiinta-sportului-coperta-235x300.jpg\" alt=\"\" width=\"235\" height=\"300\" \/><\/a><\/p>\n<h2 style=\"text-align: center\"><a href=\"http:\/\/www.sportscience.ro\/html\/reviste_2002_30-2.html\" target=\"_blank\">Descarc\u0103 liber articolul<\/a><\/h2>\n<p style=\"text-align: center\">\u00a0<\/p>\n<p style=\"text-align: center\">\u00a0<\/p>\n<p><\/span><\/h2>\n","protected":false},"excerpt":{"rendered":"<p>An Analysis of Performance in Elite Young Cross-Country Skiing: Classical Style Vs Skate Skiing Francisco P.D. la Fuente, Carlos C. Otin, Luis M. Benito, Jose M.L. Bonafonte, Marta R. Lopez, Luis P. Galloso and Balint Gheorghe Journal of Social Sciences &hellip;<\/p>\n<p class=\"read-more\"><a href=\"https:\/\/cadredidactice.ub.ro\/balintgheorghe\/articole-reprezentative-publicate\/\">Continue reading<\/a><\/p>\n","protected":false},"author":59,"featured_media":0,"parent":0,"menu_order":0,"comment_status":"open","ping_status":"open","template":"","meta":{"footnotes":""},"class_list":["post-282","page","type-page","status-publish","hentry"],"_links":{"self":[{"href":"https:\/\/cadredidactice.ub.ro\/balintgheorghe\/wp-json\/wp\/v2\/pages\/282","targetHints":{"allow":["GET"]}}],"collection":[{"href":"https:\/\/cadredidactice.ub.ro\/balintgheorghe\/wp-json\/wp\/v2\/pages"}],"about":[{"href":"https:\/\/cadredidactice.ub.ro\/balintgheorghe\/wp-json\/wp\/v2\/types\/page"}],"author":[{"embeddable":true,"href":"https:\/\/cadredidactice.ub.ro\/balintgheorghe\/wp-json\/wp\/v2\/users\/59"}],"replies":[{"embeddable":true,"href":"https:\/\/cadredidactice.ub.ro\/balintgheorghe\/wp-json\/wp\/v2\/comments?post=282"}],"version-history":[{"count":0,"href":"https:\/\/cadredidactice.ub.ro\/balintgheorghe\/wp-json\/wp\/v2\/pages\/282\/revisions"}],"wp:attachment":[{"href":"https:\/\/cadredidactice.ub.ro\/balintgheorghe\/wp-json\/wp\/v2\/media?parent=282"}],"curies":[{"name":"wp","href":"https:\/\/api.w.org\/{rel}","templated":true}]}}