{"id":8,"date":"2015-10-25T07:45:15","date_gmt":"2015-10-25T05:45:15","guid":{"rendered":"http:\/\/cadredidactice.ub.ro\/anghelmihaela\/?page_id=8"},"modified":"2015-12-12T23:35:04","modified_gmt":"2015-12-12T21:35:04","slug":"carti-si-cursuri-de-specialitate","status":"publish","type":"page","link":"https:\/\/cadredidactice.ub.ro\/anghelmihaela\/carti-si-cursuri-de-specialitate\/","title":{"rendered":"Car\u0163i \u015fi cursuri de specialitate"},"content":{"rendered":"<p><strong><em>Practic\u0103 \u00een sta\u0163iuni balneare \u015fi climaterice <\/em><\/strong>&#8211; <strong><em>caiet de lucr\u0103ri practice ,\u00a0Balint Tatiana, Anghel Mihaela,\u00a0978-606-527-150-0, Ed. Alma Mater, Bac\u0103u, 2011, pag.110<\/em><\/strong><\/p>\n","protected":false},"excerpt":{"rendered":"<p>Practic\u0103 \u00een sta\u0163iuni balneare \u015fi climaterice &#8211; caiet de lucr\u0103ri practice ,\u00a0Balint Tatiana, Anghel Mihaela,\u00a0978-606-527-150-0, Ed. Alma Mater, Bac\u0103u, 2011, pag.110<\/p>\n","protected":false},"author":55,"featured_media":0,"parent":0,"menu_order":0,"comment_status":"closed","ping_status":"closed","template":"","meta":{"footnotes":""},"class_list":["post-8","page","type-page","status-publish","hentry"],"_links":{"self":[{"href":"https:\/\/cadredidactice.ub.ro\/anghelmihaela\/wp-json\/wp\/v2\/pages\/8","targetHints":{"allow":["GET"]}}],"collection":[{"href":"https:\/\/cadredidactice.ub.ro\/anghelmihaela\/wp-json\/wp\/v2\/pages"}],"about":[{"href":"https:\/\/cadredidactice.ub.ro\/anghelmihaela\/wp-json\/wp\/v2\/types\/page"}],"author":[{"embeddable":true,"href":"https:\/\/cadredidactice.ub.ro\/anghelmihaela\/wp-json\/wp\/v2\/users\/55"}],"replies":[{"embeddable":true,"href":"https:\/\/cadredidactice.ub.ro\/anghelmihaela\/wp-json\/wp\/v2\/comments?post=8"}],"version-history":[{"count":0,"href":"https:\/\/cadredidactice.ub.ro\/anghelmihaela\/wp-json\/wp\/v2\/pages\/8\/revisions"}],"wp:attachment":[{"href":"https:\/\/cadredidactice.ub.ro\/anghelmihaela\/wp-json\/wp\/v2\/media?parent=8"}],"curies":[{"name":"wp","href":"https:\/\/api.w.org\/{rel}","templated":true}]}}