{"id":12,"date":"2015-10-25T07:46:10","date_gmt":"2015-10-25T05:46:10","guid":{"rendered":"http:\/\/cadredidactice.ub.ro\/anghelmihaela\/?page_id=12"},"modified":"2015-12-12T23:32:29","modified_gmt":"2015-12-12T21:32:29","slug":"curriculum-vitae","status":"publish","type":"page","link":"https:\/\/cadredidactice.ub.ro\/anghelmihaela\/curriculum-vitae\/","title":{"rendered":"Curriculum Vitae"},"content":{"rendered":"<table width=\"718\">\n<tbody>\n<tr>\n<td rowspan=\"2\" width=\"189\">&nbsp;<\/p>\n<p>&nbsp;<\/td>\n<td width=\"19\"><\/td>\n<td colspan=\"11\" rowspan=\"2\" width=\"510\"><\/td>\n<\/tr>\n<tr>\n<td width=\"19\"><\/td>\n<\/tr>\n<tr>\n<td colspan=\"2\" width=\"208\">Curriculum Vitae<\/p>\n<p>Europass<\/td>\n<td colspan=\"11\" width=\"510\"><\/td>\n<\/tr>\n<tr>\n<td colspan=\"2\" width=\"208\"><\/td>\n<td colspan=\"11\" width=\"510\"><\/td>\n<\/tr>\n<tr>\n<td colspan=\"2\" width=\"208\">Informa\u0163ii personale<\/td>\n<td colspan=\"11\" width=\"510\"><\/td>\n<\/tr>\n<tr>\n<td colspan=\"2\" width=\"208\">Nume \/ Prenume<\/td>\n<td colspan=\"11\" width=\"510\">Anghel Mihaela<\/td>\n<\/tr>\n<tr>\n<td colspan=\"2\" width=\"208\">Adresa(e)<\/td>\n<td colspan=\"11\" width=\"510\"><\/td>\n<\/tr>\n<tr>\n<td colspan=\"2\" width=\"208\">Telefon(oane)<\/td>\n<td colspan=\"5\" width=\"210\">0234.51.77.15<\/td>\n<td colspan=\"6\" width=\"301\"><\/td>\n<\/tr>\n<tr>\n<td colspan=\"2\" width=\"208\">Fax(uri)<\/td>\n<td colspan=\"11\" width=\"510\">0234.51.77.15<\/td>\n<\/tr>\n<tr>\n<td colspan=\"2\" width=\"208\">E-mail(uri)<\/td>\n<td colspan=\"11\" width=\"510\">\u00a0 \u00a0anghelina74@yahoo.com<\/td>\n<\/tr>\n<tr>\n<td colspan=\"2\" width=\"208\">Na\u0163ionalitate(-t\u0103\u0163i)<\/td>\n<td colspan=\"11\" width=\"510\">rom\u00e2n\u0103<\/td>\n<\/tr>\n<tr>\n<td colspan=\"2\" width=\"208\"><\/td>\n<td colspan=\"11\" width=\"510\"><\/td>\n<\/tr>\n<tr>\n<td colspan=\"2\" width=\"208\">Experien\u0163a profesional\u0103<\/td>\n<td colspan=\"11\" width=\"510\"><\/td>\n<\/tr>\n<tr>\n<td colspan=\"2\" width=\"208\"><\/td>\n<td colspan=\"11\" width=\"510\"><\/td>\n<\/tr>\n<tr>\n<td colspan=\"2\" width=\"208\">Perioada<\/p>\n<p>Func\u0163ia sau postul ocupat<\/p>\n<p>Numele \u015fi adresa angajatorului<\/p>\n<p>&nbsp;<\/p>\n<p>Tipul activit\u0103\u0163ii sau sectorul de activitate<\/p>\n<p>&nbsp;<\/p>\n<p>Perioada<\/p>\n<p>Func\u0163ia sau postul ocupat<\/p>\n<p>&nbsp;<\/p>\n<p>&nbsp;<\/p>\n<p>Numele \u015fi adresa angajatorului<\/p>\n<p>Tipul activit\u0103\u0163ii sau sectorul de activitate<\/p>\n<p>Perioada<\/td>\n<td colspan=\"11\" width=\"510\">1 iulie 2015 p\u0103n\u0103 \u00een prezent<\/p>\n<p>Asistent universitar doctor<\/p>\n<p>Departamentul de Kinetoterapie \u015fi Terapie ocupa\u0163ional\u0103, Facultatea de \u015etiin\u0163e ale Mi\u015fc\u0103rii, Sportului \u015fi S\u0103n\u0103t\u0103\u0163ii, Universitatea \u201eVasile Alecsandri\u201d din Bac\u0103u<\/p>\n<p>Bac\u0103u (Rom\u00e2nia0<\/p>\n<p>\u00cenv\u0103\u0163\u0103m\u00e2nt<\/p>\n<p>&nbsp;<\/p>\n<p>iulie 2015 \u2013 decembrie 2015<\/p>\n<p>Expert cadru didactic \u2013 activit\u0103\u021bi de practic\u0103 de specialitate<\/p>\n<p>Proiect POSDRU\/189\/2.1\/G\/156336: Sprijinirea studen\u0163ilor \u00een tranzi\u0163ia spre via\u0163a activ\u0103 prin stagii de practic\u0103 specializate, orientare \u00een carier\u0103 \u015fi consiliere profesional\u0103 \u2013 Sprijin pentru viitor!<\/p>\n<p>&nbsp;<\/p>\n<p>Asocia\u0163ia \u201eSf. Voievod \u015etefan cel Mare &#8211; H\u00e2rja\u201d cu sediul \u00een sat H\u00e2rja, comuna Oituz, jude\u0163ul Bac\u0103u<\/p>\n<p>Practic\u0103 de specialitate<\/p>\n<p>&nbsp;<\/p>\n<p>februarie 2006 \u2192 iunie 2015<\/td>\n<\/tr>\n<tr>\n<td colspan=\"2\" width=\"208\">Func\u0163ia sau postul ocupat<\/td>\n<td colspan=\"11\" width=\"510\">Preparator universitar<\/td>\n<\/tr>\n<tr>\n<td colspan=\"2\" width=\"208\">Numele \u015fi adresa angajatorului<\/td>\n<td colspan=\"11\" width=\"510\">Departamentul de Kinetoterapie \u015fi Terapie ocupa\u0163ional\u0103, Facultatea de \u015etiin\u0163e ale Mi\u015fc\u0103rii, Sportului \u015fi S\u0103n\u0103t\u0103\u0163ii, Universitatea \u201eVasile Alecsandri\u201d din Bac\u0103u<\/p>\n<p>Bac\u0103u (Rom\u00e2nia)<\/td>\n<\/tr>\n<tr>\n<td colspan=\"2\" width=\"208\">Tipul activit\u0103\u0163ii sau sectorul de activitate<\/td>\n<td colspan=\"11\" width=\"510\">\u00cenv\u0103\u0163\u0103m\u00e2nt<\/td>\n<\/tr>\n<tr>\n<td colspan=\"2\" width=\"208\"><\/td>\n<td colspan=\"11\" width=\"510\"><\/td>\n<\/tr>\n<tr>\n<td colspan=\"2\" width=\"208\">Perioada<\/td>\n<td colspan=\"11\" width=\"510\">1998-2008<\/td>\n<\/tr>\n<tr>\n<td colspan=\"2\" width=\"208\">Func\u0163ia sau postul ocupat<\/td>\n<td colspan=\"11\" width=\"510\">Kinetoterapeut principal<\/td>\n<\/tr>\n<tr>\n<td colspan=\"2\" width=\"208\">Numele \u015fi adresa angajatorului<\/td>\n<td colspan=\"11\" width=\"510\">Asocia\u0163ia Betania, str. Nordului 19, Bac\u0103u (Rom\u00e2nia)<\/td>\n<\/tr>\n<tr>\n<td colspan=\"2\" width=\"208\">Tipul activit\u0103\u0163ii sau sectorul de activitate<\/td>\n<td colspan=\"11\" width=\"510\">Educare-reeducarie psihoneuromotorie<\/td>\n<\/tr>\n<tr>\n<td colspan=\"2\" width=\"208\"><\/td>\n<td colspan=\"11\" width=\"510\"><\/td>\n<\/tr>\n<tr>\n<td colspan=\"2\" width=\"208\">Perioada<\/td>\n<td colspan=\"11\" width=\"510\">2008-2010<\/td>\n<\/tr>\n<tr>\n<td colspan=\"2\" width=\"208\">Func\u0163ia sau postul ocupat<\/td>\n<td colspan=\"11\" width=\"510\">Terapeut ocupa\u0163ional<\/td>\n<\/tr>\n<tr>\n<td colspan=\"2\" width=\"208\">Numele \u015fi adresa angajatorului<\/td>\n<td colspan=\"11\" width=\"510\">Asocia\u0163ia Betania, str. Nordului 19, Bac\u0103u (Rom\u00e2nia)<\/td>\n<\/tr>\n<tr>\n<td colspan=\"2\" width=\"208\">Tipul activit\u0103\u0163ii sau sectorul de activitate<\/td>\n<td colspan=\"11\" width=\"510\">Terapie ocupa\u0163ional\u0103<\/td>\n<\/tr>\n<tr>\n<td colspan=\"2\" width=\"208\"><\/td>\n<td colspan=\"11\" width=\"510\"><\/td>\n<\/tr>\n<tr>\n<td colspan=\"2\" width=\"208\">Educa\u0163ie \u015fi formare<\/td>\n<td colspan=\"11\" width=\"510\"><\/td>\n<\/tr>\n<tr>\n<td colspan=\"2\" width=\"208\"><\/td>\n<td colspan=\"11\" width=\"510\"><\/td>\n<\/tr>\n<tr>\n<td colspan=\"2\" width=\"208\">Perioada<\/td>\n<td colspan=\"11\" width=\"510\">14-18 Decembrie\u00a0 2013<\/td>\n<\/tr>\n<tr>\n<td colspan=\"2\" width=\"208\">Calificarea\/diploma ob\u0163inut\u0103<\/td>\n<td colspan=\"11\" width=\"510\">Educa\u0163ia \u015fi formarea \u00een sprijinul cre\u015fterii economice \u015fi dezvolt\u0103rii societ\u0103\u0163ii bazat\u0103 pe cunoa\u015ftere.<\/td>\n<\/tr>\n<tr>\n<td colspan=\"2\" width=\"208\">Disciplinele principale studiate\/competen\u0163ele profesionale<\/td>\n<td colspan=\"11\" width=\"510\">Auditor \u00een domeniul calit\u0103\u0163ii<\/td>\n<\/tr>\n<tr>\n<td colspan=\"2\" width=\"208\">Numele \u015fi tipul institu\u0163iei de \u00eenv\u0103\u0163\u0103m\u00e2nt\/furnizorului de formare<\/td>\n<td colspan=\"11\" width=\"510\">Univ. \u201eSpiru Haret\u2019\u2019 , \u00een parteneriat\u00a0 cu univ. Na\u0163ional\u0103 de ap\u0103rare Carol I \u015fi Pluri Consultant rom\u00e2nia, \u00een cadrul proiectuluzi Posdru \/86\/1.2\/62249, Calitatea European\u0103 \u00een \u00eenv\u0103t\u0103m\u00e2ntul superior.<\/td>\n<\/tr>\n<tr>\n<td colspan=\"2\" width=\"208\">Perioada<\/td>\n<td colspan=\"11\" width=\"510\">2011 &#8211; 2015<\/td>\n<\/tr>\n<tr>\n<td colspan=\"2\" width=\"208\">Calificarea\/diploma ob\u0163inut\u0103<\/td>\n<td colspan=\"11\" width=\"510\">Doctor<\/td>\n<\/tr>\n<tr>\n<td colspan=\"2\" width=\"208\">Disciplinele principale studiate\/competen\u0163ele profesionale<\/td>\n<td colspan=\"11\" width=\"510\">De specialitate<\/td>\n<\/tr>\n<tr>\n<td colspan=\"2\" width=\"208\">Numele \u015fi tipul institu\u0163iei de \u00eenv\u0103\u0163\u0103m\u00e2nt\/furnizorului de formare<\/td>\n<td colspan=\"11\" width=\"510\">Universitatea Na\u0163ional\u0103 de Educa\u0163ie fizic\u0103 \u015fi Sport, Bucure\u015fti<\/p>\n<p>Rom\u00e2nia<\/td>\n<\/tr>\n<tr>\n<td colspan=\"2\" width=\"208\">Perioada<\/td>\n<td colspan=\"11\" width=\"510\">2011 -2013<\/td>\n<\/tr>\n<tr>\n<td colspan=\"2\" width=\"208\">Calificarea\/diploma ob\u0163inut\u0103<\/td>\n<td colspan=\"11\" width=\"510\">cursant al proiectului POSTDRU\/86\/1.2\/S\/63545 \u2033Terapia Ocupa\u0163ional\u0103 \u015fi ingineria aplicat\u0103 \u00een echipamente pentru reabilitare \u015fi tehnologie asistativ\u0103 \u2013 specializ\u0103ri universitare europene, nou introduse \u00een Rom\u00e2nia, pentru o societate bazat\u0103 pe cunoa\u015ftere \u015fi egalitate de \u015fanse \u2033<\/td>\n<\/tr>\n<tr>\n<td colspan=\"2\" width=\"208\">Disciplinele principale studiate\/competen\u0163ele profesionale<\/td>\n<td colspan=\"11\" width=\"510\"><\/td>\n<\/tr>\n<tr>\n<td colspan=\"2\" width=\"208\">Numele \u015fi tipul institu\u0163iei de \u00eenv\u0103\u0163\u0103m\u00e2nt\/furnizorului de formare<\/td>\n<td colspan=\"11\" width=\"510\">Universitatea \u201eVasile Alecsandri\u201d din Bac\u0103u<\/p>\n<p>Bac\u0103u (Rom\u00e2nia)<\/td>\n<\/tr>\n<tr>\n<td colspan=\"2\" width=\"208\">Perioada<\/td>\n<td colspan=\"11\" width=\"510\">2001 &#8211; 2002<\/td>\n<\/tr>\n<tr>\n<td colspan=\"2\" width=\"208\">Calificarea\/diploma ob\u0163inut\u0103<\/td>\n<td colspan=\"11\" width=\"510\">Diplom\u0103 de master<\/td>\n<\/tr>\n<tr>\n<td colspan=\"2\" width=\"208\">Disciplinele principale studiate\/competen\u0163ele profesionale dob\u00e2ndite<\/td>\n<td colspan=\"11\" width=\"510\">Terapeut Ocupa\u0163ional<\/td>\n<\/tr>\n<tr>\n<td colspan=\"2\" width=\"208\">Numele \u015fi tipul institu\u0163iei de \u00eenv\u0103\u0163\u0103m\u00e2nt\/furnizorului de formare<\/td>\n<td colspan=\"11\" width=\"510\">Facultatea de \u015etiin\u0163e ale Mi\u015fc\u0103rii, Sportului \u015fi S\u0103n\u0103t\u0103\u0163ii, Universitatea \u201eVasile Alecsandri\u201d din Bac\u0103u (Studii postuniversitare)<\/p>\n<p>Bac\u0103u (Rom\u00e2nia)<\/td>\n<\/tr>\n<tr>\n<td colspan=\"2\" width=\"208\">Nivelul \u00een clasificarea na\u0163ional\u0103 sau interna\u0163ional\u0103<\/td>\n<td colspan=\"11\" width=\"510\">ISCED 5A<\/td>\n<\/tr>\n<tr>\n<td colspan=\"2\" width=\"208\"><\/td>\n<td colspan=\"11\" width=\"510\"><\/td>\n<\/tr>\n<tr>\n<td colspan=\"2\" width=\"208\">Perioada<\/td>\n<td colspan=\"11\" width=\"510\">1994 &#8211; 1998<\/td>\n<\/tr>\n<tr>\n<td colspan=\"2\" width=\"208\">Calificarea\/diploma ob\u0163inut\u0103<\/td>\n<td colspan=\"11\" width=\"510\">Diplom\u0103 de Licen\u0163\u0103<\/td>\n<\/tr>\n<tr>\n<td colspan=\"2\" width=\"208\">Disciplinele principale studiate\/competen\u0163ele profesionale dob\u00e2ndite<\/td>\n<td colspan=\"11\" width=\"510\">Anatomie, fiziopatologie;<\/p>\n<p>Kinetoterapia \u00een afec\u0163iunile ortopedico-traumatice, cardio-vasculare, respiratorii \u015fi neurologice;<\/p>\n<p>Kinetoterapia \u00een afec\u0163iunile reumatologice, pediatrice \u015fi geriatrice;<\/p>\n<p>Tehnici complementare de masaj terapeutic recuperator;<\/td>\n<\/tr>\n<tr>\n<td colspan=\"2\" width=\"208\">Numele \u015fi tipul institu\u0163iei de \u00eenv\u0103\u0163\u0103m\u00e2nt\/furnizorului de formare<\/td>\n<td colspan=\"11\" width=\"510\">Facultatea de \u015etiin\u0163e ale Mi\u015fc\u0103rii, Sportului \u015fi S\u0103n\u0103t\u0103\u0163ii, Sec\u0163ia Kinetoterapie, Universitatea \u201eVasile Alecsandri\u201d din Bac\u0103u<\/p>\n<p>Bac\u0103u (Rom\u00e2nia)<\/td>\n<\/tr>\n<tr>\n<td colspan=\"2\" width=\"208\">Nivelul \u00een clasificarea na\u0163ional\u0103 sau interna\u0163ional\u0103<\/td>\n<td colspan=\"11\" width=\"510\">ISCED 4B<\/td>\n<\/tr>\n<tr>\n<td colspan=\"2\" width=\"208\"><\/td>\n<td colspan=\"11\" width=\"510\"><\/td>\n<\/tr>\n<tr>\n<td colspan=\"2\" width=\"208\">Perioada<\/td>\n<td colspan=\"11\" width=\"510\">2009<\/td>\n<\/tr>\n<tr>\n<td colspan=\"2\" width=\"208\">Calificarea\/diploma ob\u0163inut\u0103<\/td>\n<td colspan=\"11\" width=\"510\">Certificat de absolvire a Modulului psihopedagogic<\/td>\n<\/tr>\n<tr>\n<td colspan=\"2\" width=\"208\">Numele \u015fi tipul institu\u0163iei de \u00eenv\u0103\u0163\u0103m\u00e2nt\/furnizorului de formare<\/td>\n<td colspan=\"11\" width=\"510\">Departamentul pentru Formarea Personalului Didactic, Universitatea \u201eVasile Alecsandri\u201d din Bac\u0103u<\/p>\n<p>Bac\u0103u (Rom\u00e2nia)<\/td>\n<\/tr>\n<tr>\n<td colspan=\"2\" width=\"208\"><\/td>\n<td colspan=\"11\" width=\"510\"><\/td>\n<\/tr>\n<tr>\n<td colspan=\"2\" width=\"208\">Perioada<\/td>\n<td colspan=\"11\" width=\"510\">2008<\/td>\n<\/tr>\n<tr>\n<td colspan=\"2\" width=\"208\">Calificarea\/diploma ob\u0163inut\u0103<\/td>\n<td colspan=\"11\" width=\"510\">Certificat de absolvire<\/p>\n<p>&#8222;Tradi\u0163ie \u015fi progres \u00een Farmacologie \u015fi Toxicologie clinic\u0103&#8221; (15-17.05.2008) &#8211; 4 credite EMC<\/p>\n<p>&#8222;Farmacologie, Algeziologie&#8221; (15-17.05.2008) &#8211;\u00a06 credite EMC<\/p>\n<p>&#8222;Algeziologie pentru studen\u0163i \u015fi tineri medici&#8221; (15-17.05.2008) &#8211;\u00a04 credite EMC desf\u0103\u015furate la Ia\u015fi, promov\u00e2nd evaluarea final\u0103 organizat\u0103.<\/td>\n<\/tr>\n<tr>\n<td colspan=\"2\" width=\"208\">Numele \u015fi tipul institu\u0163iei de \u00eenv\u0103\u0163\u0103m\u00e2nt\/furnizorului de formare<\/td>\n<td colspan=\"11\" width=\"510\">Cursurile au fost creditate de CMR, Ia\u015fi (Rom\u00e2nia)<\/td>\n<\/tr>\n<tr>\n<td colspan=\"2\" width=\"208\"><\/td>\n<td colspan=\"11\" width=\"510\"><\/td>\n<\/tr>\n<tr>\n<td colspan=\"2\" width=\"208\">Aptitudini \u015fi competen\u0163e personale<\/td>\n<td colspan=\"11\" width=\"510\"><\/td>\n<\/tr>\n<tr>\n<td colspan=\"2\" width=\"208\"><\/td>\n<td colspan=\"11\" width=\"510\"><\/td>\n<\/tr>\n<tr>\n<td colspan=\"2\" width=\"208\">Limba matern\u0103<\/td>\n<td colspan=\"11\" width=\"510\">Rom\u00e2n\u0103<\/td>\n<\/tr>\n<tr>\n<td colspan=\"2\" width=\"208\"><\/td>\n<td colspan=\"11\" width=\"510\"><\/td>\n<\/tr>\n<tr>\n<td colspan=\"2\" width=\"208\">Limbi str\u0103ine cunoscute<\/td>\n<td colspan=\"11\" width=\"510\">Engleza<\/td>\n<\/tr>\n<tr>\n<td colspan=\"2\" width=\"208\">Autoevaluare<\/td>\n<td width=\"9\"><\/td>\n<td colspan=\"4\" width=\"200\">\u00cen\u0163elegere<\/td>\n<td colspan=\"4\" width=\"200\">Vorbire<\/td>\n<td colspan=\"2\" width=\"100\">Scriere<\/td>\n<\/tr>\n<tr>\n<td colspan=\"2\" width=\"208\">Nivel european (*)<\/td>\n<td width=\"9\"><\/td>\n<td colspan=\"2\" width=\"100\">Ascultare<\/td>\n<td colspan=\"2\" width=\"100\">Citire<\/td>\n<td colspan=\"2\" width=\"100\">Participare la conversa\u0163ie<\/td>\n<td colspan=\"2\" width=\"100\">Discurs oral<\/td>\n<td colspan=\"2\" width=\"100\"><\/td>\n<\/tr>\n<tr>\n<td colspan=\"2\" width=\"208\">Englez\u0103<\/td>\n<td width=\"9\"><\/td>\n<td width=\"19\">B1<\/td>\n<td width=\"81\">Utilizator independent<\/td>\n<td width=\"19\">B2<\/td>\n<td width=\"81\">Utilizator independent<\/td>\n<td width=\"19\">B1<\/td>\n<td width=\"81\">Utilizator independent<\/td>\n<td width=\"19\">B1<\/td>\n<td width=\"81\">Utilizator independent<\/td>\n<td width=\"19\">A2<\/td>\n<td width=\"82\">Utilizator independent<\/td>\n<\/tr>\n<tr>\n<td colspan=\"2\" width=\"208\"><\/td>\n<td colspan=\"11\" width=\"510\">(*) <a href=\"http:\/\/europass.cedefop.europa.eu\/LanguageSelfAssessmentGrid\/ro\">Cadrului european comun de referin\u0163\u0103 pentru limbi<\/a><\/td>\n<\/tr>\n<tr>\n<td colspan=\"2\" width=\"208\"><\/td>\n<td colspan=\"11\" width=\"510\"><\/td>\n<\/tr>\n<tr>\n<td colspan=\"2\" width=\"208\">Competen\u0163e \u015fi abilit\u0103\u0163i sociale<\/td>\n<td colspan=\"11\" width=\"510\">Capacitate de interrela\u0163ionare;<\/p>\n<p>Abilit\u0103\u0163i de comunicare;<\/p>\n<p>Capacitate de lucru \u00een echip\u0103, spirit de echip\u0103;<\/td>\n<\/tr>\n<tr>\n<td colspan=\"2\" width=\"208\"><\/td>\n<td colspan=\"11\" width=\"510\"><\/td>\n<\/tr>\n<tr>\n<td colspan=\"2\" width=\"208\">Competen\u0163e \u015fi aptitudini organizatorice<\/td>\n<td colspan=\"11\" width=\"510\">Capacitate de analiz\u0103 \u015fi sintez\u0103;<\/p>\n<p>Capacitate de rezolvare a problemelor;<\/p>\n<p>Capacitate de organizare \u015fi coordonare;<\/p>\n<p>Capacitate de autocontrol \u015fi de adaptare la situa\u0163ii diverse;<\/td>\n<\/tr>\n<tr>\n<td colspan=\"2\" width=\"208\"><\/td>\n<td colspan=\"11\" width=\"510\"><\/td>\n<\/tr>\n<tr>\n<td colspan=\"2\" width=\"208\"><em>Activit\u0103\u0163i \u00een contextul c\u0103rora s-au exercitat aptitudinile sociale \u015fi organizatorice<\/em><\/td>\n<td colspan=\"11\" width=\"510\">Activit\u0103\u0163i didactice cu studen\u0163ii;<\/p>\n<p>Activit\u0103\u0163i de recuperare cu pacien\u0163ii;<\/p>\n<p>Lucru \u00een echipe interdisciplinare de recuperare;<\/p>\n<p>Particip\u0103ri la \u00eent\u00e2lniri de lucru, \u00een cadrul domeniului \u015fi al specializ\u0103rii.;<\/td>\n<\/tr>\n<tr>\n<td colspan=\"2\" width=\"208\"><\/td>\n<td colspan=\"11\" width=\"510\"><\/td>\n<\/tr>\n<tr>\n<td colspan=\"2\" width=\"208\"><em>Apartenen\u0163a la societ\u0103\u0163i \u015ftiin\u0163ifice \u00een cadrul c\u0103rora s-au exercitat aptitudinile sociale \u015fi organizatorice<\/em><\/td>\n<td colspan=\"11\" width=\"510\"><strong>\u00a0 Membr\u0103 \u00een<\/strong> <strong>ENOTHE<\/strong> (Re\u0163eaua European\u0103 de \u00cenv\u0103\u0163\u0103m\u00e2nt Superior de Terapie Ocupa\u0163ional\u0103) &#8211;\u00a0 din anul 2003;<\/p>\n<p><strong>Membr\u0103 \u00een Asocia\u0163ia Rom\u00e2n\u0103 de Algeziologie (AAR)<\/strong> &#8211;\u00a0 din anul 2007;<\/p>\n<p><strong>Membr\u0103 \u00een<\/strong> <strong>Asocia\u0163ia Kinetoterapeu\u0163ilor <\/strong>&#8211; din anul 2007;<\/p>\n<p><strong>Membr\u0103 a Consiliului \u015etiin\u0163ei Sportului din Rom\u00e2nia &#8211; <\/strong>din anul 2008.<\/p>\n<p><strong>Membr\u0103 FIEP-<\/strong> din anul 2015<\/td>\n<\/tr>\n<tr>\n<td colspan=\"2\" width=\"208\"><\/td>\n<td colspan=\"11\" width=\"510\"><\/td>\n<\/tr>\n<tr>\n<td colspan=\"2\" width=\"208\"><em>Alte activit\u0103\u0163i care atest\u0103 aptitudinile \u015fi competen\u0163ele sociale \u015fi organizatorice<\/em><\/td>\n<td colspan=\"11\" width=\"510\"><strong>Expert cadru didactic-practic\u0103 de specialitate\u00a0 <\/strong>\u00een cadrul Proiectului POSDRU\/189\/2.1\/G\/156336: Sprijinirea studen\u0163ilor \u00een tranzi\u0163ia spre via\u0163a activ\u0103 prin stagii de practic\u0103 specializate, orientare \u00een carier\u0103 \u015fi consiliere profesional\u0103 \u2013 Sprijin pentru viitor!<\/p>\n<p><strong>Membr\u0103 \u00een Comisia pe \u00cenv\u0103\u0163\u0103m\u00e2nt <\/strong>a Departamentului de Kinetoterapie \u015fi Terapie ocupa\u0163ional\u0103, \u00a0\u00a0\u00a0Facultatea de \u015etiin\u0163e ale Mi\u015fc\u0103rii, Sportului \u015fi S\u0103n\u0103t\u0103\u0163ii, din cadrul Universit\u0103\u0163ii \u201eVasile Alecsandri\u201d din Bac\u0103u, 2008-2010.<\/p>\n<p><strong>Coordonator cerc studen\u0163esc<\/strong>, 2008-2009.<\/p>\n<p><strong>\u00cendrum\u0103toare an F\u015eMSS<\/strong>, forma de \u00eenv\u0103\u0163\u0103m\u00e2nt zi, specializarea Kinetoterapie \u015fi Terapie ocupa\u0163ional\u0103, 2008 p\u00e2n\u0103 \u00een prezent.<\/p>\n<p><strong>Membr\u0103 \u00een coordonarea \u015fi organizarea Sesiunii de comunic\u0103ri studente\u015fti, <\/strong>2009 p\u00e2n\u0103 \u00een prezent.<\/p>\n<p><strong>Particip\u0103ri la mese rotunde<\/strong>, dezbateri pe tematica recuper\u0103rii \u015fi reintegr\u0103rii copiilor \u015fi persoanelor cu disabilit\u0103\u0163i<\/p>\n<p><strong>Activt\u0103\u0163i de voluntariat<\/strong> \u00eempreun\u0103 cu studen\u0163ii.<\/p>\n<p><strong>Lucru \u00een echipe de cercetare<\/strong> interdisciplinare.<\/p>\n<p><strong>Coordonarea stagiilor de practic\u0103 de specialitate.<\/strong><\/p>\n<p><strong>Abilit\u0103\u0163i cognitive \u015fi competente de coordonare activit\u0103\u0163i kinetoterapeutice pe parcursul celor 17 \u00a0ani de activitate practic\u0103.<\/strong><\/td>\n<\/tr>\n<tr>\n<td colspan=\"2\" width=\"208\"><\/td>\n<td colspan=\"11\" width=\"510\"><\/td>\n<\/tr>\n<tr>\n<td colspan=\"2\" width=\"208\">Competen\u0163e \u015fi aptitudini tehnice<\/td>\n<td colspan=\"11\" width=\"510\">Utilizare aparatur\u0103 multimedia: camer\u0103 video, scanner, videoproiector, retroproiector, video.<\/td>\n<\/tr>\n<tr>\n<td colspan=\"2\" width=\"208\"><\/td>\n<td colspan=\"11\" width=\"510\"><\/td>\n<\/tr>\n<tr>\n<td colspan=\"2\" width=\"208\">Competen\u0163e \u015fi aptitudini de utilizare a calculatorului<\/td>\n<td colspan=\"11\" width=\"510\">Windows XP\/Vista<\/p>\n<p>Microsoft Office (Word, Excel, Powerpoint)<\/td>\n<\/tr>\n<tr>\n<td colspan=\"2\" width=\"208\"><\/td>\n<td colspan=\"11\" width=\"510\"><\/td>\n<\/tr>\n<tr>\n<td colspan=\"2\" width=\"208\">Alte competen\u0163e \u015fi aptitudini<\/td>\n<td colspan=\"11\" width=\"510\">Aptitudini \u015fi competen\u0163e pentru cercetare, concretizate \u00een:<\/p>\n<p>&#8211; elaborarea \u015fi publicarea de lucr\u0103ri \u015ftiin\u0163ifice.<\/td>\n<\/tr>\n<tr>\n<td colspan=\"2\" width=\"208\"><\/td>\n<td colspan=\"11\" width=\"510\"><\/td>\n<\/tr>\n<tr>\n<td colspan=\"2\" width=\"208\">Informa\u0163ii suplimentare<\/td>\n<td colspan=\"11\" width=\"510\">Conf. univ. dr. M\u00e2rza-D\u0103nil\u0103 D\u0103nu\u0163-Nicu \u2013 Decan al Facult\u0103\u0163ii de \u015etiin\u0163e ale Mi\u015fc\u0103rii, Sportului \u015fi S\u0103n\u0103t\u0103\u0163ii, Universitatea \u201eVasile Alecsandri\u201d Bac\u0103u;<\/p>\n<p>Prof. univ. dr. Ra\u0163\u0103 Gloria \u2013 Facultatea de \u015etiin\u0163e ale Mi\u015fc\u0103rii, Sportului \u015fi S\u0103n\u0103t\u0103\u0163ii, Universitatea \u201eVasile Alecsandri\u201d Bac\u0103u.<\/td>\n<\/tr>\n<\/tbody>\n<\/table>\n","protected":false},"excerpt":{"rendered":"<p>&nbsp; &nbsp; Curriculum Vitae Europass Informa\u0163ii personale Nume \/ Prenume Anghel Mihaela Adresa(e) Telefon(oane) 0234.51.77.15 Fax(uri) 0234.51.77.15 E-mail(uri) \u00a0 \u00a0anghelina74@yahoo.com Na\u0163ionalitate(-t\u0103\u0163i) rom\u00e2n\u0103 Experien\u0163a profesional\u0103 Perioada Func\u0163ia sau postul ocupat Numele \u015fi adresa angajatorului &nbsp; Tipul activit\u0103\u0163ii sau sectorul de activitate &hellip;<\/p>\n<p class=\"read-more\"><a href=\"https:\/\/cadredidactice.ub.ro\/anghelmihaela\/curriculum-vitae\/\">Continue reading<\/a><\/p>\n","protected":false},"author":55,"featured_media":0,"parent":0,"menu_order":0,"comment_status":"closed","ping_status":"closed","template":"","meta":{"footnotes":""},"class_list":["post-12","page","type-page","status-publish","hentry"],"_links":{"self":[{"href":"https:\/\/cadredidactice.ub.ro\/anghelmihaela\/wp-json\/wp\/v2\/pages\/12","targetHints":{"allow":["GET"]}}],"collection":[{"href":"https:\/\/cadredidactice.ub.ro\/anghelmihaela\/wp-json\/wp\/v2\/pages"}],"about":[{"href":"https:\/\/cadredidactice.ub.ro\/anghelmihaela\/wp-json\/wp\/v2\/types\/page"}],"author":[{"embeddable":true,"href":"https:\/\/cadredidactice.ub.ro\/anghelmihaela\/wp-json\/wp\/v2\/users\/55"}],"replies":[{"embeddable":true,"href":"https:\/\/cadredidactice.ub.ro\/anghelmihaela\/wp-json\/wp\/v2\/comments?post=12"}],"version-history":[{"count":0,"href":"https:\/\/cadredidactice.ub.ro\/anghelmihaela\/wp-json\/wp\/v2\/pages\/12\/revisions"}],"wp:attachment":[{"href":"https:\/\/cadredidactice.ub.ro\/anghelmihaela\/wp-json\/wp\/v2\/media?parent=12"}],"curies":[{"name":"wp","href":"https:\/\/api.w.org\/{rel}","templated":true}]}}