{"id":10,"date":"2015-10-25T07:45:42","date_gmt":"2015-10-25T05:45:42","guid":{"rendered":"http:\/\/cadredidactice.ub.ro\/anghelmihaela\/?page_id=10"},"modified":"2015-12-13T10:01:00","modified_gmt":"2015-12-13T08:01:00","slug":"contributii-stiintifice","status":"publish","type":"page","link":"https:\/\/cadredidactice.ub.ro\/anghelmihaela\/contributii-stiintifice\/","title":{"rendered":"Contribu\u0163ii \u015ftiin\u0163ifice"},"content":{"rendered":"<table width=\"639\">\n<tbody>\n<tr>\n<td width=\"33\"><strong>A<\/strong><\/td>\n<td colspan=\"5\" width=\"605\"><strong>Teza de doctorat<\/strong><\/td>\n<td width=\"1\"><\/td>\n<\/tr>\n<tr>\n<td width=\"33\"><\/td>\n<td width=\"41\"><strong>A1<\/strong><\/td>\n<td colspan=\"3\" width=\"284\"><strong>Cre\u0219terea gradului de independen\u021b\u0103 func\u021bional\u0103 prin exerci\u021biu fizic la copii cu paralizii cerebrale<\/strong><\/td>\n<td width=\"280\">Doctor \u00een \u0218tiin\u0163ele Motricit\u0103\u021bii Umane,Universitatea Na\u021bional\u0103 deEduca\u021bie fizic\u0103 \u0219i Sport &#8211; Bucure\u0219ti,<\/p>\n<p>ordin de ministru nr. <strong>3869 din 19.05.2015<\/strong><\/td>\n<td width=\"1\"><\/td>\n<\/tr>\n<tr>\n<td width=\"33\"><strong>B<\/strong><\/td>\n<td colspan=\"6\" width=\"606\"><strong>C\u0103r\u0163i <\/strong><strong>publicate \u00een edituri na\u0163ionale, recunoscute CNCS, interna\u021bionale <\/strong><strong>\u015fi capitole \u00een c\u0103r\u0163i\u00a0 (articole \u00een volumele cu ISBN)<\/strong><\/td>\n<\/tr>\n<tr>\n<td width=\"33\"><\/td>\n<td width=\"41\"><strong>\u00a0B1<\/strong><\/td>\n<td width=\"174\"><strong><em>Practic\u0103 \u00een sta\u0163iuni balneare \u015fi climaterice <\/em><\/strong>&#8211; <strong><em>caiet de lucr\u0103ri practice pentru studen\u021bii \u00eenscri\u0219i la \u00eenv\u0103\u021b\u0103m\u00e2nt cu frecven\u021b\u0103 \u0219i frecven\u021b\u0103 redus\u0103<\/em><\/strong><\/td>\n<td width=\"109\"><strong>Balint Tatiana, Anghel Mihaela<\/strong><\/td>\n<td colspan=\"3\" width=\"282\">\u00a0978-606-527-150-0, Ed. Alma Mater, Bac\u0103u, 2011, pag.110,<\/td>\n<\/tr>\n<tr>\n<td width=\"33\"><strong>\u00a0 D<\/strong><\/td>\n<td colspan=\"6\" width=\"606\"><strong>Articole in-extenso publicate \u00een reviste indexate BDI sau \u00een volumele \u201eproceedings\u201d indexate BDI<\/strong><\/td>\n<\/tr>\n<tr>\n<td rowspan=\"20\" width=\"33\"><strong>\u00a0<\/strong><\/td>\n<td width=\"41\"><strong>\u00a0 D1<\/strong><\/td>\n<td width=\"174\"><strong><em>Importan\u0163a kinetoterapiei postoperatorie \u00een spina bifida chistic\u0103 cu localizare lombar\u0103.<\/em><\/strong><\/td>\n<td width=\"109\"><strong>Mihaela Anghel<\/strong> (Uricaru), Beatrice Banu<\/td>\n<td colspan=\"3\" width=\"282\">Revista\u00a0 &#8211; Studii \u015fi cercet\u0103ri de kinetoterapie, ISSN 1224 \u2013 8843, 1999 nr. 1, Bac\u0103u.<\/td>\n<\/tr>\n<tr>\n<td width=\"41\"><strong>\u00a0 D2<\/strong><\/td>\n<td width=\"174\"><strong><em>Eficien\u0163a integr\u0103rii stretching-ului asociat cu shiatsu \u00een kinetoprofilaxia accidentelor musculare la atle\u0163i.<\/em><\/strong><\/td>\n<td width=\"109\">Mihaela Anghel<\/td>\n<td colspan=\"3\" width=\"282\">Gymnasium, Revista de educa\u0163ie fizic\u0103 \u015fi sport, Bac\u0103u, ISSN: 1453-0201, 2008, nr. 13, Bac\u0103u.<\/td>\n<\/tr>\n<tr>\n<td width=\"41\"><strong>\u00a0 <\/strong><strong>\u00a0<\/strong><strong>\u00a0D3<\/strong><\/td>\n<td width=\"174\"><strong><em>Study concerning the somatic and functional parameters for the candidates matriculated at the Faculty of Movements.<\/em><\/strong><\/td>\n<td width=\"109\">Ochian\u0103 Gabriela, Mih\u0103il\u0103 Roxana, Mare\u015f Gabriel, <strong>Anghel Mihaela<\/strong>, Mihalache C\u0103t\u0103lina<\/td>\n<td colspan=\"3\" width=\"282\">Sports and Health and Science (FMSHS) session 2008, Gymnasium, Revista de educa\u0163ie fizic\u0103 \u015fi sport, Bac\u0103u, ISSN: 1453-0201, 2008, nr. 13, Bac\u0103u.<\/td>\n<\/tr>\n<tr>\n<td width=\"41\"><strong>\u00a0 <\/strong><strong>\u00a0<\/strong><strong>\u00a0D4<\/strong><\/td>\n<td width=\"174\"><strong><em>Recovery neuromotor of\u00a0 dyplegia in spina bifida cystica.<\/em><\/strong><strong><em>\u00a0<\/em><\/strong><\/td>\n<td width=\"109\"><strong>Anghel Mihaela<\/strong><\/td>\n<td colspan=\"3\" width=\"282\">Gymnasium \u2013 Journal of Educational Physical and Sport, Bac\u0103u, ISSN 1453-0201, Conferin\u0163\u0103 Interna\u0163ional\u0103tip D, 2009, nr. 2, anul X.<\/td>\n<\/tr>\n<tr>\n<td width=\"41\"><strong>\u00a0 D5<\/strong><\/td>\n<td width=\"174\"><strong><em>The importance of kinesitherapy in spina bifida cystica located in lombar area.<\/em><\/strong><\/td>\n<td width=\"109\"><strong>Anghel Mihaela<\/strong><\/td>\n<td colspan=\"3\" width=\"282\">Medicina Sportiv\u0103, The Journal of Roumanian Sports Medicine Society. Editura Universitatea Craiova, Craiova, ISSN 1841-0162, Conferin\u0163\u0103 Interna\u0163ional\u0103, tip B+, Suppliment no 2-2009.<\/td>\n<\/tr>\n<tr>\n<td width=\"41\"><strong>\u00a0<\/strong><strong>\u00a0<\/strong><strong>\u00a0D6<\/strong><\/td>\n<td width=\"174\"><strong><em>The importance of psychomotor education in children suffering from the Down Syndrom.<\/em><\/strong><\/td>\n<td width=\"109\"><strong>Anghel Mihaela, Raveica Gabriela<\/strong><\/td>\n<td colspan=\"3\" width=\"282\">Medicina Sportiv\u0103, The Journal of Roumanian Sports Medicine Society. Editura Universitatea Craiova, Craiova, ISSN 1841-0162, Conferin\u0163\u0103 Interna\u0163ional\u0103, tip B+, Suppliment no 2-2009.<\/td>\n<\/tr>\n<tr>\n<td width=\"41\"><strong>\u00a0<\/strong><strong>\u00a0<\/strong><strong>\u00a0D7<\/strong><\/td>\n<td width=\"174\"><strong><em>The role of Kinesitherapy in the congenital hip luxation<\/em><\/strong><\/td>\n<td width=\"109\">Anghel Mihaela, Anghel Alexandru Ionu\u0163<\/td>\n<td colspan=\"3\" width=\"282\">Studia Universitas Babes-Bolyai, Educatio Artis Gymnasticae, LIV, 4, 2009, Conferin\u0163\u0103 Interna\u0163ional\u0103, tip B+.<\/td>\n<\/tr>\n<tr>\n<td width=\"41\"><strong>\u00a0<\/strong><strong>\u00a0<\/strong><strong>\u00a0D8<\/strong><\/td>\n<td width=\"174\"><strong><em>Role Occupational therapy in social integration of the child with disabilities.<\/em><\/strong><strong><em>\u00a0<\/em><\/strong><\/td>\n<td width=\"109\"><strong>Anghel Mihaela, <\/strong>Raveica Gabriela<\/td>\n<td colspan=\"3\" width=\"282\">Buletin stiin\u0163ific seria educa\u0163ie fizic\u0103 \u015fi sport. Pite\u015fti. Romania, ISSN 1453-1194,\u00a0\u00a0 Conferin\u0163\u0103 Interna\u0163ional\u0103, tip B+, BDI, Volum*: Nr.14\u00a0 An* 2010.<\/td>\n<\/tr>\n<tr>\n<td width=\"41\"><strong>\u00a0 <\/strong><strong>\u00a0<\/strong><strong>\u00a0<\/strong><\/p>\n<p><strong>\u00a0D9<\/strong><\/td>\n<td width=\"174\"><strong><em>The role of Occupational Therapy versus Physiotherapy in social integration of the child with disabilities<\/em><\/strong><\/td>\n<td width=\"109\"><strong>Anghel Mihaela, <\/strong>Raveica Gabriela<\/td>\n<td colspan=\"3\" width=\"282\">Buletin stiin\u0163ific seria educa\u0163ie fizic\u0103 \u015fi sport. Bac\u0103u, Rom\u00e2nia, 12-15 noiembrie, 2010, Issn 2069 \u2013 2269, tip B+\u00a0\u00a0\u00a0\u00a0\u00a0\u00a0\u00a0\u00a0\u00a0\u00a0\u00a0 Volum*: Nr.1\u00a0 An* 2010<\/td>\n<\/tr>\n<tr>\n<td width=\"41\"><strong>\u00a0D10<\/strong><\/td>\n<td width=\"174\"><strong><em>Analyze of occupational performance trough PEOM, theoretic model from Occupational therapy- study of case<\/em><\/strong><\/td>\n<td width=\"109\"><strong>Anghel Mihaela, <\/strong>Cristu\u0163a Alina<\/td>\n<td colspan=\"3\" width=\"282\">Gymnasium \u2013 Journal of Educational Physical and Sport, Conferin\u0163\u0103 Interna\u0163ional\u0103, Bac\u0103u, 27-28 mai 2011, ISSN 2069-2269<\/td>\n<\/tr>\n<tr>\n<td width=\"41\"><strong>\u00a0D11<\/strong><\/td>\n<td width=\"174\"><strong><em>Evaluation of the occupational performance using the MOHO model &#8211; case study<\/em><\/strong><\/td>\n<td width=\"109\">Cristu\u0163\u0103 Mihaela Alina<strong>, Anghel Mihaela<\/strong><\/td>\n<td colspan=\"3\" width=\"282\">Gymnasium \u2013 Journal of Educational Physical and Sport, Conferin\u0163\u0103 Interna\u0163ional\u0103, Bac\u0103u, 27-28 mai 2011, ISSN 2069-2269<\/td>\n<\/tr>\n<tr>\n<td width=\"41\"><strong>\u00a0D12<\/strong><\/td>\n<td width=\"174\"><strong><em>The presentation of role of occupational therapy in Syndrome West trough one case history<\/em><\/strong><\/td>\n<td width=\"109\"><strong>Anghel Mihaela<\/strong><\/td>\n<td colspan=\"3\" width=\"282\">MEDICINA SPORTIV\u0102 \u2013 SPORT MEDICINE JOURNAL CRAIOVA, Conferin\u0163\u0103 Interna\u0163ional\u0103, tip B+. ISSN* 1841-0162, Supliment 4, octombrie 2011<\/td>\n<\/tr>\n<tr>\n<td width=\"41\"><strong>\u00a0D13<\/strong><\/td>\n<td width=\"174\"><strong><em>The presentation of role of occupational therapy in Syndrome West trough one case history<\/em><\/strong><em>, , <\/em><strong><em>\u00a0<\/em><\/strong><\/td>\n<td width=\"109\"><strong>Anghel Mihaela<\/strong><\/td>\n<td colspan=\"3\" width=\"282\">MEDICINA SPORTIV\u0102 \u2013 SPORT MEDICINE JOURNAL CRAIOVA, Conferin\u0163\u0103 Interna\u0163ional\u0103, tip B+. ISSN* 1841-0162, Supliment 4, octombrie 2011<\/td>\n<\/tr>\n<tr>\n<td width=\"41\"><strong>\u00a0D14<\/strong><\/td>\n<td width=\"174\"><strong><em>Role of physical therapy in recovering musculoskeletal sequelae to hemiplegic shoulder ligament<\/em><\/strong><\/td>\n<td width=\"109\"><strong>Anghel Mihaela<\/strong>,<\/p>\n<p>Ra\u0163\u0103 Gloria<\/td>\n<td colspan=\"3\" width=\"282\">Journal of Sport and Kinetic Mouvement, University of Craiova, Conferin\u0163\u0103 Interna\u0163ional\u0103, tip B+, Volum* I\u00a0 Nr.*\u00a0 21\u00a0 An* 2013, ISSN* 2286 \u2013 3524; ISSN-L 2286 \u2013 3524<\/td>\n<\/tr>\n<tr>\n<td width=\"41\"><strong>\u00a0D15<\/strong><\/td>\n<td width=\"174\"><strong><em>Optimizing psyho-motor education program for children with cerebral palcy.<\/em><\/strong><em>\u00a0<\/em><em>\u00a0<\/em><\/p>\n<p><em>\u00a0<\/em><\/p>\n<p><em>\u00a0<\/em><\/td>\n<td width=\"109\"><strong>Anghel Mihaela<\/strong>,<\/p>\n<p>Ra\u0163\u0103 Gloria<\/td>\n<td colspan=\"3\" width=\"282\">Journal of Sport and Kinetic Mouvement,University of Bacau, Conferin\u0163\u0103 Interna\u0163ional\u0103, tip B+, Supliment, An* 2013, ISSN* 2286 \u2013 3524; ISSN-L 2286 \u2013 3524<\/td>\n<\/tr>\n<tr>\n<td width=\"41\"><strong>\u00a0D16<\/strong><\/td>\n<td width=\"174\"><strong><em>Role of physical therapy in improvement spasticity in children with cerebral palcy.<\/em><\/strong><em>\u00a0<\/em><\/td>\n<td width=\"109\"><strong>Anghel Mihaela<\/strong><\/td>\n<td colspan=\"3\" width=\"282\">Journal of Sport and Kinetic Mouvement, University of Craiova, Conferin\u0163\u0103 Interna\u0163ional\u0103, tip B+, Volum* I\u00a0 Nr.*\u00a0 21\u00a0 An* 2013, ISSN* 2286 \u2013 3524; ISSN-L 2286 \u2013 3524<\/td>\n<\/tr>\n<tr>\n<td width=\"41\"><strong>\u00a0D17<\/strong><\/td>\n<td width=\"174\"><strong><em>Passive<\/em><\/strong><strong><em> and<\/em><\/strong><strong><em> active<\/em><\/strong><strong><em> role<\/em><\/strong><strong><em> \u00een<\/em><\/strong><strong><em> recovery<\/em><\/strong><strong><em> physical<\/em><\/strong><strong><em> therapy<\/em><\/strong><strong><em> congenital<\/em><\/strong><strong><em> childfoot<\/em><\/strong><strong><em> in<\/em><\/strong><strong><em> infants,<\/em><\/strong><strong><em> case<\/em><\/strong><strong><em> study<\/em><\/strong><\/td>\n<td width=\"109\"><strong>Anghel Mihaela<\/strong><\/td>\n<td colspan=\"3\" width=\"282\">Gymnasium \u2013 Journal of Educational Physical and Sport, Conferin\u0163\u0103 Interna\u0163ional\u0103, tip BDI, Bac\u0103u, vol, XV, 2014, ISSN 1453-0201, Indexat \u00een baza de date*: Index Copernicus, J \u2013 Gate, DOAJ, Ulrich`s, EBSCO, SPORTDiscus<\/td>\n<\/tr>\n<tr>\n<td width=\"41\"><strong>\u00a0 D18<\/strong><\/td>\n<td width=\"174\"><strong><em>Psycal therapy in increasing role functional independence in children <\/em><\/strong><strong><em>cerebral palsy<\/em><\/strong><\/td>\n<td width=\"109\"><strong>Anghel Mihaela<\/strong><\/td>\n<td colspan=\"3\" width=\"282\">SPORT \u015eI SOCIETATE. Revista de Educa\u0163ie Fizic\u0103, Sport \u015fi \u015etiin\u0163e Conexe Ia\u015fi, vol. 14, 2014, ISSN 1582-2168, \u00a0EBSCO SPORTSDiscus DOAJ, PROQUEST Ulrich&#8217;s, Index Copernicus, Academic Journals Database, Consiliul Na\u0163ional pentru Cercetare \u015etiin\u0163ific\u0103 din Romania (2011): B+scipio.ro<\/td>\n<\/tr>\n<tr>\n<td width=\"41\"><strong>D19<\/strong><\/td>\n<td width=\"174\"><strong>Physical exercise, ameans of improving the quality of life in children with cerebral palsy<\/strong><\/td>\n<td width=\"109\"><strong>Anghel Mihaela,<\/strong><\/p>\n<p>Ra\u0163\u0103 Gloria<\/td>\n<td colspan=\"3\" width=\"282\">Discobolul \u2013 Physical Education, Sport and Kinetotherapy Journal, ISSN (online) 2286 \u2013 3702; ISSN\u2013L 1454 \u2013 3907, January-March 2015 Vol. XI no.1 (39), p. 47-52, Index Copernicus, Journals Master List, Poland, SCIPIO, Romanian Editorial Platform, J-Gate, DAIJ, SIS &#8211; Scientific Indexing Service, OAJI.net (Open Academic Journals Index),Google Academic<\/td>\n<\/tr>\n<tr>\n<td width=\"41\"><strong>D20<\/strong><\/td>\n<td width=\"174\"><strong>Study on the Functional Level in Children with Cerebral Palsy<\/strong><\/td>\n<td width=\"109\"><strong>Anghel Mihaela,<\/strong><\/p>\n<p>Ra\u0163\u0103 Gloria<\/td>\n<td colspan=\"3\" width=\"282\">Discobolul \u2013 Physical Education, Sport and Kinetotherapy Journal, ISSN (online) 2286 \u2013 3702; ISSN\u2013L 1454 \u2013 3907, January-March 2015, Vol. XI, No.2(40), p. 67-72, Index Copernicus, Journals Master List, Poland, SCIPIO, Romanian Editorial Platform, J-Gate, DAIJ, SIS &#8211; Scientific Indexing Service, OAJI.net (Open Academic Journals Index),Google Academic<\/td>\n<\/tr>\n<tr>\n<td width=\"33\"><strong>\u00a0\u00a0 G<\/strong><\/td>\n<td colspan=\"6\" width=\"606\"><strong>Alte lucr\u0103ri \u015fi contribu\u0163ii \u015ftiin\u0163ifice<\/strong><\/td>\n<\/tr>\n<tr>\n<td width=\"33\"><strong>\u00a0<\/strong><\/td>\n<td width=\"41\"><strong>G1<\/strong><\/td>\n<td width=\"174\"><strong><em>Terapia Ocupa\u0163ional\u0103 \u015fi traumatismul cranio\u2013cerebral.<\/em><\/strong><\/td>\n<td width=\"109\"><strong>Mihaela Anghel<\/strong>,\u00a0 Ana \u2013 Maria Dunes \u2013 Manghiuc, prep. Univ. Oradea \u2013 RO, Petya Mincheva kinetoterapeut \u2013 univ. Russe \u2013 BU,<\/td>\n<td colspan=\"3\" width=\"282\">Seminar Interna\u0163ional \u00een cadrul proiectului de tip Joint Action (Leonardo, Socrates, Youth), 113161 \u2013 JA \u2013 I \u2013 2003 \u2013 1, Oradea.<\/td>\n<\/tr>\n<\/tbody>\n<\/table>\n","protected":false},"excerpt":{"rendered":"<p>A Teza de doctorat A1 Cre\u0219terea gradului de independen\u021b\u0103 func\u021bional\u0103 prin exerci\u021biu fizic la copii cu paralizii cerebrale Doctor \u00een \u0218tiin\u0163ele Motricit\u0103\u021bii Umane,Universitatea Na\u021bional\u0103 deEduca\u021bie fizic\u0103 \u0219i Sport &#8211; Bucure\u0219ti, ordin de ministru nr. 3869 din 19.05.2015 B C\u0103r\u0163i publicate &hellip;<\/p>\n<p class=\"read-more\"><a href=\"https:\/\/cadredidactice.ub.ro\/anghelmihaela\/contributii-stiintifice\/\">Continue reading<\/a><\/p>\n","protected":false},"author":55,"featured_media":0,"parent":0,"menu_order":0,"comment_status":"closed","ping_status":"closed","template":"","meta":{"footnotes":""},"class_list":["post-10","page","type-page","status-publish","hentry"],"_links":{"self":[{"href":"https:\/\/cadredidactice.ub.ro\/anghelmihaela\/wp-json\/wp\/v2\/pages\/10","targetHints":{"allow":["GET"]}}],"collection":[{"href":"https:\/\/cadredidactice.ub.ro\/anghelmihaela\/wp-json\/wp\/v2\/pages"}],"about":[{"href":"https:\/\/cadredidactice.ub.ro\/anghelmihaela\/wp-json\/wp\/v2\/types\/page"}],"author":[{"embeddable":true,"href":"https:\/\/cadredidactice.ub.ro\/anghelmihaela\/wp-json\/wp\/v2\/users\/55"}],"replies":[{"embeddable":true,"href":"https:\/\/cadredidactice.ub.ro\/anghelmihaela\/wp-json\/wp\/v2\/comments?post=10"}],"version-history":[{"count":0,"href":"https:\/\/cadredidactice.ub.ro\/anghelmihaela\/wp-json\/wp\/v2\/pages\/10\/revisions"}],"wp:attachment":[{"href":"https:\/\/cadredidactice.ub.ro\/anghelmihaela\/wp-json\/wp\/v2\/media?parent=10"}],"curies":[{"name":"wp","href":"https:\/\/api.w.org\/{rel}","templated":true}]}}