{"id":2,"date":"2011-03-10T20:08:42","date_gmt":"2011-03-10T18:08:42","guid":{"rendered":""},"modified":"2020-03-31T17:11:16","modified_gmt":"2020-03-31T15:11:16","slug":"about","status":"publish","type":"page","link":"https:\/\/cadredidactice.ub.ro\/andreeaferaru\/about\/","title":{"rendered":"Despre"},"content":{"rendered":"\n<div class=\"wp-block-file\"><a href=\"https:\/\/cadredidactice.ub.ro\/wp-content\/uploads\/sites\/175\/2020\/03\/Lista-lucrari-publicate-Feraru-Andreea.pdf\" class=\"wp-block-file__button\" download><\/a><\/div>\n\n\n\n<p>                 \u00cen\u00a0 activitatea de cadru didactic pe care o desf\u0103\u0219or \u00een Facultatea de \u0218tiin\u021be Economice, \u00eemi propun urmatoarele:<\/p>\n\n\n\n<p><br>&#8211; dezvoltarea competen\u021belor \u0219i a abilit\u0103\u0163ilor\u00a0\u00a0antreprenoriale,\u00a0\u00a0de comunicare, parteneriate, echipe, leadership,\u00a0\u00a0\u0219i\u00a0 de conducere \u00een r\u00e2ndul studen\u021bilor cu care lucrez;<\/p>\n\n\n\n<p>&#8211; aprofundarea teoriilor de afaceri prin \u00eenv\u0103\u0163area din exemplul unor speciali\u0219ti \u0219i practicieni profesioni\u015fti \u015fi de renume;<\/p>\n\n\n\n<p>-\u00eemp\u0103rt\u0103\u0219irea cuno\u0219tin\u021belor c\u0103tre studen\u021bi,\u00a0 de la studen\u021bi \u0219i \u00eempreun\u0103 cu ei, pentru a dezvolta\u00a0 experien\u0163e umane consistente. <\/p>\n","protected":false},"excerpt":{"rendered":"<p>\u00cen\u00a0 activitatea de cadru didactic pe care o desf\u0103\u0219or \u00een Facultatea de \u0218tiin\u021be Economice, \u00eemi propun urmatoarele: &#8211; dezvoltarea competen\u021belor \u0219i a abilit\u0103\u0163ilor\u00a0\u00a0antreprenoriale,\u00a0\u00a0de comunicare, parteneriate, echipe, leadership,\u00a0\u00a0\u0219i\u00a0 de conducere \u00een r\u00e2ndul studen\u021bilor cu care lucrez; &#8211; aprofundarea teoriilor de afaceri &hellip;<\/p>\n<p class=\"read-more\"><a href=\"https:\/\/cadredidactice.ub.ro\/andreeaferaru\/about\/\">Continue reading<\/a><\/p>\n","protected":false},"author":163,"featured_media":0,"parent":0,"menu_order":0,"comment_status":"closed","ping_status":"closed","template":"","meta":{"footnotes":""},"class_list":["post-2","page","type-page","status-publish","hentry"],"_links":{"self":[{"href":"https:\/\/cadredidactice.ub.ro\/andreeaferaru\/wp-json\/wp\/v2\/pages\/2","targetHints":{"allow":["GET"]}}],"collection":[{"href":"https:\/\/cadredidactice.ub.ro\/andreeaferaru\/wp-json\/wp\/v2\/pages"}],"about":[{"href":"https:\/\/cadredidactice.ub.ro\/andreeaferaru\/wp-json\/wp\/v2\/types\/page"}],"author":[{"embeddable":true,"href":"https:\/\/cadredidactice.ub.ro\/andreeaferaru\/wp-json\/wp\/v2\/users\/163"}],"replies":[{"embeddable":true,"href":"https:\/\/cadredidactice.ub.ro\/andreeaferaru\/wp-json\/wp\/v2\/comments?post=2"}],"version-history":[{"count":4,"href":"https:\/\/cadredidactice.ub.ro\/andreeaferaru\/wp-json\/wp\/v2\/pages\/2\/revisions"}],"predecessor-version":[{"id":67,"href":"https:\/\/cadredidactice.ub.ro\/andreeaferaru\/wp-json\/wp\/v2\/pages\/2\/revisions\/67"}],"wp:attachment":[{"href":"https:\/\/cadredidactice.ub.ro\/andreeaferaru\/wp-json\/wp\/v2\/media?parent=2"}],"curies":[{"name":"wp","href":"https:\/\/api.w.org\/{rel}","templated":true}]}}