{"id":10,"date":"2011-03-13T23:55:40","date_gmt":"2011-03-13T21:55:40","guid":{"rendered":"http:\/\/cadredidactice.ub.ro\/andreeaferaru\/?page_id=10"},"modified":"2020-03-30T22:47:40","modified_gmt":"2020-03-30T20:47:40","slug":"teme-lucrari-licenta","status":"publish","type":"page","link":"https:\/\/cadredidactice.ub.ro\/andreeaferaru\/teme-lucrari-licenta\/","title":{"rendered":"teme lucrari licenta"},"content":{"rendered":"\n<p><strong>TEMATICA PROPUS\u0102 PENTRU EXAMENUL DE LICEN\u0162\u0102 la programul de studii Administrarea Afacerilor IF &#8211; SESIUNEA IULIE 2020<\/strong><\/p>\n\n\n\n<p>1. Analiza activitatii intreprinderii S.C &#8230; .                                                                                               2.  Influenta elementelor de micromediu \u015fi macromediu asupra activitatii  firmei. Studiu de caz la S.C &#8230; .                                                                                                                                                     3. Evaluarea functiunii\/activitatii  comerciale\/ de marketing\/ de personal la S.C .. ..                                                                                                                                4. Metode si tehnici de management  utilizate in cadrul S.C &#8230;. . .                                                       5. Profilul angajatului performant \u00een v\u00e2nz\u0103ri                                                                                         6. Afaceri de familie. Studiu de caz: &#8230; ..                                                                                                    7. Analiza practici etice \/neetice utilizate in cadrul S.C &#8230; .                                                                   8. Analiza  dimensiunii etice\/ neetice a practicilor comerciale ale unui  supermarket. Studiu de caz la S.C &#8230;.                                                                                                                                                     9. Metode moderne de instruire a  managerilor din firmele romanesti                                          10. Aspecte privind managementul resurselor umane la S.C &#8230;..                                                      11. Motivarea angaja\u021bilor  din v\u00e2nz\u0103ri                                                                                                    12. Studiu privind conflictele de  munca la S.C &#8230; .                                                                               13. Criteriile de selectie specifice unui  interviu pentru angajarea Intr-o companie                                                                                                                       14. Analiza privind diferen\u021bele culturale manageriale                                                                     15.  Managementul dezvolt\u0103rii unei afaceri (studiu de caz: firma &#8230;.)                                             16. Proiectarea unui plan pentru  ini\u0163ierea unei noi afaceri                                                              17. Capitalul intelectual al organiza\u021biilor                                                                                               18. Inteligen\u021ba emo\u021bional\u0103 \u00een organiza\u021bii                                                                                                19. Inteligen\u021ba spiritual\u0103 \u00een organiza\u021bii                                                                                                   20.  Studiu privind ciclul de via\u0163\u0103 a \u00eentreprinderior din judetul Bacau:              ( \u00eenfiin\u0163area \u00eentreprinderilor, etape \u00een evolu\u0163ia \u00eentreprinderii  \u015fi particularit\u0103\u0163ile acestora, criza \u00eentreprinderii, dizolvarea \u015fi  lichidarea) <\/p>\n\n\n\n<p><strong>TEMATICA PROPUS\u0102 PENTRU EXAMENUL DE DISERTA\u021aIE la programul de studii Managementul \u0219i Administrarea Afacerilor Mici \u0219i Mijlocii IF &#8211; SESIUNEA IULIE 2020<\/strong><\/p>\n\n\n\n<ol class=\"wp-block-list\"><li> Metode moderne de instruire a managerilor din firmele rom\u00e2ne\u0219ti<\/li><li> Analiza privind diferen\u021bele culturale manageriale \u0219i de leadership.<\/li><li> Capitalul intelectual al organiza\u021biilor  <\/li><li> Inteligen\u021ba emo\u021bional\u0103 \u00een organiza\u021bii <\/li><li> Inteligen\u021ba spiritual\u0103 \u00een organiza\u021bii <\/li><li>  Rolul liderilor \u00een schimbarea atitudinilor angaja\u021bilor<\/li><li>Stiluri Leadership \u0219i stiluri de management specifice managerilor rom\u00e2ni<\/li><li>Studiu privind rela\u021bia inteligen\u021ba emo\u021bional\u0103 \u0219i stilul de leadership.<\/li><li>Dezvoltarea unei strategii de leadership- un element critic pentru succesul organiza\u021bional                                                <\/li><\/ol>\n","protected":false},"excerpt":{"rendered":"<p>TEMATICA PROPUS\u0102 PENTRU EXAMENUL DE LICEN\u0162\u0102 la programul de studii Administrarea Afacerilor IF &#8211; SESIUNEA IULIE 2020 1. Analiza activitatii intreprinderii S.C &#8230; . 2. Influenta elementelor de micromediu \u015fi macromediu asupra activitatii firmei. Studiu de caz la S.C &#8230; &hellip;<\/p>\n<p class=\"read-more\"><a href=\"https:\/\/cadredidactice.ub.ro\/andreeaferaru\/teme-lucrari-licenta\/\">Continue reading<\/a><\/p>\n","protected":false},"author":163,"featured_media":0,"parent":0,"menu_order":0,"comment_status":"closed","ping_status":"closed","template":"","meta":{"footnotes":""},"class_list":["post-10","page","type-page","status-publish","hentry"],"_links":{"self":[{"href":"https:\/\/cadredidactice.ub.ro\/andreeaferaru\/wp-json\/wp\/v2\/pages\/10","targetHints":{"allow":["GET"]}}],"collection":[{"href":"https:\/\/cadredidactice.ub.ro\/andreeaferaru\/wp-json\/wp\/v2\/pages"}],"about":[{"href":"https:\/\/cadredidactice.ub.ro\/andreeaferaru\/wp-json\/wp\/v2\/types\/page"}],"author":[{"embeddable":true,"href":"https:\/\/cadredidactice.ub.ro\/andreeaferaru\/wp-json\/wp\/v2\/users\/163"}],"replies":[{"embeddable":true,"href":"https:\/\/cadredidactice.ub.ro\/andreeaferaru\/wp-json\/wp\/v2\/comments?post=10"}],"version-history":[{"count":5,"href":"https:\/\/cadredidactice.ub.ro\/andreeaferaru\/wp-json\/wp\/v2\/pages\/10\/revisions"}],"predecessor-version":[{"id":64,"href":"https:\/\/cadredidactice.ub.ro\/andreeaferaru\/wp-json\/wp\/v2\/pages\/10\/revisions\/64"}],"wp:attachment":[{"href":"https:\/\/cadredidactice.ub.ro\/andreeaferaru\/wp-json\/wp\/v2\/media?parent=10"}],"curies":[{"name":"wp","href":"https:\/\/api.w.org\/{rel}","templated":true}]}}