{"id":32,"date":"2011-05-04T17:14:18","date_gmt":"2011-05-04T15:14:18","guid":{"rendered":"http:\/\/cadredidactice.ub.ro\/alexedan\/?page_id=32"},"modified":"2015-10-24T17:40:51","modified_gmt":"2015-10-24T15:40:51","slug":"contact","status":"publish","type":"page","link":"https:\/\/cadredidactice.ub.ro\/alexedan\/contact\/","title":{"rendered":"Contact"},"content":{"rendered":"<p>Dac\u0103 ai accesat \u0219i aceast\u0103 &#8222;fereastr\u0103&#8221; web, \u00eenseamn\u0103 c\u0103 dore\u015fti s\u0103 afli mai multe!<\/p>\n<p><a href=\"https:\/\/cadredidactice.ub.ro\/wp-content\/uploads\/sites\/41\/2011\/05\/contact.jpg\"><img loading=\"lazy\" decoding=\"async\" class=\"alignnone size-medium wp-image-229\" src=\"https:\/\/cadredidactice.ub.ro\/wp-content\/uploads\/sites\/41\/2011\/05\/contact-300x200.jpg\" alt=\"contact\" width=\"300\" height=\"200\" srcset=\"https:\/\/cadredidactice.ub.ro\/alexedan\/files\/2011\/05\/contact-300x200.jpg 300w, https:\/\/cadredidactice.ub.ro\/alexedan\/files\/2011\/05\/contact.jpg 450w\" sizes=\"auto, (max-width: 300px) 100vw, 300px\" \/><\/a><\/p>\n<p>F\u0103r\u0103 ezitare, scrie-mi pe:<\/p>\n<p><strong>alexedaniulian@yahoo.com<\/strong><\/p>\n<p><strong>alexedaniulian@ub.ro<\/strong><\/p>\n","protected":false},"excerpt":{"rendered":"<p>Dac\u0103 ai accesat \u0219i aceast\u0103 &#8222;fereastr\u0103&#8221; web, \u00eenseamn\u0103 c\u0103 dore\u015fti s\u0103 afli mai multe! F\u0103r\u0103 ezitare, scrie-mi pe: alexedaniulian@yahoo.com alexedaniulian@ub.ro<\/p>\n","protected":false},"author":34,"featured_media":0,"parent":0,"menu_order":5,"comment_status":"closed","ping_status":"closed","template":"","meta":{"footnotes":""},"class_list":["post-32","page","type-page","status-publish","hentry"],"_links":{"self":[{"href":"https:\/\/cadredidactice.ub.ro\/alexedan\/wp-json\/wp\/v2\/pages\/32","targetHints":{"allow":["GET"]}}],"collection":[{"href":"https:\/\/cadredidactice.ub.ro\/alexedan\/wp-json\/wp\/v2\/pages"}],"about":[{"href":"https:\/\/cadredidactice.ub.ro\/alexedan\/wp-json\/wp\/v2\/types\/page"}],"author":[{"embeddable":true,"href":"https:\/\/cadredidactice.ub.ro\/alexedan\/wp-json\/wp\/v2\/users\/34"}],"replies":[{"embeddable":true,"href":"https:\/\/cadredidactice.ub.ro\/alexedan\/wp-json\/wp\/v2\/comments?post=32"}],"version-history":[{"count":0,"href":"https:\/\/cadredidactice.ub.ro\/alexedan\/wp-json\/wp\/v2\/pages\/32\/revisions"}],"wp:attachment":[{"href":"https:\/\/cadredidactice.ub.ro\/alexedan\/wp-json\/wp\/v2\/media?parent=32"}],"curies":[{"name":"wp","href":"https:\/\/api.w.org\/{rel}","templated":true}]}}