{"id":28,"date":"2011-05-04T17:04:14","date_gmt":"2011-05-04T15:04:14","guid":{"rendered":"http:\/\/cadredidactice.ub.ro\/alexedan\/?page_id=28"},"modified":"2015-10-24T17:02:12","modified_gmt":"2015-10-24T15:02:12","slug":"cursuri-si-carti-publicate","status":"publish","type":"page","link":"https:\/\/cadredidactice.ub.ro\/alexedan\/cursuri-si-carti-publicate\/","title":{"rendered":"Cursuri \u015fi C\u0103r\u0163i publicate"},"content":{"rendered":"<h2>c\u0103r\u0163i publicate<\/h2>\n<p>&nbsp;<\/p>\n<h2><a href=\"https:\/\/cadredidactice.ub.ro\/wp-content\/uploads\/sites\/41\/2011\/05\/alexe-1.jpg\"><img loading=\"lazy\" decoding=\"async\" class=\"alignnone size-medium wp-image-201\" src=\"https:\/\/cadredidactice.ub.ro\/wp-content\/uploads\/sites\/41\/2011\/05\/alexe-1-218x300.jpg\" alt=\"alexe 1\" width=\"218\" height=\"300\" srcset=\"https:\/\/cadredidactice.ub.ro\/alexedan\/files\/2011\/05\/alexe-1-218x300.jpg 218w, https:\/\/cadredidactice.ub.ro\/alexedan\/files\/2011\/05\/alexe-1-745x1024.jpg 745w, https:\/\/cadredidactice.ub.ro\/alexedan\/files\/2011\/05\/alexe-1.jpg 1985w\" sizes=\"auto, (max-width: 218px) 100vw, 218px\" \/><\/a> <a href=\"https:\/\/cadredidactice.ub.ro\/wp-content\/uploads\/sites\/41\/2011\/05\/alexe-2.jpg\"><img loading=\"lazy\" decoding=\"async\" class=\"alignnone size-medium wp-image-202\" src=\"https:\/\/cadredidactice.ub.ro\/wp-content\/uploads\/sites\/41\/2011\/05\/alexe-2-215x300.jpg\" alt=\"alexe 2\" width=\"215\" height=\"300\" srcset=\"https:\/\/cadredidactice.ub.ro\/alexedan\/files\/2011\/05\/alexe-2-215x300.jpg 215w, https:\/\/cadredidactice.ub.ro\/alexedan\/files\/2011\/05\/alexe-2-733x1024.jpg 733w, https:\/\/cadredidactice.ub.ro\/alexedan\/files\/2011\/05\/alexe-2.jpg 1977w\" sizes=\"auto, (max-width: 215px) 100vw, 215px\" \/><\/a>\u00a0<a href=\"https:\/\/cadredidactice.ub.ro\/wp-content\/uploads\/sites\/41\/2011\/05\/alexe-4.jpg\"><img loading=\"lazy\" decoding=\"async\" class=\"alignnone size-medium wp-image-207\" src=\"https:\/\/cadredidactice.ub.ro\/wp-content\/uploads\/sites\/41\/2011\/05\/alexe-8-203x300.jpg\" alt=\"alexe 8\" width=\"203\" height=\"300\" srcset=\"https:\/\/cadredidactice.ub.ro\/alexedan\/files\/2011\/05\/alexe-8-203x300.jpg 203w, https:\/\/cadredidactice.ub.ro\/alexedan\/files\/2011\/05\/alexe-8-692x1024.jpg 692w\" sizes=\"auto, (max-width: 203px) 100vw, 203px\" \/>\u00a0<img loading=\"lazy\" decoding=\"async\" class=\"alignnone size-medium wp-image-209\" src=\"https:\/\/cadredidactice.ub.ro\/wp-content\/uploads\/sites\/41\/2011\/05\/alexe-10-220x300.jpg\" alt=\"alexe 10\" width=\"220\" height=\"300\" srcset=\"https:\/\/cadredidactice.ub.ro\/alexedan\/files\/2011\/05\/alexe-10-220x300.jpg 220w, https:\/\/cadredidactice.ub.ro\/alexedan\/files\/2011\/05\/alexe-10-752x1024.jpg 752w\" sizes=\"auto, (max-width: 220px) 100vw, 220px\" \/>\u00a0<img loading=\"lazy\" decoding=\"async\" class=\"alignnone size-medium wp-image-204\" src=\"https:\/\/cadredidactice.ub.ro\/wp-content\/uploads\/sites\/41\/2011\/05\/alexe-4-215x300.jpg\" alt=\"alexe 4\" width=\"215\" height=\"300\" srcset=\"https:\/\/cadredidactice.ub.ro\/alexedan\/files\/2011\/05\/alexe-4-215x300.jpg 215w, https:\/\/cadredidactice.ub.ro\/alexedan\/files\/2011\/05\/alexe-4-733x1024.jpg 733w, https:\/\/cadredidactice.ub.ro\/alexedan\/files\/2011\/05\/alexe-4.jpg 1979w\" sizes=\"auto, (max-width: 215px) 100vw, 215px\" \/><\/a>\u00a0<a href=\"https:\/\/cadredidactice.ub.ro\/wp-content\/uploads\/sites\/41\/2011\/05\/alexe-5.jpg\"><img loading=\"lazy\" decoding=\"async\" class=\"alignnone size-medium wp-image-205\" src=\"https:\/\/cadredidactice.ub.ro\/wp-content\/uploads\/sites\/41\/2011\/05\/alexe-5-208x300.jpg\" alt=\"alexe 5\" width=\"208\" height=\"300\" srcset=\"https:\/\/cadredidactice.ub.ro\/alexedan\/files\/2011\/05\/alexe-5-208x300.jpg 208w, https:\/\/cadredidactice.ub.ro\/alexedan\/files\/2011\/05\/alexe-5-710x1024.jpg 710w\" sizes=\"auto, (max-width: 208px) 100vw, 208px\" \/><\/a> <a href=\"https:\/\/cadredidactice.ub.ro\/wp-content\/uploads\/sites\/41\/2011\/05\/alexe-6.jpg\"><img loading=\"lazy\" decoding=\"async\" class=\"alignnone size-medium wp-image-206\" src=\"https:\/\/cadredidactice.ub.ro\/wp-content\/uploads\/sites\/41\/2011\/05\/alexe-6-210x300.jpg\" alt=\"alexe 6\" width=\"210\" height=\"300\" srcset=\"https:\/\/cadredidactice.ub.ro\/alexedan\/files\/2011\/05\/alexe-6-210x300.jpg 210w, https:\/\/cadredidactice.ub.ro\/alexedan\/files\/2011\/05\/alexe-6.jpg 629w\" sizes=\"auto, (max-width: 210px) 100vw, 210px\" \/><\/a> \u00a0<a href=\"https:\/\/cadredidactice.ub.ro\/wp-content\/uploads\/sites\/41\/2011\/05\/alexe-9.jpeg\"><img loading=\"lazy\" decoding=\"async\" class=\"alignnone size-medium wp-image-208\" src=\"https:\/\/cadredidactice.ub.ro\/wp-content\/uploads\/sites\/41\/2011\/05\/alexe-9-212x300.jpeg\" alt=\"alexe 9\" width=\"212\" height=\"300\" srcset=\"https:\/\/cadredidactice.ub.ro\/alexedan\/files\/2011\/05\/alexe-9-212x300.jpeg 212w, https:\/\/cadredidactice.ub.ro\/alexedan\/files\/2011\/05\/alexe-9-725x1024.jpeg 725w\" sizes=\"auto, (max-width: 212px) 100vw, 212px\" \/><\/a>\u00a0\u00a0<a href=\"https:\/\/cadredidactice.ub.ro\/wp-content\/uploads\/sites\/41\/2011\/05\/alexe-10.jpg\"><img loading=\"lazy\" decoding=\"async\" class=\"alignnone size-medium wp-image-203\" src=\"https:\/\/cadredidactice.ub.ro\/wp-content\/uploads\/sites\/41\/2011\/05\/alexe-3-200x300.jpg\" alt=\"alexe 3\" width=\"200\" height=\"300\" srcset=\"https:\/\/cadredidactice.ub.ro\/alexedan\/files\/2011\/05\/alexe-3-200x300.jpg 200w, https:\/\/cadredidactice.ub.ro\/alexedan\/files\/2011\/05\/alexe-3-681x1024.jpg 681w, https:\/\/cadredidactice.ub.ro\/alexedan\/files\/2011\/05\/alexe-3.jpg 930w\" sizes=\"auto, (max-width: 200px) 100vw, 200px\" \/><\/a>\u00a0\u00a0<a href=\"https:\/\/cadredidactice.ub.ro\/wp-content\/uploads\/sites\/41\/2011\/05\/Coperta-Atletismul-Bacauan-0-a.jpg\"><img loading=\"lazy\" decoding=\"async\" class=\"alignnone size-medium wp-image-210\" src=\"https:\/\/cadredidactice.ub.ro\/wp-content\/uploads\/sites\/41\/2011\/05\/Coperta-Atletismul-Bacauan-0-a-210x300.jpg\" alt=\"Coperta Atletismul Bacauan 0 a\" width=\"210\" height=\"300\" srcset=\"https:\/\/cadredidactice.ub.ro\/alexedan\/files\/2011\/05\/Coperta-Atletismul-Bacauan-0-a-210x300.jpg 210w, https:\/\/cadredidactice.ub.ro\/alexedan\/files\/2011\/05\/Coperta-Atletismul-Bacauan-0-a.jpg 665w\" sizes=\"auto, (max-width: 210px) 100vw, 210px\" \/><\/a><\/h2>\n<h2>cursuri<\/h2>\n<p><a href=\"https:\/\/cadredidactice.ub.ro\/wp-content\/uploads\/sites\/41\/2011\/05\/alexe-11.jpg\"><img loading=\"lazy\" decoding=\"async\" class=\"alignnone size-medium wp-image-211\" src=\"https:\/\/cadredidactice.ub.ro\/wp-content\/uploads\/sites\/41\/2011\/05\/alexe-11-220x300.jpg\" alt=\"alexe 1\" width=\"220\" height=\"300\" srcset=\"https:\/\/cadredidactice.ub.ro\/alexedan\/files\/2011\/05\/alexe-11-220x300.jpg 220w, https:\/\/cadredidactice.ub.ro\/alexedan\/files\/2011\/05\/alexe-11.jpg 468w\" sizes=\"auto, (max-width: 220px) 100vw, 220px\" \/><\/a>\u00a0<a href=\"https:\/\/cadredidactice.ub.ro\/wp-content\/uploads\/sites\/41\/2011\/05\/alexe-21.jpg\"><img loading=\"lazy\" decoding=\"async\" class=\"alignnone size-medium wp-image-212\" src=\"https:\/\/cadredidactice.ub.ro\/wp-content\/uploads\/sites\/41\/2011\/05\/alexe-21-223x300.jpg\" alt=\"alexe 2\" width=\"223\" height=\"300\" srcset=\"https:\/\/cadredidactice.ub.ro\/alexedan\/files\/2011\/05\/alexe-21-223x300.jpg 223w, https:\/\/cadredidactice.ub.ro\/alexedan\/files\/2011\/05\/alexe-21.jpg 560w\" sizes=\"auto, (max-width: 223px) 100vw, 223px\" \/><\/a> <a href=\"https:\/\/cadredidactice.ub.ro\/wp-content\/uploads\/sites\/41\/2011\/05\/alexe-31.jpg\"><img loading=\"lazy\" decoding=\"async\" class=\"alignnone size-medium wp-image-213\" src=\"https:\/\/cadredidactice.ub.ro\/wp-content\/uploads\/sites\/41\/2011\/05\/alexe-31-223x300.jpg\" alt=\"alexe 3\" width=\"223\" height=\"300\" srcset=\"https:\/\/cadredidactice.ub.ro\/alexedan\/files\/2011\/05\/alexe-31-223x300.jpg 223w, https:\/\/cadredidactice.ub.ro\/alexedan\/files\/2011\/05\/alexe-31.jpg 560w\" sizes=\"auto, (max-width: 223px) 100vw, 223px\" \/><\/a><\/p>\n","protected":false},"excerpt":{"rendered":"<p>c\u0103r\u0163i publicate &nbsp; \u00a0\u00a0\u00a0\u00a0 \u00a0\u00a0\u00a0\u00a0\u00a0 cursuri \u00a0<\/p>\n","protected":false},"author":34,"featured_media":0,"parent":0,"menu_order":5,"comment_status":"closed","ping_status":"closed","template":"","meta":{"footnotes":""},"class_list":["post-28","page","type-page","status-publish","hentry"],"_links":{"self":[{"href":"https:\/\/cadredidactice.ub.ro\/alexedan\/wp-json\/wp\/v2\/pages\/28","targetHints":{"allow":["GET"]}}],"collection":[{"href":"https:\/\/cadredidactice.ub.ro\/alexedan\/wp-json\/wp\/v2\/pages"}],"about":[{"href":"https:\/\/cadredidactice.ub.ro\/alexedan\/wp-json\/wp\/v2\/types\/page"}],"author":[{"embeddable":true,"href":"https:\/\/cadredidactice.ub.ro\/alexedan\/wp-json\/wp\/v2\/users\/34"}],"replies":[{"embeddable":true,"href":"https:\/\/cadredidactice.ub.ro\/alexedan\/wp-json\/wp\/v2\/comments?post=28"}],"version-history":[{"count":0,"href":"https:\/\/cadredidactice.ub.ro\/alexedan\/wp-json\/wp\/v2\/pages\/28\/revisions"}],"wp:attachment":[{"href":"https:\/\/cadredidactice.ub.ro\/alexedan\/wp-json\/wp\/v2\/media?parent=28"}],"curies":[{"name":"wp","href":"https:\/\/api.w.org\/{rel}","templated":true}]}}